{"id":251416,"date":"2026-03-25T16:55:46","date_gmt":"2026-03-25T15:55:46","guid":{"rendered":"https:\/\/gyemantekszer.com\/?post_type=product&#038;p=251416"},"modified":"2026-03-25T17:10:44","modified_gmt":"2026-03-25T16:10:44","slug":"royal-shira-gyemant-nyakek","status":"publish","type":"product","link":"https:\/\/gyemantekszer.com\/en\/product\/royal-shira-gyemant-nyakek\/","title":{"rendered":"ROYAl &#8211; Shira gy\u00e9m\u00e0nt nyak\u00e9k"},"content":{"rendered":"","protected":false},"excerpt":{"rendered":"<p>Egy kifinomult eleganci\u00e1t sug\u00e1rz\u00f3 feh\u00e9r arany nyak\u00e9k, melynek k\u00f6z\u00e9ppontj\u00e1ban egy ragyog\u00f3 gy\u00e9m\u00e1nt \u00e1ll, k\u00f6r\u00fcl\u00f6tte anyolc kisebb k\u0151 finom f\u00e9ny j\u00e1t\u00e9ka emeli ki sz\u00e9ps\u00e9g\u00e9t.<\/p>\n","protected":false},"featured_media":241469,"comment_status":"open","ping_status":"closed","template":"","meta":{"_acf_changed":false},"product_brand":[],"product_cat":[1923],"product_tag":[1305,1310,133],"class_list":{"0":"post-251416","1":"product","2":"type-product","3":"status-publish","4":"has-post-thumbnail","6":"product_cat-nyakek","7":"product_tag-feher-arany","8":"product_tag-feher-gyemant","9":"product_tag-noi","10":"pa_kollekcio-exkluziv-ekszerek","11":"pa_marka-royal-diamonds-by-alexandra-ronai","12":"pa_meret-430-cm-hosszu","13":"pa_otvozet-finomsaga-143","14":"pa_suly-20-gr","15":"pa_zarak-karabiner-zar","17":"first","18":"instock","19":"sale","20":"taxable","21":"shipping-taxable","22":"purchasable","23":"product-type-simple"},"acf":[],"_links":{"self":[{"href":"https:\/\/gyemantekszer.com\/en\/wp-json\/wp\/v2\/product\/251416","targetHints":{"allow":["GET"]}}],"collection":[{"href":"https:\/\/gyemantekszer.com\/en\/wp-json\/wp\/v2\/product"}],"about":[{"href":"https:\/\/gyemantekszer.com\/en\/wp-json\/wp\/v2\/types\/product"}],"replies":[{"embeddable":true,"href":"https:\/\/gyemantekszer.com\/en\/wp-json\/wp\/v2\/comments?post=251416"}],"wp:featuredmedia":[{"embeddable":true,"href":"https:\/\/gyemantekszer.com\/en\/wp-json\/wp\/v2\/media\/241469"}],"wp:attachment":[{"href":"https:\/\/gyemantekszer.com\/en\/wp-json\/wp\/v2\/media?parent=251416"}],"wp:term":[{"taxonomy":"product_brand","embeddable":true,"href":"https:\/\/gyemantekszer.com\/en\/wp-json\/wp\/v2\/product_brand?post=251416"},{"taxonomy":"product_cat","embeddable":true,"href":"https:\/\/gyemantekszer.com\/en\/wp-json\/wp\/v2\/product_cat?post=251416"},{"taxonomy":"product_tag","embeddable":true,"href":"https:\/\/gyemantekszer.com\/en\/wp-json\/wp\/v2\/product_tag?post=251416"}],"curies":[{"name":"wp","href":"https:\/\/api.w.org\/{rel}","templated":true}]}}