{"id":251415,"date":"2026-03-25T16:18:16","date_gmt":"2026-03-25T15:18:16","guid":{"rendered":"https:\/\/gyemantekszer.com\/?post_type=product&#038;p=251415"},"modified":"2026-03-25T16:43:19","modified_gmt":"2026-03-25T15:43:19","slug":"royal-shira-gyemant-gyuru","status":"publish","type":"product","link":"https:\/\/gyemantekszer.com\/en\/termek\/royal-shira-gyemant-gyuru\/","title":{"rendered":"ROYAL &#8211; Shira gy\u00e9m\u00e0nt gy\u0171r\u0171"},"content":{"rendered":"","protected":false},"excerpt":{"rendered":"<p><span data-sheets-value=\"{&quot;1&quot;:2,&quot;2&quot;:&quot;Ak\u00e1r eljegyz\u00e9si gy\u0171r\u0171 is lehet ez a feh\u00e9raranyb\u00f3l elk\u00e9sz\u00edtett, divatos, csillog\u00f3 feh\u00e9r gy\u00e9m\u00e1ntokkal kirakott \u00e9kszer.&quot;}\" data-sheets-userformat=\"{&quot;2&quot;:14851,&quot;3&quot;:{&quot;1&quot;:0},&quot;4&quot;:{&quot;1&quot;:2,&quot;2&quot;:16777215},&quot;12&quot;:0,&quot;14&quot;:{&quot;1&quot;:2,&quot;2&quot;:0},&quot;15&quot;:&quot;Calibri&quot;,&quot;16&quot;:11}\">Ak\u00e1r eljegyz\u00e9si gy\u0171r\u0171 is lehet ez a feh\u00e9raranyb\u00f3l elk\u00e9sz\u00edtett, divatos, csillog\u00f3 feh\u00e9r gy\u00e9m\u00e1ntokkal kirakott \u00e9kszer.<\/span><\/p>\n","protected":false},"featured_media":241490,"comment_status":"open","ping_status":"closed","template":"","meta":{"_acf_changed":false},"product_brand":[],"product_cat":[1917],"product_tag":[135,1305,1310,140,133],"class_list":{"0":"post-251415","1":"product","2":"type-product","3":"status-publish","4":"has-post-thumbnail","6":"product_cat-gyuru","7":"product_tag-eljegyzes","8":"product_tag-feher-arany","9":"product_tag-feher-gyemant","10":"product_tag-meretezheto","11":"product_tag-noi","12":"pa_kollekcio-exkluziv-ekszerek","13":"pa_marka-royal-diamonds-by-alexandra-ronai","14":"pa_meret-187","15":"pa_otvozet-finomsaga-143","16":"pa_suly-23-gr","18":"first","19":"instock","20":"sale","21":"taxable","22":"shipping-taxable","23":"purchasable","24":"product-type-simple"},"acf":[],"_links":{"self":[{"href":"https:\/\/gyemantekszer.com\/en\/wp-json\/wp\/v2\/product\/251415","targetHints":{"allow":["GET"]}}],"collection":[{"href":"https:\/\/gyemantekszer.com\/en\/wp-json\/wp\/v2\/product"}],"about":[{"href":"https:\/\/gyemantekszer.com\/en\/wp-json\/wp\/v2\/types\/product"}],"replies":[{"embeddable":true,"href":"https:\/\/gyemantekszer.com\/en\/wp-json\/wp\/v2\/comments?post=251415"}],"wp:featuredmedia":[{"embeddable":true,"href":"https:\/\/gyemantekszer.com\/en\/wp-json\/wp\/v2\/media\/241490"}],"wp:attachment":[{"href":"https:\/\/gyemantekszer.com\/en\/wp-json\/wp\/v2\/media?parent=251415"}],"wp:term":[{"taxonomy":"product_brand","embeddable":true,"href":"https:\/\/gyemantekszer.com\/en\/wp-json\/wp\/v2\/product_brand?post=251415"},{"taxonomy":"product_cat","embeddable":true,"href":"https:\/\/gyemantekszer.com\/en\/wp-json\/wp\/v2\/product_cat?post=251415"},{"taxonomy":"product_tag","embeddable":true,"href":"https:\/\/gyemantekszer.com\/en\/wp-json\/wp\/v2\/product_tag?post=251415"}],"curies":[{"name":"wp","href":"https:\/\/api.w.org\/{rel}","templated":true}]}}