{"id":251318,"date":"2026-02-24T13:41:37","date_gmt":"2026-02-24T12:41:37","guid":{"rendered":"https:\/\/gyemantekszer.com\/?post_type=product&#038;p=251318"},"modified":"2026-02-24T14:01:19","modified_gmt":"2026-02-24T13:01:19","slug":"lelune-glamour-bamboo-gyongyos-karkoto","status":"publish","type":"product","link":"https:\/\/gyemantekszer.com\/en\/product\/lelune-glamour-bamboo-gyongyos-karkoto\/","title":{"rendered":"Lelune Glamour &#8211; BAMBOO gy\u00f6ngy\u00f6s kark\u00f6t\u0151"},"content":{"rendered":"","protected":false},"excerpt":{"rendered":"<p>\u00daj kollekci\u00f3nk a BAMBOO ENAMEL, mely bambusz mint\u00e1j\u00fa roz\u00e9 aranyozott \u00e9s zom\u00e1ncozott r\u00e9szekkel d\u00edsz\u00edti a kark\u00f6t\u0151t, a t\u00f6bb soros teny\u00e9sztett gy\u00f6ngy\u00f6kh\u00f6z. Mes\u00e9s alkalmi \u00e9kszer, kit\u0171n\u0151 aj\u00e1nd\u00e9k.<\/p>\n<p>Olaszorsz\u00e1gb\u00f3l \u00e9rkeztek ezek a nemes anyagokb\u00f3l gondosan megtervezett gy\u00f6ngy\u00f6s, dr\u00e1gak\u00f6ves \u00e9s aranyozott ez\u00fcst alkatr\u00e9szekkel kieg\u00e9sz\u00edtett<em>\u00a0LE LUNE Glamour<\/em>\u00a0\u00e9kszerek. Divatos sz\u00ednvil\u00e1g\u00e1val \u00e9s nemes anyagv\u00e1laszt\u00e1s\u00e1val feldobja sz\u00fcrke h\u00e9tk\u00f6znapjainkat.<\/p>\n<p>Aj\u00e1nljuk figyelm\u00e9be a\u00a0<em>LE LUNE Glamour<\/em> k\u00fcl\u00f6nb\u00f6z\u0151 hossz\u00fas\u00e1g\u00fa gy\u00f6ngysorait, nyak\u00e9keit, melyeket vari\u00e1lhat egy\u00e9ni \u00edzl\u00e9s\u00e9nek megfelel\u0151en. Plusz k\u00fcl\u00f6nleges alkalmakra tal\u00e1l hozz\u00e1 f\u00fclbeval\u00f3t is.<\/p>\n","protected":false},"featured_media":251316,"comment_status":"open","ping_status":"closed","template":"","meta":{"_acf_changed":false},"product_brand":[],"product_cat":[1921],"product_tag":[1384,1390,1379],"class_list":{"0":"post-251318","1":"product","2":"type-product","3":"status-publish","4":"has-post-thumbnail","6":"product_cat-karkoto","7":"product_tag-for-ladies","8":"product_tag-jewel-setts","9":"product_tag-with-pearls","10":"pa_kollekcio-divat-ekszerek-kiegeszitok","11":"pa_marka-le-lune-glamour","12":"pa_meret-flexibilis","13":"pa_otvozet-finomsaga-925-silver","15":"first","16":"instock","17":"sold-individually","18":"taxable","19":"shipping-taxable","20":"purchasable","21":"product-type-simple"},"acf":[],"_links":{"self":[{"href":"https:\/\/gyemantekszer.com\/en\/wp-json\/wp\/v2\/product\/251318","targetHints":{"allow":["GET"]}}],"collection":[{"href":"https:\/\/gyemantekszer.com\/en\/wp-json\/wp\/v2\/product"}],"about":[{"href":"https:\/\/gyemantekszer.com\/en\/wp-json\/wp\/v2\/types\/product"}],"replies":[{"embeddable":true,"href":"https:\/\/gyemantekszer.com\/en\/wp-json\/wp\/v2\/comments?post=251318"}],"wp:featuredmedia":[{"embeddable":true,"href":"https:\/\/gyemantekszer.com\/en\/wp-json\/wp\/v2\/media\/251316"}],"wp:attachment":[{"href":"https:\/\/gyemantekszer.com\/en\/wp-json\/wp\/v2\/media?parent=251318"}],"wp:term":[{"taxonomy":"product_brand","embeddable":true,"href":"https:\/\/gyemantekszer.com\/en\/wp-json\/wp\/v2\/product_brand?post=251318"},{"taxonomy":"product_cat","embeddable":true,"href":"https:\/\/gyemantekszer.com\/en\/wp-json\/wp\/v2\/product_cat?post=251318"},{"taxonomy":"product_tag","embeddable":true,"href":"https:\/\/gyemantekszer.com\/en\/wp-json\/wp\/v2\/product_tag?post=251318"}],"curies":[{"name":"wp","href":"https:\/\/api.w.org\/{rel}","templated":true}]}}