{"id":251278,"date":"2026-02-19T15:37:44","date_gmt":"2026-02-19T14:37:44","guid":{"rendered":"https:\/\/gyemantekszer.com\/?post_type=product&#038;p=251278"},"modified":"2026-02-20T11:57:30","modified_gmt":"2026-02-20T10:57:30","slug":"h2on-valorus-black-ferfi-karkoto","status":"publish","type":"product","link":"https:\/\/gyemantekszer.com\/en\/product\/h2on-valorus-black-ferfi-karkoto\/","title":{"rendered":"H2ON \u2013  Valorus Black f\u00e9rfi kark\u00f6t\u0151"},"content":{"rendered":"","protected":false},"excerpt":{"rendered":"<p>\u00daj, Olaszorsz\u00e1gb\u00f3l \u00e9rkezett m\u00e1rk\u00e1nk a H2on-GIOIELLI, amely nikkelmentes, nemesac\u00e9lb\u00f3l k\u00e9sz\u00fclt f\u00e9rfi \u00e9kszereket k\u00e9sz\u00edt. Egyedi tervez\u00e9s\u0171 darabjai a modern, sportos st\u00edlusjegyeket \u00f6tv\u00f6zik a klasszikus eleganci\u00e1val.<\/p>\n<p>Ez a f\u00e9rfi kark\u00f6t\u0151 egy dupla sz\u00e1llal fut\u00f3, strapab\u00edr\u00f3, fekete nemesac\u00e9l sodrony textur\u00e1val k\u00e9sz\u00fclt, 18 kar\u00e1tos roz\u00e9 arany d\u00edsz\u00edt\u00e9ssel kieg\u00e9sz\u00edtve.<\/p>\n<p>A kark\u00f6t\u0151 z\u00e1r r\u00e9sze speci\u00e1lis szemekb\u0151l \u00e1ll \u00f6ssze, amely egy 1 cm-es kivehet\u0151 elemet tartalmaz . T\u00f6k\u00e9letes aj\u00e1nd\u00e9k f\u00e9rfiaknak,vagy min\u0151s\u00e9gi kieg\u00e9szit\u0151 lehet saj\u00e1t r\u00e9szre.<\/p>\n","protected":false},"featured_media":251211,"comment_status":"open","ping_status":"closed","template":"","meta":{"_acf_changed":false},"product_brand":[],"product_cat":[1921],"product_tag":[134,1995,1994],"class_list":{"0":"post-251278","1":"product","2":"type-product","3":"status-publish","4":"has-post-thumbnail","6":"product_cat-karkoto","7":"product_tag-ferfi","8":"product_tag-nemesacel","9":"product_tag-nikkelmentes","10":"pa_kollekcio-divat-ekszerek-kiegeszitok","11":"pa_marka-h2on","12":"pa_meret-65-75-cm-atmero-6-cm-magas","14":"first","15":"instock","16":"taxable","17":"shipping-taxable","18":"purchasable","19":"product-type-simple"},"acf":[],"_links":{"self":[{"href":"https:\/\/gyemantekszer.com\/en\/wp-json\/wp\/v2\/product\/251278","targetHints":{"allow":["GET"]}}],"collection":[{"href":"https:\/\/gyemantekszer.com\/en\/wp-json\/wp\/v2\/product"}],"about":[{"href":"https:\/\/gyemantekszer.com\/en\/wp-json\/wp\/v2\/types\/product"}],"replies":[{"embeddable":true,"href":"https:\/\/gyemantekszer.com\/en\/wp-json\/wp\/v2\/comments?post=251278"}],"wp:featuredmedia":[{"embeddable":true,"href":"https:\/\/gyemantekszer.com\/en\/wp-json\/wp\/v2\/media\/251211"}],"wp:attachment":[{"href":"https:\/\/gyemantekszer.com\/en\/wp-json\/wp\/v2\/media?parent=251278"}],"wp:term":[{"taxonomy":"product_brand","embeddable":true,"href":"https:\/\/gyemantekszer.com\/en\/wp-json\/wp\/v2\/product_brand?post=251278"},{"taxonomy":"product_cat","embeddable":true,"href":"https:\/\/gyemantekszer.com\/en\/wp-json\/wp\/v2\/product_cat?post=251278"},{"taxonomy":"product_tag","embeddable":true,"href":"https:\/\/gyemantekszer.com\/en\/wp-json\/wp\/v2\/product_tag?post=251278"}],"curies":[{"name":"wp","href":"https:\/\/api.w.org\/{rel}","templated":true}]}}