{"id":251277,"date":"2026-02-19T15:31:42","date_gmt":"2026-02-19T14:31:42","guid":{"rendered":"https:\/\/gyemantekszer.com\/?post_type=product&#038;p=251277"},"modified":"2026-02-20T11:03:46","modified_gmt":"2026-02-20T10:03:46","slug":"h2on-titanus-black-ferfi-karkoto","status":"publish","type":"product","link":"https:\/\/gyemantekszer.com\/en\/product\/h2on-titanus-black-ferfi-karkoto\/","title":{"rendered":"H2ON \u2013  Titanus Black f\u00e9rfi kark\u00f6t\u0151"},"content":{"rendered":"","protected":false},"excerpt":{"rendered":"<p>\u00daj, Olaszorsz\u00e1gb\u00f3l \u00e9rkezett m\u00e1rk\u00e1nk a H2on-GIOIELLI, amely nikkelmentes, nemesac\u00e9lb\u00f3l k\u00e9sz\u00fclt f\u00e9rfi \u00e9kszereket k\u00e9sz\u00edt. Egyedi tervez\u00e9s\u0171 darabjai a modern, sportos st\u00edlusjegyeket \u00f6tv\u00f6zik a klasszikus eleganci\u00e1val.<\/p>\n<p>Ez a fekete, val\u00f3di marhab\u0151rb\u0151l k\u00e9sz\u00fclt, nemesac\u00e9l d\u00edsz\u00edt\u00e9ssel ell\u00e1tott kark\u00f6t\u0151, st\u00edlusos \u00e9s karakteres kieg\u00e9sz\u00edt\u0151je lehet a modern f\u00e9rfi megjelen\u00e9s\u00e9nek, ak\u00e1r sportos, ak\u00e1r eleg\u00e1ns \u00f6lt\u00f6zethez v\u00e1lasztva.<\/p>\n","protected":false},"featured_media":251209,"comment_status":"open","ping_status":"closed","template":"","meta":{"_acf_changed":false},"product_brand":[],"product_cat":[1921],"product_tag":[134,1995,1994],"class_list":{"0":"post-251277","1":"product","2":"type-product","3":"status-publish","4":"has-post-thumbnail","6":"product_cat-karkoto","7":"product_tag-ferfi","8":"product_tag-nemesacel","9":"product_tag-nikkelmentes","10":"pa_kollekcio-divat-ekszerek-kiegeszitok","11":"pa_marka-h2on","12":"pa_meret-215-cm-hosszu","14":"first","15":"instock","16":"taxable","17":"shipping-taxable","18":"purchasable","19":"product-type-simple"},"acf":[],"_links":{"self":[{"href":"https:\/\/gyemantekszer.com\/en\/wp-json\/wp\/v2\/product\/251277","targetHints":{"allow":["GET"]}}],"collection":[{"href":"https:\/\/gyemantekszer.com\/en\/wp-json\/wp\/v2\/product"}],"about":[{"href":"https:\/\/gyemantekszer.com\/en\/wp-json\/wp\/v2\/types\/product"}],"replies":[{"embeddable":true,"href":"https:\/\/gyemantekszer.com\/en\/wp-json\/wp\/v2\/comments?post=251277"}],"wp:featuredmedia":[{"embeddable":true,"href":"https:\/\/gyemantekszer.com\/en\/wp-json\/wp\/v2\/media\/251209"}],"wp:attachment":[{"href":"https:\/\/gyemantekszer.com\/en\/wp-json\/wp\/v2\/media?parent=251277"}],"wp:term":[{"taxonomy":"product_brand","embeddable":true,"href":"https:\/\/gyemantekszer.com\/en\/wp-json\/wp\/v2\/product_brand?post=251277"},{"taxonomy":"product_cat","embeddable":true,"href":"https:\/\/gyemantekszer.com\/en\/wp-json\/wp\/v2\/product_cat?post=251277"},{"taxonomy":"product_tag","embeddable":true,"href":"https:\/\/gyemantekszer.com\/en\/wp-json\/wp\/v2\/product_tag?post=251277"}],"curies":[{"name":"wp","href":"https:\/\/api.w.org\/{rel}","templated":true}]}}