{"id":251269,"date":"2026-02-18T15:54:15","date_gmt":"2026-02-18T14:54:15","guid":{"rendered":"https:\/\/gyemantekszer.com\/?post_type=product&#038;p=251269"},"modified":"2026-02-19T12:20:16","modified_gmt":"2026-02-19T11:20:16","slug":"coscia-luciana-edesvizi-gyongyos-karkoto","status":"publish","type":"product","link":"https:\/\/gyemantekszer.com\/en\/product\/coscia-luciana-edesvizi-gyongyos-karkoto\/","title":{"rendered":"COSCIA &#8211; Luciana \u00c9desvizi gy\u00f6ngy\u00f6s kark\u00f6t\u0151"},"content":{"rendered":"","protected":false},"excerpt":{"rendered":"<p><span data-sheets-root=\"1\">Egy kifinomult gy\u00f6ngy kark\u00f6t\u0151, v\u00e1logatott ragyog\u00f3 \u00c9desv\u00edzi gy\u00f6ngy\u00f6kb\u0151l k\u00e9sz\u00fclt, melyek id\u0151tlen eleganci\u00e1t \u00e9s letisztult sz\u00e9ps\u00e9get k\u00f6lcs\u00f6n\u00f6znek visel\u0151j\u00e9nek.<\/span><\/p>\n","protected":false},"featured_media":251009,"comment_status":"open","ping_status":"closed","template":"","meta":{"_acf_changed":false},"product_brand":[],"product_cat":[1921],"product_tag":[1305,136,133],"class_list":{"0":"post-251269","1":"product","2":"type-product","3":"status-publish","4":"has-post-thumbnail","6":"product_cat-karkoto","7":"product_tag-feher-arany","8":"product_tag-gyongyos","9":"product_tag-noi","10":"pa_kollekcio-exkluziv-ekszerek","11":"pa_marka-coscia","12":"pa_meret-12-cm-hosszu-2","13":"pa_otvozet-finomsaga-143","14":"pa_suly-121-gr","15":"pa_zarak-karabiner-zar","17":"first","18":"instock","19":"taxable","20":"shipping-taxable","21":"purchasable","22":"product-type-simple"},"acf":[],"_links":{"self":[{"href":"https:\/\/gyemantekszer.com\/en\/wp-json\/wp\/v2\/product\/251269","targetHints":{"allow":["GET"]}}],"collection":[{"href":"https:\/\/gyemantekszer.com\/en\/wp-json\/wp\/v2\/product"}],"about":[{"href":"https:\/\/gyemantekszer.com\/en\/wp-json\/wp\/v2\/types\/product"}],"replies":[{"embeddable":true,"href":"https:\/\/gyemantekszer.com\/en\/wp-json\/wp\/v2\/comments?post=251269"}],"wp:featuredmedia":[{"embeddable":true,"href":"https:\/\/gyemantekszer.com\/en\/wp-json\/wp\/v2\/media\/251009"}],"wp:attachment":[{"href":"https:\/\/gyemantekszer.com\/en\/wp-json\/wp\/v2\/media?parent=251269"}],"wp:term":[{"taxonomy":"product_brand","embeddable":true,"href":"https:\/\/gyemantekszer.com\/en\/wp-json\/wp\/v2\/product_brand?post=251269"},{"taxonomy":"product_cat","embeddable":true,"href":"https:\/\/gyemantekszer.com\/en\/wp-json\/wp\/v2\/product_cat?post=251269"},{"taxonomy":"product_tag","embeddable":true,"href":"https:\/\/gyemantekszer.com\/en\/wp-json\/wp\/v2\/product_tag?post=251269"}],"curies":[{"name":"wp","href":"https:\/\/api.w.org\/{rel}","templated":true}]}}