{"id":251268,"date":"2026-02-18T15:29:15","date_gmt":"2026-02-18T14:29:15","guid":{"rendered":"https:\/\/gyemantekszer.com\/?post_type=product&#038;p=251268"},"modified":"2026-02-18T17:20:07","modified_gmt":"2026-02-18T16:20:07","slug":"coscia-luciana-akoya-gyongyos-karkoto","status":"publish","type":"product","link":"https:\/\/gyemantekszer.com\/en\/product\/coscia-luciana-akoya-gyongyos-karkoto\/","title":{"rendered":"COSCIA &#8211; Luciana Akoya gy\u00f6ngy\u00f6s kark\u00f6t\u0151"},"content":{"rendered":"","protected":false},"excerpt":{"rendered":"<p><span data-sheets-root=\"1\">Egy kifinomult gy\u00f6ngy kark\u00f6t\u0151, v\u00e1logatott ragyog\u00f3 Akoya gy\u00f6ngy\u00f6kb\u0151l k\u00e9sz\u00fclt, melyek id\u0151tlen eleganci\u00e1t \u00e9s letisztult sz\u00e9ps\u00e9get k\u00f6lcs\u00f6n\u00f6znek visel\u0151j\u00e9nek.<\/span><\/p>\n","protected":false},"featured_media":251003,"comment_status":"open","ping_status":"closed","template":"","meta":{"_acf_changed":false},"product_brand":[],"product_cat":[1921],"product_tag":[1997,1305,136,133],"class_list":{"0":"post-251268","1":"product","2":"type-product","3":"status-publish","4":"has-post-thumbnail","6":"product_cat-karkoto","7":"product_tag-akoya","8":"product_tag-feher-arany","9":"product_tag-gyongyos","10":"product_tag-noi","11":"pa_kollekcio-exkluziv-ekszerek","12":"pa_marka-coscia","13":"pa_meret-12-cm-hosszu-2","14":"pa_otvozet-finomsaga-143","15":"pa_suly-121-gr","16":"pa_zarak-karabiner-zar","18":"first","19":"instock","20":"taxable","21":"shipping-taxable","22":"purchasable","23":"product-type-simple"},"acf":[],"_links":{"self":[{"href":"https:\/\/gyemantekszer.com\/en\/wp-json\/wp\/v2\/product\/251268","targetHints":{"allow":["GET"]}}],"collection":[{"href":"https:\/\/gyemantekszer.com\/en\/wp-json\/wp\/v2\/product"}],"about":[{"href":"https:\/\/gyemantekszer.com\/en\/wp-json\/wp\/v2\/types\/product"}],"replies":[{"embeddable":true,"href":"https:\/\/gyemantekszer.com\/en\/wp-json\/wp\/v2\/comments?post=251268"}],"wp:featuredmedia":[{"embeddable":true,"href":"https:\/\/gyemantekszer.com\/en\/wp-json\/wp\/v2\/media\/251003"}],"wp:attachment":[{"href":"https:\/\/gyemantekszer.com\/en\/wp-json\/wp\/v2\/media?parent=251268"}],"wp:term":[{"taxonomy":"product_brand","embeddable":true,"href":"https:\/\/gyemantekszer.com\/en\/wp-json\/wp\/v2\/product_brand?post=251268"},{"taxonomy":"product_cat","embeddable":true,"href":"https:\/\/gyemantekszer.com\/en\/wp-json\/wp\/v2\/product_cat?post=251268"},{"taxonomy":"product_tag","embeddable":true,"href":"https:\/\/gyemantekszer.com\/en\/wp-json\/wp\/v2\/product_tag?post=251268"}],"curies":[{"name":"wp","href":"https:\/\/api.w.org\/{rel}","templated":true}]}}