{"id":251253,"date":"2026-02-17T15:53:07","date_gmt":"2026-02-17T14:53:07","guid":{"rendered":"https:\/\/gyemantekszer.com\/?post_type=product&#038;p=251253"},"modified":"2026-02-17T15:57:04","modified_gmt":"2026-02-17T14:57:04","slug":"h2on-marcello-black-ferfi-karkoto","status":"publish","type":"product","link":"https:\/\/gyemantekszer.com\/en\/termek\/h2on-marcello-black-ferfi-karkoto\/","title":{"rendered":"H2ON \u2013 Marcello Black f\u00e9rfi kark\u00f6t\u0151"},"content":{"rendered":"","protected":false},"excerpt":{"rendered":"<p>\u00daj, Olaszorsz\u00e1gb\u00f3l \u00e9rkezett m\u00e1rk\u00e1nk a H2on-GIOIELLI, amely nikkelmentes, nemesac\u00e9lb\u00f3l k\u00e9sz\u00fclt f\u00e9rfi \u00e9kszereket k\u00e9sz\u00edt. Egyedi tervez\u00e9s\u0171 darabjai a modern, sportos st\u00edlusjegyeket \u00f6tv\u00f6zik a klasszikus eleganci\u00e1val.<\/p>\n<p>Ez a fekete val\u00f3di marhab\u0151rb\u0151l k\u00e9sz\u00fclt, nemesac\u00e9l d\u00edsz\u00edt\u00e9ssel ell\u00e1tott kark\u00f6t\u0151 st\u00edlusos \u00e9s kifinomult kieg\u00e9sz\u0151je lehet a magabiztos, ig\u00e9nyes f\u00e9rfi megjelen\u00e9s\u00e9nek, legyen sz\u00f3 \u00fczleti t\u00e1rgyal\u00e1sr\u00f3l, eleg\u00e1ns esem\u00e9nyr\u0151l, vagy a mindennapok letisztult st\u00edlus\u00e1r\u00f3l.<\/p>\n","protected":false},"featured_media":251215,"comment_status":"open","ping_status":"closed","template":"","meta":{"_acf_changed":false},"product_brand":[],"product_cat":[1921],"product_tag":[134,1995,1994],"class_list":{"0":"post-251253","1":"product","2":"type-product","3":"status-publish","4":"has-post-thumbnail","6":"product_cat-karkoto","7":"product_tag-ferfi","8":"product_tag-nemesacel","9":"product_tag-nikkelmentes","10":"pa_kollekcio-divat-ekszerek-kiegeszitok","11":"pa_marka-h2on","13":"first","14":"instock","15":"taxable","16":"shipping-taxable","17":"purchasable","18":"product-type-simple"},"acf":[],"_links":{"self":[{"href":"https:\/\/gyemantekszer.com\/en\/wp-json\/wp\/v2\/product\/251253","targetHints":{"allow":["GET"]}}],"collection":[{"href":"https:\/\/gyemantekszer.com\/en\/wp-json\/wp\/v2\/product"}],"about":[{"href":"https:\/\/gyemantekszer.com\/en\/wp-json\/wp\/v2\/types\/product"}],"replies":[{"embeddable":true,"href":"https:\/\/gyemantekszer.com\/en\/wp-json\/wp\/v2\/comments?post=251253"}],"wp:featuredmedia":[{"embeddable":true,"href":"https:\/\/gyemantekszer.com\/en\/wp-json\/wp\/v2\/media\/251215"}],"wp:attachment":[{"href":"https:\/\/gyemantekszer.com\/en\/wp-json\/wp\/v2\/media?parent=251253"}],"wp:term":[{"taxonomy":"product_brand","embeddable":true,"href":"https:\/\/gyemantekszer.com\/en\/wp-json\/wp\/v2\/product_brand?post=251253"},{"taxonomy":"product_cat","embeddable":true,"href":"https:\/\/gyemantekszer.com\/en\/wp-json\/wp\/v2\/product_cat?post=251253"},{"taxonomy":"product_tag","embeddable":true,"href":"https:\/\/gyemantekszer.com\/en\/wp-json\/wp\/v2\/product_tag?post=251253"}],"curies":[{"name":"wp","href":"https:\/\/api.w.org\/{rel}","templated":true}]}}