{"id":251164,"date":"2026-02-04T14:08:39","date_gmt":"2026-02-04T13:08:39","guid":{"rendered":"https:\/\/gyemantekszer.com\/?post_type=product&#038;p=251164"},"modified":"2026-02-04T14:12:42","modified_gmt":"2026-02-04T13:12:42","slug":"lelune-glamour-silver-pearl-fulbevalo","status":"publish","type":"product","link":"https:\/\/gyemantekszer.com\/en\/product\/lelune-glamour-silver-pearl-fulbevalo\/","title":{"rendered":"LELUNE GLAMOUR \u2013 Silver Pearl f\u00fclbeval\u00f3"},"content":{"rendered":"","protected":false},"excerpt":{"rendered":"<p>Ez az eleg\u00e1ns, f\u00e9lkarik\u00e1s, l\u00f3g\u00f3s f\u00fclbeval\u00f3 ez\u00fcstb\u0151l k\u00e9sz\u00fclt, melyet finoman csillog\u00f3, val\u00f3di feh\u00e9r \u00e9desv\u00edzi teny\u00e9sztett gy\u00f6ngy\u00f6k tesznek id\u0151tlen\u00fcl n\u0151iess\u00e9. Letisztult formavil\u00e1g\u00e1nak k\u00f6sz\u00f6nhet\u0151en h\u00e9tk\u00f6znapi viseletk\u00e9nt is kellemes, ugyanakkor k\u00fcl\u00f6nleges alkalmakon is t\u00f6k\u00e9letes v\u00e1laszt\u00e1s.<\/p>\n<p>Olaszorsz\u00e1gb\u00f3l \u00e9rkeztek ezek a nemes anyagokb\u00f3l gondosan megtervezett gy\u00f6ngy\u00f6s <em>LE LUNE Glamour<\/em> \u00e9kszerek. Divatos sz\u00ednvil\u00e1g\u00e1val \u00e9s nemes anyagv\u00e1laszt\u00e1s\u00e1val feldobja sz\u00fcrke h\u00e9tk\u00f6znapjainkat. Aj\u00e1nljuk figyelm\u00e9be a\u00a0<em>LE LUNE Glamour<\/em>\u00a0gy\u00f6ny\u00f6r\u0171, szebbn\u00e9l szebb kark\u00f6t\u0151it \u00e9s nyakl\u00e1ncait.<\/p>\n","protected":false},"featured_media":251136,"comment_status":"open","ping_status":"closed","template":"","meta":{"_acf_changed":false},"product_brand":[],"product_cat":[1918],"product_tag":[1930,1384,1390,1379],"class_list":{"0":"post-251164","1":"product","2":"type-product","3":"status-publish","4":"has-post-thumbnail","6":"product_cat-fulbevalo","7":"product_tag-ezust","8":"product_tag-for-ladies","9":"product_tag-jewel-setts","10":"product_tag-with-pearls","11":"pa_kollekcio-divat-ekszerek-kiegeszitok","12":"pa_marka-le-lune-glamour","13":"pa_otvozet-finomsaga-925-silver","14":"pa_zarak-stekkeres-atszuros-zar","16":"first","17":"instock","18":"taxable","19":"shipping-taxable","20":"purchasable","21":"product-type-simple"},"acf":[],"_links":{"self":[{"href":"https:\/\/gyemantekszer.com\/en\/wp-json\/wp\/v2\/product\/251164","targetHints":{"allow":["GET"]}}],"collection":[{"href":"https:\/\/gyemantekszer.com\/en\/wp-json\/wp\/v2\/product"}],"about":[{"href":"https:\/\/gyemantekszer.com\/en\/wp-json\/wp\/v2\/types\/product"}],"replies":[{"embeddable":true,"href":"https:\/\/gyemantekszer.com\/en\/wp-json\/wp\/v2\/comments?post=251164"}],"wp:featuredmedia":[{"embeddable":true,"href":"https:\/\/gyemantekszer.com\/en\/wp-json\/wp\/v2\/media\/251136"}],"wp:attachment":[{"href":"https:\/\/gyemantekszer.com\/en\/wp-json\/wp\/v2\/media?parent=251164"}],"wp:term":[{"taxonomy":"product_brand","embeddable":true,"href":"https:\/\/gyemantekszer.com\/en\/wp-json\/wp\/v2\/product_brand?post=251164"},{"taxonomy":"product_cat","embeddable":true,"href":"https:\/\/gyemantekszer.com\/en\/wp-json\/wp\/v2\/product_cat?post=251164"},{"taxonomy":"product_tag","embeddable":true,"href":"https:\/\/gyemantekszer.com\/en\/wp-json\/wp\/v2\/product_tag?post=251164"}],"curies":[{"name":"wp","href":"https:\/\/api.w.org\/{rel}","templated":true}]}}