{"id":251056,"date":"2026-01-27T12:56:23","date_gmt":"2026-01-27T11:56:23","guid":{"rendered":"https:\/\/gyemantekszer.com\/?post_type=product&#038;p=251056"},"modified":"2026-01-27T12:58:58","modified_gmt":"2026-01-27T11:58:58","slug":"royal-ortensia-gyemant-gyuru","status":"publish","type":"product","link":"https:\/\/gyemantekszer.com\/en\/termek\/royal-ortensia-gyemant-gyuru\/","title":{"rendered":"ROYAL &#8211; Ortensia gy\u00e9m\u00e1nt gy\u00far\u0171"},"content":{"rendered":"","protected":false},"excerpt":{"rendered":"<p><span data-sheets-root=\"1\" data-sheets-value=\"[null,2,&quot;Egy finom feh\\u00e9r aranyb\\u00f3l k\\u00e9sz\\u00fclt gy\\u0171r\\u0171, melynek k\\u00f6z\\u00e9ppontj\\u00e1ban egy csod\\u00e1s szikr\\u00e1z\\u00f3 feh\\u00e9r gy\\u00e9m\\u00e1nt \\u00e1ll, k\\u00e9t oldalt egy egy kisebb gy\\u00e9m\\u00e1nt tal\\u00e1lhat\\u00f3, lev\\u00e9lszer\\u0171en elhelyezve. Formavil\\u00e1ga id\\u0151tlen eleganci\\u00e1t \\u00e9s n\\u0151ies kifinomults\\u00e1got sug\\u00e1roz&quot;]\" data-sheets-userformat=\"{&quot;2&quot;:14851,&quot;3&quot;:{&quot;1&quot;:0},&quot;4&quot;:[null,2,16777215],&quot;12&quot;:0,&quot;14&quot;:[null,2,0],&quot;15&quot;:&quot;Calibri&quot;,&quot;16&quot;:11}\">Egy finom feh\u00e9r aranyb\u00f3l k\u00e9sz\u00fclt gy\u0171r\u0171, melynek k\u00f6z\u00e9ppontj\u00e1ban egy csod\u00e1s szikr\u00e1z\u00f3 feh\u00e9r gy\u00e9m\u00e1nt \u00e1ll, k\u00e9t oldalt egy egy kisebb gy\u00e9m\u00e1nt tal\u00e1lhat\u00f3, lev\u00e9lszer\u0171en elhelyezve. Formavil\u00e1ga id\u0151tlen eleganci\u00e1t \u00e9s n\u0151ies kifinomults\u00e1got sug\u00e1roz<\/span><\/p>\n","protected":false},"featured_media":250995,"comment_status":"open","ping_status":"closed","template":"","meta":{"_acf_changed":false},"product_brand":[],"product_cat":[1917],"product_tag":[135,1305,1310,140,133],"class_list":{"0":"post-251056","1":"product","2":"type-product","3":"status-publish","4":"has-post-thumbnail","6":"product_cat-gyuru","7":"product_tag-eljegyzes","8":"product_tag-feher-arany","9":"product_tag-feher-gyemant","10":"product_tag-meretezheto","11":"product_tag-noi","12":"pa_kollekcio-exkluziv-ekszerek","13":"pa_marka-royal-diamonds-by-alexandra-ronai","14":"pa_meret-304","15":"pa_otvozet-finomsaga-143","16":"pa_suly-39-gr","18":"first","19":"instock","20":"taxable","21":"shipping-taxable","22":"purchasable","23":"product-type-simple"},"acf":[],"_links":{"self":[{"href":"https:\/\/gyemantekszer.com\/en\/wp-json\/wp\/v2\/product\/251056","targetHints":{"allow":["GET"]}}],"collection":[{"href":"https:\/\/gyemantekszer.com\/en\/wp-json\/wp\/v2\/product"}],"about":[{"href":"https:\/\/gyemantekszer.com\/en\/wp-json\/wp\/v2\/types\/product"}],"replies":[{"embeddable":true,"href":"https:\/\/gyemantekszer.com\/en\/wp-json\/wp\/v2\/comments?post=251056"}],"wp:featuredmedia":[{"embeddable":true,"href":"https:\/\/gyemantekszer.com\/en\/wp-json\/wp\/v2\/media\/250995"}],"wp:attachment":[{"href":"https:\/\/gyemantekszer.com\/en\/wp-json\/wp\/v2\/media?parent=251056"}],"wp:term":[{"taxonomy":"product_brand","embeddable":true,"href":"https:\/\/gyemantekszer.com\/en\/wp-json\/wp\/v2\/product_brand?post=251056"},{"taxonomy":"product_cat","embeddable":true,"href":"https:\/\/gyemantekszer.com\/en\/wp-json\/wp\/v2\/product_cat?post=251056"},{"taxonomy":"product_tag","embeddable":true,"href":"https:\/\/gyemantekszer.com\/en\/wp-json\/wp\/v2\/product_tag?post=251056"}],"curies":[{"name":"wp","href":"https:\/\/api.w.org\/{rel}","templated":true}]}}