{"id":250965,"date":"2026-01-12T15:45:53","date_gmt":"2026-01-12T14:45:53","guid":{"rendered":"https:\/\/gyemantekszer.com\/?post_type=product&#038;p=250965"},"modified":"2026-01-12T16:35:04","modified_gmt":"2026-01-12T15:35:04","slug":"h2on-compass-star-ferfi-nyakek","status":"publish","type":"product","link":"https:\/\/gyemantekszer.com\/en\/termek\/h2on-compass-star-ferfi-nyakek\/","title":{"rendered":"H2on \u2013 Compass Star F\u00e9rfi Nyak\u00e9k"},"content":{"rendered":"","protected":false},"excerpt":{"rendered":"<p data-start=\"50\" data-end=\"363\">Ez a pr\u00e9mium, nikkelmentes, nemesac\u00e9lb\u00f3l k\u00e9sz\u00fclt f\u00e9rfi \u00e9kszereket k\u00e9sz\u00edt\u0151 m\u00e1rka k\u00fcl\u00f6nleges darabokkal h\u00f3d\u00edt. Az egyedi tervez\u00e9s\u0171 nyak\u00e9kek a modern, sportos st\u00edlust \u00f6tv\u00f6zik a klasszikus eleganci\u00e1val, \u00edgy a legig\u00e9nyesebb f\u00e9rfiak sz\u00e1m\u00e1ra is t\u00f6k\u00e9letes v\u00e1laszt\u00e1s.<\/p>\n<p data-start=\"164\" data-end=\"415\">Ez a karakteres nyakl\u00e1nc egy finom kidolgoz\u00e1s\u00fa ir\u00e1nyt\u0171s med\u00e1llal k\u00e9sz\u00fcl, amely az \u00fatkeres\u00e9s, a c\u00e9ltudatoss\u00e1g \u00e9s az \u00f6n\u00e1ll\u00f3 ir\u00e1ny jelk\u00e9pe. A massz\u00edv, m\u00e9gis eleg\u00e1ns nemesac\u00e9l l\u00e1nc \u00e9s a r\u00e9szletgazdag med\u00e1l harmonikus egys\u00e9get alkot, \u00edgy t\u00f6k\u00e9letes v\u00e1laszt\u00e1s mindennapi viselethez vagy k\u00fcl\u00f6nleges alkalmakra is. Egy olyan \u00e9kszer, amely nemcsak st\u00edlust, hanem jelent\u00e9st is hordoz.<\/p>\n","protected":false},"featured_media":250563,"comment_status":"open","ping_status":"closed","template":"","meta":{"_acf_changed":false},"product_brand":[],"product_cat":[1923],"product_tag":[134,1995,1994],"class_list":{"0":"post-250965","1":"product","2":"type-product","3":"status-publish","4":"has-post-thumbnail","6":"product_cat-nyakek","7":"product_tag-ferfi","8":"product_tag-nemesacel","9":"product_tag-nikkelmentes","10":"pa_kollekcio-divat-ekszerek-kiegeszitok","11":"pa_marka-h2on","12":"pa_meret-36-cm-hosszu-2","14":"first","15":"instock","16":"taxable","17":"shipping-taxable","18":"purchasable","19":"product-type-simple"},"acf":[],"_links":{"self":[{"href":"https:\/\/gyemantekszer.com\/en\/wp-json\/wp\/v2\/product\/250965","targetHints":{"allow":["GET"]}}],"collection":[{"href":"https:\/\/gyemantekszer.com\/en\/wp-json\/wp\/v2\/product"}],"about":[{"href":"https:\/\/gyemantekszer.com\/en\/wp-json\/wp\/v2\/types\/product"}],"replies":[{"embeddable":true,"href":"https:\/\/gyemantekszer.com\/en\/wp-json\/wp\/v2\/comments?post=250965"}],"wp:featuredmedia":[{"embeddable":true,"href":"https:\/\/gyemantekszer.com\/en\/wp-json\/wp\/v2\/media\/250563"}],"wp:attachment":[{"href":"https:\/\/gyemantekszer.com\/en\/wp-json\/wp\/v2\/media?parent=250965"}],"wp:term":[{"taxonomy":"product_brand","embeddable":true,"href":"https:\/\/gyemantekszer.com\/en\/wp-json\/wp\/v2\/product_brand?post=250965"},{"taxonomy":"product_cat","embeddable":true,"href":"https:\/\/gyemantekszer.com\/en\/wp-json\/wp\/v2\/product_cat?post=250965"},{"taxonomy":"product_tag","embeddable":true,"href":"https:\/\/gyemantekszer.com\/en\/wp-json\/wp\/v2\/product_tag?post=250965"}],"curies":[{"name":"wp","href":"https:\/\/api.w.org\/{rel}","templated":true}]}}