{"id":250964,"date":"2026-01-12T13:53:38","date_gmt":"2026-01-12T12:53:38","guid":{"rendered":"https:\/\/gyemantekszer.com\/?post_type=product&#038;p=250964"},"modified":"2026-01-12T15:32:34","modified_gmt":"2026-01-12T14:32:34","slug":"h2on-icon-diamond-ferfi-medal","status":"publish","type":"product","link":"https:\/\/gyemantekszer.com\/en\/termek\/h2on-icon-diamond-ferfi-medal\/","title":{"rendered":"H2on \u2013 Icon Diamond F\u00e9rfi Med\u00e1l"},"content":{"rendered":"","protected":false},"excerpt":{"rendered":"<p data-start=\"50\" data-end=\"363\">Ez a pr\u00e9mium, nikkelmentes, nemesac\u00e9lb\u00f3l k\u00e9sz\u00fclt f\u00e9rfi \u00e9kszereket k\u00e9sz\u00edt\u0151 m\u00e1rka k\u00fcl\u00f6nleges darabokkal h\u00f3d\u00edt. Az egyedi tervez\u00e9s\u0171 nyak\u00e9kek a modern, sportos st\u00edlust \u00f6tv\u00f6zik a klasszikus eleganci\u00e1val, \u00edgy a legig\u00e9nyesebb f\u00e9rfiak sz\u00e1m\u00e1ra is t\u00f6k\u00e9letes v\u00e1laszt\u00e1s.<\/p>\n<p data-start=\"365\" data-end=\"784\">A kollekci\u00f3 egyik legkiemelked\u0151bb darabja ez a dupla bil\u00e9t\u00e1s med\u00e1l, amely finom kidolgozotts\u00e1g\u00e1val \u00e9s egy csod\u00e1latos brili\u00e1ns csiszol\u00e1s\u00fa gy\u00e9m\u00e1nttal ragyog. A gy\u00e9m\u00e1nt eleganci\u00e1ja \u00e9s a nemesac\u00e9l nyakl\u00e1nc er\u0151teljes, m\u00e9gis kifinomult megjelen\u00e9se t\u00f6k\u00e9letes harm\u00f3ni\u00e1ban van, \u00edgy egy igaz\u00e1n exkluz\u00edv \u00e9kszert ad, ami minden alkalomra st\u00edlust ad.<\/p>\n","protected":false},"featured_media":250615,"comment_status":"open","ping_status":"closed","template":"","meta":{"_acf_changed":false},"product_brand":[],"product_cat":[1923],"product_tag":[1310,134,1995,1994],"class_list":{"0":"post-250964","1":"product","2":"type-product","3":"status-publish","4":"has-post-thumbnail","6":"product_cat-nyakek","7":"product_tag-feher-gyemant","8":"product_tag-ferfi","9":"product_tag-nemesacel","10":"product_tag-nikkelmentes","11":"pa_kollekcio-divat-ekszerek-kiegeszitok","12":"pa_marka-h2on","13":"pa_meret-36-cm-hosszu-2","15":"first","16":"instock","17":"taxable","18":"shipping-taxable","19":"purchasable","20":"product-type-simple"},"acf":[],"_links":{"self":[{"href":"https:\/\/gyemantekszer.com\/en\/wp-json\/wp\/v2\/product\/250964","targetHints":{"allow":["GET"]}}],"collection":[{"href":"https:\/\/gyemantekszer.com\/en\/wp-json\/wp\/v2\/product"}],"about":[{"href":"https:\/\/gyemantekszer.com\/en\/wp-json\/wp\/v2\/types\/product"}],"replies":[{"embeddable":true,"href":"https:\/\/gyemantekszer.com\/en\/wp-json\/wp\/v2\/comments?post=250964"}],"wp:featuredmedia":[{"embeddable":true,"href":"https:\/\/gyemantekszer.com\/en\/wp-json\/wp\/v2\/media\/250615"}],"wp:attachment":[{"href":"https:\/\/gyemantekszer.com\/en\/wp-json\/wp\/v2\/media?parent=250964"}],"wp:term":[{"taxonomy":"product_brand","embeddable":true,"href":"https:\/\/gyemantekszer.com\/en\/wp-json\/wp\/v2\/product_brand?post=250964"},{"taxonomy":"product_cat","embeddable":true,"href":"https:\/\/gyemantekszer.com\/en\/wp-json\/wp\/v2\/product_cat?post=250964"},{"taxonomy":"product_tag","embeddable":true,"href":"https:\/\/gyemantekszer.com\/en\/wp-json\/wp\/v2\/product_tag?post=250964"}],"curies":[{"name":"wp","href":"https:\/\/api.w.org\/{rel}","templated":true}]}}