{"id":250898,"date":"2025-12-19T12:19:50","date_gmt":"2025-12-19T11:19:50","guid":{"rendered":"https:\/\/gyemantekszer.com\/?post_type=product&#038;p=250898"},"modified":"2025-12-19T13:54:48","modified_gmt":"2025-12-19T12:54:48","slug":"royal-eternal-glow-gyemantgyuru","status":"publish","type":"product","link":"https:\/\/gyemantekszer.com\/en\/product\/royal-eternal-glow-gyemantgyuru\/","title":{"rendered":"ROYAL \u2013 Eternal Glow gy\u00e9m\u00e1ntgy\u0171r\u0171"},"content":{"rendered":"","protected":false},"excerpt":{"rendered":"<p data-start=\"257\" data-end=\"429\">Ez a gy\u00e9m\u00e1ntgy\u0171r\u0171 az id\u0151tlen elegancia \u00e9s exkluzivit\u00e1s t\u00f6k\u00e9letes megtestes\u00edt\u0151je, egy olyan darab, amely minden pillanatban sug\u00e1rozza a luxus \u00e9s a kifinomults\u00e1g \u00e9rz\u00e9s\u00e9t. A ROYAL \u2013 Eternal Glow gy\u00e9m\u00e1ntgy\u0171r\u0171 feh\u00e9r arany foglalat\u00e1ban egy nagy kar\u00e1tsz\u00e1m\u00fa, brill\u00e1ns csiszol\u00e1s\u00fa gy\u00e9m\u00e1nt ragyog, amely intenz\u00edv csillog\u00e1s\u00e1val \u00e9s szikr\u00e1z\u00f3 f\u00e9ny\u00e9vel azonnal mag\u00e1ra vonja a tekintetet. A<\/p>\n<p data-start=\"800\" data-end=\"1033\">Ez a darab azok sz\u00e1m\u00e1ra k\u00e9sz\u00fclt, akik a <strong data-start=\"840\" data-end=\"889\">kimagasl\u00f3 min\u0151s\u00e9get \u00e9s a maradand\u00f3 eleganci\u00e1t<\/strong> keresik. T\u00f6k\u00e9letes v\u00e1laszt\u00e1s eljegyz\u00e9shez, k\u00fcl\u00f6nleges alkalmakra vagy \u00e9letre sz\u00f3l\u00f3 \u00e9kszerk\u00e9nt, amely gener\u00e1ci\u00f3kon \u00e1t \u0151rzi sz\u00e9ps\u00e9g\u00e9t \u00e9s \u00e9rt\u00e9k\u00e9t.<\/p>\n<p data-start=\"809\" data-end=\"1053\">\n","protected":false},"featured_media":250861,"comment_status":"open","ping_status":"closed","template":"","meta":{"_acf_changed":false},"product_brand":[],"product_cat":[1917],"product_tag":[135,1305,1310,140,133],"class_list":{"0":"post-250898","1":"product","2":"type-product","3":"status-publish","4":"has-post-thumbnail","6":"product_cat-gyuru","7":"product_tag-eljegyzes","8":"product_tag-feher-arany","9":"product_tag-feher-gyemant","10":"product_tag-meretezheto","11":"product_tag-noi","12":"pa_kollekcio-exkluziv-ekszerek","13":"pa_marka-royal-diamonds-by-alexandra-ronai","14":"pa_meret-187","15":"pa_otvozet-finomsaga-143","16":"pa_suly-41-gr","18":"first","19":"instock","20":"taxable","21":"shipping-taxable","22":"product-type-simple"},"acf":[],"_links":{"self":[{"href":"https:\/\/gyemantekszer.com\/en\/wp-json\/wp\/v2\/product\/250898","targetHints":{"allow":["GET"]}}],"collection":[{"href":"https:\/\/gyemantekszer.com\/en\/wp-json\/wp\/v2\/product"}],"about":[{"href":"https:\/\/gyemantekszer.com\/en\/wp-json\/wp\/v2\/types\/product"}],"replies":[{"embeddable":true,"href":"https:\/\/gyemantekszer.com\/en\/wp-json\/wp\/v2\/comments?post=250898"}],"wp:featuredmedia":[{"embeddable":true,"href":"https:\/\/gyemantekszer.com\/en\/wp-json\/wp\/v2\/media\/250861"}],"wp:attachment":[{"href":"https:\/\/gyemantekszer.com\/en\/wp-json\/wp\/v2\/media?parent=250898"}],"wp:term":[{"taxonomy":"product_brand","embeddable":true,"href":"https:\/\/gyemantekszer.com\/en\/wp-json\/wp\/v2\/product_brand?post=250898"},{"taxonomy":"product_cat","embeddable":true,"href":"https:\/\/gyemantekszer.com\/en\/wp-json\/wp\/v2\/product_cat?post=250898"},{"taxonomy":"product_tag","embeddable":true,"href":"https:\/\/gyemantekszer.com\/en\/wp-json\/wp\/v2\/product_tag?post=250898"}],"curies":[{"name":"wp","href":"https:\/\/api.w.org\/{rel}","templated":true}]}}