{"id":250846,"date":"2025-12-15T11:36:59","date_gmt":"2025-12-15T10:36:59","guid":{"rendered":"https:\/\/gyemantekszer.com\/?post_type=product&#038;p=250846"},"modified":"2025-12-15T12:34:34","modified_gmt":"2025-12-15T11:34:34","slug":"royal-arthuro-gyemantgyuru","status":"publish","type":"product","link":"https:\/\/gyemantekszer.com\/en\/product\/royal-arthuro-gyemantgyuru\/","title":{"rendered":"ROYAL &#8211; Arthuro gy\u00e9m\u00e1ntgy\u0171r\u0171"},"content":{"rendered":"","protected":false},"excerpt":{"rendered":"<p>Kifinomult megjelen\u00e9s\u0171, feh\u00e9raranyb\u00f3l k\u00e9sz\u00fclt sz\u00e9les f\u00e9rfi karikagy\u0171r\u0171, amely id\u0151tlen eleganci\u00e1j\u00e1val a k\u00fcl\u00f6nleges alkalmak m\u00e9lt\u00f3 k\u00eds\u00e9r\u0151je. Letisztult formavil\u00e1ga \u00e9s nemes anyaga visszafogott luxust sug\u00e1roz, mik\u00f6zben tart\u00f3ss\u00e1ga a mindennapi viselethez is t\u00f6k\u00e9letesen alkalmazkodik.<\/p>\n","protected":false},"featured_media":250823,"comment_status":"open","ping_status":"closed","template":"","meta":{"_acf_changed":false},"product_brand":[],"product_cat":[1917,1919],"product_tag":[1305,134,1852,140],"class_list":{"0":"post-250846","1":"product","2":"type-product","3":"status-publish","4":"has-post-thumbnail","6":"product_cat-gyuru","7":"product_cat-karikagyuru","8":"product_tag-feher-arany","9":"product_tag-ferfi","10":"product_tag-karikagyuru","11":"product_tag-meretezheto","12":"pa_kollekcio-exkluziv-ekszerek","13":"pa_marka-royal-diamonds-by-alexandra-ronai","14":"pa_meret-491","15":"pa_otvozet-finomsaga-221","16":"pa_suly-64-gr","18":"first","19":"instock","20":"taxable","21":"shipping-taxable","22":"purchasable","23":"product-type-simple"},"acf":[],"_links":{"self":[{"href":"https:\/\/gyemantekszer.com\/en\/wp-json\/wp\/v2\/product\/250846","targetHints":{"allow":["GET"]}}],"collection":[{"href":"https:\/\/gyemantekszer.com\/en\/wp-json\/wp\/v2\/product"}],"about":[{"href":"https:\/\/gyemantekszer.com\/en\/wp-json\/wp\/v2\/types\/product"}],"replies":[{"embeddable":true,"href":"https:\/\/gyemantekszer.com\/en\/wp-json\/wp\/v2\/comments?post=250846"}],"wp:featuredmedia":[{"embeddable":true,"href":"https:\/\/gyemantekszer.com\/en\/wp-json\/wp\/v2\/media\/250823"}],"wp:attachment":[{"href":"https:\/\/gyemantekszer.com\/en\/wp-json\/wp\/v2\/media?parent=250846"}],"wp:term":[{"taxonomy":"product_brand","embeddable":true,"href":"https:\/\/gyemantekszer.com\/en\/wp-json\/wp\/v2\/product_brand?post=250846"},{"taxonomy":"product_cat","embeddable":true,"href":"https:\/\/gyemantekszer.com\/en\/wp-json\/wp\/v2\/product_cat?post=250846"},{"taxonomy":"product_tag","embeddable":true,"href":"https:\/\/gyemantekszer.com\/en\/wp-json\/wp\/v2\/product_tag?post=250846"}],"curies":[{"name":"wp","href":"https:\/\/api.w.org\/{rel}","templated":true}]}}