{"id":250772,"date":"2025-12-08T15:56:21","date_gmt":"2025-12-08T14:56:21","guid":{"rendered":"https:\/\/gyemantekszer.com\/?post_type=product&#038;p=250772"},"modified":"2025-12-09T11:36:26","modified_gmt":"2025-12-09T10:36:26","slug":"royal-star-white-m-gyemant-fulbevalo","status":"publish","type":"product","link":"https:\/\/gyemantekszer.com\/en\/termek\/royal-star-white-m-gyemant-fulbevalo\/","title":{"rendered":"ROYAL &#8211; Star White M gy\u00e9m\u00e1nt f\u00fclbeval\u00f3"},"content":{"rendered":"","protected":false},"excerpt":{"rendered":"<p data-start=\"185\" data-end=\"497\">Ez a rendk\u00edv\u00fcl eleg\u00e1ns feh\u00e9r arany gy\u00e9m\u00e1nt f\u00fclbeval\u00f3 a klasszikus sz\u00e9ps\u00e9g \u00e9s a kifinomult luxus t\u00f6k\u00e9letes \u00f6tv\u00f6zete. A k\u00f6r alak\u00fa, apr\u00f3 brili\u00e1nsokkal d\u00edsz\u00edtett f\u00fclbeval\u00f3 minden mozdulatra ragyog, \u00e9s finom eleganci\u00e1t ad visel\u0151j\u00e9nek. A stekkeres, beesz\u00far\u00f3s kialak\u00edt\u00e1s biztos\u00edtja a k\u00e9nyelmes \u00e9s biztons\u00e1gos viseletet.<\/p>\n<p data-start=\"499\" data-end=\"753\">Exkluz\u00edv, apr\u00f3 r\u00e9szletekkel megalkotott diz\u00e1jn, amely a h\u00e9tk\u00f6znapi megjelen\u00e9shez \u00e9s a k\u00fcl\u00f6nleges alkalmakhoz egyar\u00e1nt t\u00f6k\u00e9letes v\u00e1laszt\u00e1s. Minden egyes darab gondos mestermunka eredm\u00e9nye, tele csillog\u00f3 gy\u00e9m\u00e1ntokkal, amelyek val\u00f3di ragyog\u00e1st biztos\u00edtanak.<\/p>\n<p data-start=\"466\" data-end=\"702\">\n","protected":false},"featured_media":250712,"comment_status":"open","ping_status":"closed","template":"","meta":{"_acf_changed":false},"product_brand":[],"product_cat":[1918],"product_tag":[1305,1310,133],"class_list":{"0":"post-250772","1":"product","2":"type-product","3":"status-publish","4":"has-post-thumbnail","6":"product_cat-fulbevalo","7":"product_tag-feher-arany","8":"product_tag-feher-gyemant","9":"product_tag-noi","10":"pa_kollekcio-exkluziv-ekszerek","11":"pa_marka-royal-diamonds-by-alexandra-ronai","12":"pa_meret-08-cm-atmero","13":"pa_otvozet-finomsaga-143","14":"pa_suly-15-gr","16":"first","17":"instock","18":"taxable","19":"shipping-taxable","20":"purchasable","21":"product-type-simple"},"acf":[],"_links":{"self":[{"href":"https:\/\/gyemantekszer.com\/en\/wp-json\/wp\/v2\/product\/250772","targetHints":{"allow":["GET"]}}],"collection":[{"href":"https:\/\/gyemantekszer.com\/en\/wp-json\/wp\/v2\/product"}],"about":[{"href":"https:\/\/gyemantekszer.com\/en\/wp-json\/wp\/v2\/types\/product"}],"replies":[{"embeddable":true,"href":"https:\/\/gyemantekszer.com\/en\/wp-json\/wp\/v2\/comments?post=250772"}],"wp:featuredmedia":[{"embeddable":true,"href":"https:\/\/gyemantekszer.com\/en\/wp-json\/wp\/v2\/media\/250712"}],"wp:attachment":[{"href":"https:\/\/gyemantekszer.com\/en\/wp-json\/wp\/v2\/media?parent=250772"}],"wp:term":[{"taxonomy":"product_brand","embeddable":true,"href":"https:\/\/gyemantekszer.com\/en\/wp-json\/wp\/v2\/product_brand?post=250772"},{"taxonomy":"product_cat","embeddable":true,"href":"https:\/\/gyemantekszer.com\/en\/wp-json\/wp\/v2\/product_cat?post=250772"},{"taxonomy":"product_tag","embeddable":true,"href":"https:\/\/gyemantekszer.com\/en\/wp-json\/wp\/v2\/product_tag?post=250772"}],"curies":[{"name":"wp","href":"https:\/\/api.w.org\/{rel}","templated":true}]}}