{"id":250688,"date":"2025-12-05T11:38:42","date_gmt":"2025-12-05T10:38:42","guid":{"rendered":"https:\/\/gyemantekszer.com\/?post_type=product&#038;p=250688"},"modified":"2025-12-09T11:27:59","modified_gmt":"2025-12-09T10:27:59","slug":"royal-moon-flash-gyemant-fulbevalo","status":"publish","type":"product","link":"https:\/\/gyemantekszer.com\/en\/termek\/royal-moon-flash-gyemant-fulbevalo\/","title":{"rendered":"ROYAL &#8211; Moon Flash gy\u00e9m\u00e1nt f\u00fclbeval\u00f3"},"content":{"rendered":"","protected":false},"excerpt":{"rendered":"<p data-start=\"156\" data-end=\"415\">Ez a rendk\u00edv\u00fcl eleg\u00e1ns gy\u00e9m\u00e1nt f\u00fclbeval\u00f3 a kifinomult st\u00edlus \u00e9s a luxus t\u00f6k\u00e9letes egyes\u00edt\u00e9se. A feh\u00e9r aranyba foglalt gy\u00e9m\u00e1ntok ragyog\u00e1sa k\u00fcl\u00f6nleges f\u00e9nyt ad, m\u00edg a finom, pontos formavil\u00e1g biztos\u00edtja, hogy visel\u0151je mindig eleg\u00e1ns \u00e9s figyelemfelkelt\u0151 legyen.<\/p>\n<p data-start=\"417\" data-end=\"643\">Exkluz\u00edv, kis m\u00e9ret\u0171 diz\u00e1jn, amely t\u00f6k\u00e9letes kieg\u00e9sz\u00edt\u0151je a h\u00e9tk\u00f6znapoknak \u00e9s az eleg\u00e1ns alkalmaknak egyar\u00e1nt. Minden egyes darab gondos mestermunka, tele apr\u00f3l\u00e9kosan elhelyezett gy\u00e9m\u00e1ntokkal, hogy igazi ragyog\u00e1st biztos\u00edtson.<\/p>\n<p data-start=\"466\" data-end=\"702\">\n","protected":false},"featured_media":250672,"comment_status":"open","ping_status":"closed","template":"","meta":{"_acf_changed":false},"product_brand":[],"product_cat":[1918],"product_tag":[1305,1310,133],"class_list":{"0":"post-250688","1":"product","2":"type-product","3":"status-publish","4":"has-post-thumbnail","6":"product_cat-fulbevalo","7":"product_tag-feher-arany","8":"product_tag-feher-gyemant","9":"product_tag-noi","10":"pa_kollekcio-exkluziv-ekszerek","11":"pa_marka-royal-diamonds-by-alexandra-ronai","12":"pa_meret-6-mm-szeles","13":"pa_otvozet-finomsaga-143","14":"pa_suly-14-gr","16":"first","17":"onrequest","18":"taxable","19":"shipping-taxable","20":"product-type-simple"},"acf":[],"_links":{"self":[{"href":"https:\/\/gyemantekszer.com\/en\/wp-json\/wp\/v2\/product\/250688","targetHints":{"allow":["GET"]}}],"collection":[{"href":"https:\/\/gyemantekszer.com\/en\/wp-json\/wp\/v2\/product"}],"about":[{"href":"https:\/\/gyemantekszer.com\/en\/wp-json\/wp\/v2\/types\/product"}],"replies":[{"embeddable":true,"href":"https:\/\/gyemantekszer.com\/en\/wp-json\/wp\/v2\/comments?post=250688"}],"wp:featuredmedia":[{"embeddable":true,"href":"https:\/\/gyemantekszer.com\/en\/wp-json\/wp\/v2\/media\/250672"}],"wp:attachment":[{"href":"https:\/\/gyemantekszer.com\/en\/wp-json\/wp\/v2\/media?parent=250688"}],"wp:term":[{"taxonomy":"product_brand","embeddable":true,"href":"https:\/\/gyemantekszer.com\/en\/wp-json\/wp\/v2\/product_brand?post=250688"},{"taxonomy":"product_cat","embeddable":true,"href":"https:\/\/gyemantekszer.com\/en\/wp-json\/wp\/v2\/product_cat?post=250688"},{"taxonomy":"product_tag","embeddable":true,"href":"https:\/\/gyemantekszer.com\/en\/wp-json\/wp\/v2\/product_tag?post=250688"}],"curies":[{"name":"wp","href":"https:\/\/api.w.org\/{rel}","templated":true}]}}