{"id":250660,"date":"2025-12-02T14:33:17","date_gmt":"2025-12-02T13:33:17","guid":{"rendered":"https:\/\/gyemantekszer.com\/?post_type=product&#038;p=250660"},"modified":"2025-12-02T14:59:34","modified_gmt":"2025-12-02T13:59:34","slug":"royal-pure-ice-gyemant-gyuru","status":"publish","type":"product","link":"https:\/\/gyemantekszer.com\/en\/termek\/royal-pure-ice-gyemant-gyuru\/","title":{"rendered":"ROYAL &#8211; Pure Ice gy\u00e9m\u00e1ntgy\u0171r\u0171"},"content":{"rendered":"","protected":false},"excerpt":{"rendered":"<p>Ez a feh\u00e9rarany gy\u00e9m\u00e1ntgy\u0171r\u0171 finoman \u00edvelt, eleg\u00e1ns diz\u00e1jnnal, amely kiemeli a k\u00f6z\u00e9pen elhelyezked\u0151 brili\u00e1ns csiszol\u00e1s\u00fa gy\u00e9m\u00e1ntok ragyog\u00e1s\u00e1t. T\u00f6k\u00e9letes v\u00e1laszt\u00e1s, ha egy klasszikus, id\u0151t\u00e1ll\u00f3 darabot keresel.<\/p>\n<p>Aj\u00e1nljuk jegy\u0171r\u0171k\u00e9nt vagy \u00e9vfordul\u00f3s aj\u00e1nd\u00e9kk\u00e9nt.<\/p>\n<p>&nbsp;<\/p>\n","protected":false},"featured_media":250463,"comment_status":"open","ping_status":"closed","template":"","meta":{"_acf_changed":false},"product_brand":[],"product_cat":[1917],"product_tag":[1305,1310,140,133],"class_list":{"0":"post-250660","1":"product","2":"type-product","3":"status-publish","4":"has-post-thumbnail","6":"product_cat-gyuru","7":"product_tag-feher-arany","8":"product_tag-feher-gyemant","9":"product_tag-meretezheto","10":"product_tag-noi","11":"pa_kollekcio-exkluziv-ekszerek","12":"pa_marka-royal-diamonds-by-alexandra-ronai","13":"pa_meret-1059","14":"pa_otvozet-finomsaga-221","15":"pa_suly-38-gr","17":"first","18":"instock","19":"taxable","20":"shipping-taxable","21":"purchasable","22":"product-type-simple"},"acf":[],"_links":{"self":[{"href":"https:\/\/gyemantekszer.com\/en\/wp-json\/wp\/v2\/product\/250660","targetHints":{"allow":["GET"]}}],"collection":[{"href":"https:\/\/gyemantekszer.com\/en\/wp-json\/wp\/v2\/product"}],"about":[{"href":"https:\/\/gyemantekszer.com\/en\/wp-json\/wp\/v2\/types\/product"}],"replies":[{"embeddable":true,"href":"https:\/\/gyemantekszer.com\/en\/wp-json\/wp\/v2\/comments?post=250660"}],"wp:featuredmedia":[{"embeddable":true,"href":"https:\/\/gyemantekszer.com\/en\/wp-json\/wp\/v2\/media\/250463"}],"wp:attachment":[{"href":"https:\/\/gyemantekszer.com\/en\/wp-json\/wp\/v2\/media?parent=250660"}],"wp:term":[{"taxonomy":"product_brand","embeddable":true,"href":"https:\/\/gyemantekszer.com\/en\/wp-json\/wp\/v2\/product_brand?post=250660"},{"taxonomy":"product_cat","embeddable":true,"href":"https:\/\/gyemantekszer.com\/en\/wp-json\/wp\/v2\/product_cat?post=250660"},{"taxonomy":"product_tag","embeddable":true,"href":"https:\/\/gyemantekszer.com\/en\/wp-json\/wp\/v2\/product_tag?post=250660"}],"curies":[{"name":"wp","href":"https:\/\/api.w.org\/{rel}","templated":true}]}}