{"id":250633,"date":"2025-11-24T14:09:30","date_gmt":"2025-11-24T13:09:30","guid":{"rendered":"https:\/\/gyemantekszer.com\/?post_type=product&#038;p=250633"},"modified":"2025-11-24T16:58:36","modified_gmt":"2025-11-24T15:58:36","slug":"royal-golden-aura-gyemant-fulbevalo","status":"publish","type":"product","link":"https:\/\/gyemantekszer.com\/en\/termek\/royal-golden-aura-gyemant-fulbevalo\/","title":{"rendered":"ROYAL &#8211; Golden Aura gy\u00e9m\u00e1nt f\u00fclbeval\u00f3"},"content":{"rendered":"","protected":false},"excerpt":{"rendered":"<p>Ez a f\u00fclbeval\u00f3 a kifinomults\u00e1g \u00e9s a luxus t\u00f6k\u00e9letes \u00f6sszhangj\u00e1t hozza el. A s\u00e1rga arany finom ragyog\u00e1sa \u00e9s a kerek form\u00e1j\u00fa, m\u00e9lyk\u00e9k zaf\u00edr k\u00f6z\u00f6tti harm\u00f3nia egy igaz\u00e1n k\u00fcl\u00f6nleges \u00e9s eleg\u00e1ns megjelen\u00e9st k\u00f6lcs\u00f6n\u00f6z az \u00e9kszernek. A zaf\u00edr ragyog\u00e1sa m\u00e9lys\u00e9get \u00e9s titokzatoss\u00e1got sug\u00e1roz, m\u00edg az arany melegs\u00e9ge \u00e9s f\u00e9nyess\u00e9ge kifinomult, m\u00e9gis modern hat\u00e1st kelt.<\/p>\n<p data-start=\"447\" data-end=\"703\">A letisztult, m\u00e9gis figyelemfelkelt\u0151 diz\u00e1jn ide\u00e1lis v\u00e1laszt\u00e1s mindazok sz\u00e1m\u00e1ra, akik a klasszikus sz\u00e9ps\u00e9get \u00e9s az id\u0151tlen eleganci\u00e1t keresik.<\/p>\n<p>&nbsp;<\/p>\n<p>&nbsp;<\/p>\n<p data-start=\"466\" data-end=\"702\">\n","protected":false},"featured_media":250413,"comment_status":"open","ping_status":"closed","template":"","meta":{"_acf_changed":false},"product_brand":[],"product_cat":[1918],"product_tag":[1305,1310,133,1314],"class_list":{"0":"post-250633","1":"product","2":"type-product","3":"status-publish","4":"has-post-thumbnail","6":"product_cat-fulbevalo","7":"product_tag-feher-arany","8":"product_tag-feher-gyemant","9":"product_tag-noi","10":"product_tag-kek-zafir","11":"pa_kollekcio-exkluziv-ekszerek","12":"pa_marka-royal-diamonds-by-alexandra-ronai","13":"pa_otvozet-finomsaga-221","14":"pa_suly-18-gr","16":"first","17":"instock","18":"taxable","19":"shipping-taxable","20":"purchasable","21":"product-type-simple"},"acf":[],"_links":{"self":[{"href":"https:\/\/gyemantekszer.com\/en\/wp-json\/wp\/v2\/product\/250633","targetHints":{"allow":["GET"]}}],"collection":[{"href":"https:\/\/gyemantekszer.com\/en\/wp-json\/wp\/v2\/product"}],"about":[{"href":"https:\/\/gyemantekszer.com\/en\/wp-json\/wp\/v2\/types\/product"}],"replies":[{"embeddable":true,"href":"https:\/\/gyemantekszer.com\/en\/wp-json\/wp\/v2\/comments?post=250633"}],"wp:featuredmedia":[{"embeddable":true,"href":"https:\/\/gyemantekszer.com\/en\/wp-json\/wp\/v2\/media\/250413"}],"wp:attachment":[{"href":"https:\/\/gyemantekszer.com\/en\/wp-json\/wp\/v2\/media?parent=250633"}],"wp:term":[{"taxonomy":"product_brand","embeddable":true,"href":"https:\/\/gyemantekszer.com\/en\/wp-json\/wp\/v2\/product_brand?post=250633"},{"taxonomy":"product_cat","embeddable":true,"href":"https:\/\/gyemantekszer.com\/en\/wp-json\/wp\/v2\/product_cat?post=250633"},{"taxonomy":"product_tag","embeddable":true,"href":"https:\/\/gyemantekszer.com\/en\/wp-json\/wp\/v2\/product_tag?post=250633"}],"curies":[{"name":"wp","href":"https:\/\/api.w.org\/{rel}","templated":true}]}}