{"id":250290,"date":"2025-11-11T13:54:30","date_gmt":"2025-11-11T12:54:30","guid":{"rendered":"https:\/\/gyemantekszer.com\/?post_type=product&#038;p=250290"},"modified":"2026-03-11T13:23:30","modified_gmt":"2026-03-11T12:23:30","slug":"lenti-villasco-eight-flower-gyemantgyuru","status":"publish","type":"product","link":"https:\/\/gyemantekszer.com\/en\/termek\/lenti-villasco-eight-flower-gyemantgyuru\/","title":{"rendered":"LENTI &#038; VILLASCO \u2013 Eight Flower gy\u00e9m\u00e1ntgy\u0171r\u0171"},"content":{"rendered":"","protected":false},"excerpt":{"rendered":"<p>Ez az exkluz\u00edv, egyedi tervez\u00e9s\u0171 gy\u00e9m\u00e1ntgy\u0171r\u0171 a LENTI &amp; VILLASCO kifinomult st\u00edlus\u00e1t \u00e9s k\u00e9zm\u0171ves precizit\u00e1s\u00e1t t\u00fckr\u00f6zi. A feh\u00e9r aranyb\u00f3l k\u00e9sz\u00fclt \u00e9kszert egy gy\u00f6ny\u00f6r\u0171 vir\u00e1gmot\u00edvum d\u00edsz\u00edti, melyet ragyog\u00f3 gy\u00e9m\u00e1ntok tesznek ellen\u00e1llhatatlanul k\u00fcl\u00f6nlegess\u00e9. T\u00f6k\u00e9letes v\u00e1laszt\u00e1s minden alkalomra, ahol a luxus \u00e9s az elegancia tal\u00e1lkozik.<\/p>\n<p>Az olasz Piero Lenti \u00e9s Osvaldo Villasco \u00e1ltal alap\u00edtott LENTI &amp; VILLASCO t\u00f6bb mint f\u00e9l \u00e9vsz\u00e1zada k\u00e9sz\u00edt \u00e9s gy\u00e1rt kiv\u00e1l\u00f3 min\u0151s\u00e9g\u0171 \u00e9kszereket. Az a t\u00f6rekv\u00e9s, hogy minden apr\u00f3 r\u00e9szlet\u00e9ben kifog\u00e1stalan kivitelez\u00e9s\u0171 \u00e9kszereket tervezzen, a c\u00e9g f\u0151 k\u00fcldet\u00e9s\u00e9v\u00e9 v\u00e1lt.<\/p>\n","protected":false},"featured_media":250079,"comment_status":"open","ping_status":"closed","template":"","meta":{"_acf_changed":false},"product_brand":[],"product_cat":[1917],"product_tag":[133,1310,1305],"class_list":{"0":"post-250290","1":"product","2":"type-product","3":"status-publish","4":"has-post-thumbnail","6":"product_cat-gyuru","7":"product_tag-noi","8":"product_tag-feher-gyemant","9":"product_tag-feher-arany","10":"pa_kollekcio-exkluziv-ekszerek","11":"pa_marka-lenti-villasco","12":"pa_otvozet-finomsaga-143","13":"pa_suly-42-gr","15":"first","16":"instock","17":"taxable","18":"shipping-taxable","19":"purchasable","20":"product-type-simple"},"acf":[],"_links":{"self":[{"href":"https:\/\/gyemantekszer.com\/en\/wp-json\/wp\/v2\/product\/250290","targetHints":{"allow":["GET"]}}],"collection":[{"href":"https:\/\/gyemantekszer.com\/en\/wp-json\/wp\/v2\/product"}],"about":[{"href":"https:\/\/gyemantekszer.com\/en\/wp-json\/wp\/v2\/types\/product"}],"replies":[{"embeddable":true,"href":"https:\/\/gyemantekszer.com\/en\/wp-json\/wp\/v2\/comments?post=250290"}],"wp:featuredmedia":[{"embeddable":true,"href":"https:\/\/gyemantekszer.com\/en\/wp-json\/wp\/v2\/media\/250079"}],"wp:attachment":[{"href":"https:\/\/gyemantekszer.com\/en\/wp-json\/wp\/v2\/media?parent=250290"}],"wp:term":[{"taxonomy":"product_brand","embeddable":true,"href":"https:\/\/gyemantekszer.com\/en\/wp-json\/wp\/v2\/product_brand?post=250290"},{"taxonomy":"product_cat","embeddable":true,"href":"https:\/\/gyemantekszer.com\/en\/wp-json\/wp\/v2\/product_cat?post=250290"},{"taxonomy":"product_tag","embeddable":true,"href":"https:\/\/gyemantekszer.com\/en\/wp-json\/wp\/v2\/product_tag?post=250290"}],"curies":[{"name":"wp","href":"https:\/\/api.w.org\/{rel}","templated":true}]}}