{"id":249687,"date":"2025-06-26T11:55:17","date_gmt":"2025-06-26T09:55:17","guid":{"rendered":"https:\/\/gyemantekszer.com\/termek\/monic-gyemant-gyuru-2\/"},"modified":"2026-03-06T16:06:20","modified_gmt":"2026-03-06T15:06:20","slug":"monic-gyemant-gyuru-2","status":"publish","type":"product","link":"https:\/\/gyemantekszer.com\/en\/termek\/monic-gyemant-gyuru-2\/","title":{"rendered":"Monic gy\u00e9m\u00e1nt gy\u0171r\u0171"},"content":{"rendered":"","protected":false},"excerpt":{"rendered":"<p>\u00d6tletes tervez\u00e9s\u0171 s\u00e1rga arany fant\u00e1zia gy\u0171r\u0171, mely k\u00f6nnyed, kecses kidolgoz\u00e1sban l\u00e1that\u00f3. Sz\u00e9p kis gy\u00e9m\u00e1nt k\u00f6vekkel \u00e9kes, elb\u0171v\u00f6l\u0151 aj\u00e1nd\u00e9k lehet b\u00e1rmely alkalomra.<\/p>\n","protected":false},"featured_media":236463,"comment_status":"open","ping_status":"closed","template":"","meta":{"_acf_changed":false},"product_brand":[],"product_cat":[1917],"product_tag":[133,140,1310,1307],"class_list":{"0":"post-249687","1":"product","2":"type-product","3":"status-publish","4":"has-post-thumbnail","6":"product_cat-gyuru","7":"product_tag-noi","8":"product_tag-meretezheto","9":"product_tag-feher-gyemant","10":"product_tag-sarga-arany","11":"pa_kollekcio-exkluziv-ekszerek","12":"pa_marka-royal-diamonds-by-alexandra-ronai","13":"pa_meret-259","14":"pa_meret-187","15":"pa_otvozet-finomsaga-221","16":"pa_suly-14-gr","18":"first","19":"instock","20":"sale","21":"taxable","22":"shipping-taxable","23":"purchasable","24":"product-type-simple"},"acf":[],"_links":{"self":[{"href":"https:\/\/gyemantekszer.com\/en\/wp-json\/wp\/v2\/product\/249687","targetHints":{"allow":["GET"]}}],"collection":[{"href":"https:\/\/gyemantekszer.com\/en\/wp-json\/wp\/v2\/product"}],"about":[{"href":"https:\/\/gyemantekszer.com\/en\/wp-json\/wp\/v2\/types\/product"}],"replies":[{"embeddable":true,"href":"https:\/\/gyemantekszer.com\/en\/wp-json\/wp\/v2\/comments?post=249687"}],"wp:featuredmedia":[{"embeddable":true,"href":"https:\/\/gyemantekszer.com\/en\/wp-json\/wp\/v2\/media\/236463"}],"wp:attachment":[{"href":"https:\/\/gyemantekszer.com\/en\/wp-json\/wp\/v2\/media?parent=249687"}],"wp:term":[{"taxonomy":"product_brand","embeddable":true,"href":"https:\/\/gyemantekszer.com\/en\/wp-json\/wp\/v2\/product_brand?post=249687"},{"taxonomy":"product_cat","embeddable":true,"href":"https:\/\/gyemantekszer.com\/en\/wp-json\/wp\/v2\/product_cat?post=249687"},{"taxonomy":"product_tag","embeddable":true,"href":"https:\/\/gyemantekszer.com\/en\/wp-json\/wp\/v2\/product_tag?post=249687"}],"curies":[{"name":"wp","href":"https:\/\/api.w.org\/{rel}","templated":true}]}}