{"id":249682,"date":"2025-06-20T11:30:08","date_gmt":"2025-06-20T09:30:08","guid":{"rendered":"https:\/\/gyemantekszer.com\/termek\/royal-kvadra-gyemant-fulbevalo\/"},"modified":"2025-09-29T13:08:33","modified_gmt":"2025-09-29T11:08:33","slug":"royal-kvadra-gyemant-fulbevalo","status":"publish","type":"product","link":"https:\/\/gyemantekszer.com\/en\/termek\/royal-kvadra-gyemant-fulbevalo\/","title":{"rendered":"ROYAL &#8211; Kvadra gy\u00e9m\u00e1nt f\u00fclbeval\u00f3"},"content":{"rendered":"","protected":false},"excerpt":{"rendered":"<p>Ez a k\u00fcl\u00f6nleges f\u00fclbeval\u00f3 a klasszikus n\u0151iess\u00e9get \u00f6tv\u00f6zi a modern diz\u00e1jnnal. A fels\u0151 r\u00e9szen egy ragyog\u00f3 feh\u00e9rarany karika emeli ki visel\u0151je arc\u00e1t, amelyet apr\u00f3, csillog\u00f3 gy\u00e9m\u00e1ntok d\u00edsz\u00edtenek \u2013 finom f\u00e9nyj\u00e1t\u00e9k\u00e1val minden mozdulatra \u00e9letre kel. Az als\u00f3 r\u00e9sz egy sz\u00f6gletes, n\u00e9gyzet form\u00e1j\u00fa f\u00fcgg\u0151, szint\u00e9n feh\u00e9raranyb\u00f3l, amelynek k\u00f6zep\u00e9t egy r\u00e9szletgazdag, finoman megmunk\u00e1lt d\u00edszelem teszi igaz\u00e1n egyediv\u00e9.<\/p>\n<p>Ez a f\u00fclbeval\u00f3 nem csup\u00e1n \u00e9kszer, hanem egy st\u00edlusos nyilatkozat \u2013 letisztult vonalai \u00e9s ragyog\u00f3 r\u00e9szletei t\u00f6k\u00e9letesen illenek k\u00fcl\u00f6nleges alkalmakhoz \u00e9s eml\u00e9kezetes pillanatokhoz.<\/p>\n<p>A f\u00fclbeval\u00f3 el\u00e9rhet\u0151 szettben is, a hozz\u00e1ill\u0151, azonos formavil\u00e1got k\u00f6vet\u0151 nyak\u00e9kkel (6382) egy\u00fctt \u2013 a harmonikus, kifinomult megjelen\u00e9s jegy\u00e9ben.<\/p>\n<p>&nbsp;<\/p>\n","protected":false},"featured_media":235171,"comment_status":"open","ping_status":"open","template":"","meta":{"_acf_changed":false},"product_brand":[],"product_cat":[1918],"product_tag":[1384,1390,1376,1375],"class_list":{"0":"post-249682","1":"product","2":"type-product","3":"status-publish","4":"has-post-thumbnail","6":"product_cat-fulbevalo","7":"product_tag-for-ladies","8":"product_tag-jewel-setts","9":"product_tag-white-diamond","10":"product_tag-white-gold","11":"pa_kollekcio-exkluziv-ekszerek","12":"pa_marka-royal-diamonds-by-alexandra-ronai","13":"pa_otvozet-finomsaga-221","14":"pa_suly-14-gr","15":"pa_zarak-stekkeres-atszuros-zar","17":"first","18":"instock","19":"taxable","20":"shipping-taxable","21":"purchasable","22":"product-type-simple"},"acf":[],"_links":{"self":[{"href":"https:\/\/gyemantekszer.com\/en\/wp-json\/wp\/v2\/product\/249682","targetHints":{"allow":["GET"]}}],"collection":[{"href":"https:\/\/gyemantekszer.com\/en\/wp-json\/wp\/v2\/product"}],"about":[{"href":"https:\/\/gyemantekszer.com\/en\/wp-json\/wp\/v2\/types\/product"}],"replies":[{"embeddable":true,"href":"https:\/\/gyemantekszer.com\/en\/wp-json\/wp\/v2\/comments?post=249682"}],"wp:featuredmedia":[{"embeddable":true,"href":"https:\/\/gyemantekszer.com\/en\/wp-json\/wp\/v2\/media\/235171"}],"wp:attachment":[{"href":"https:\/\/gyemantekszer.com\/en\/wp-json\/wp\/v2\/media?parent=249682"}],"wp:term":[{"taxonomy":"product_brand","embeddable":true,"href":"https:\/\/gyemantekszer.com\/en\/wp-json\/wp\/v2\/product_brand?post=249682"},{"taxonomy":"product_cat","embeddable":true,"href":"https:\/\/gyemantekszer.com\/en\/wp-json\/wp\/v2\/product_cat?post=249682"},{"taxonomy":"product_tag","embeddable":true,"href":"https:\/\/gyemantekszer.com\/en\/wp-json\/wp\/v2\/product_tag?post=249682"}],"curies":[{"name":"wp","href":"https:\/\/api.w.org\/{rel}","templated":true}]}}