{"id":249681,"date":"2025-06-20T10:01:05","date_gmt":"2025-06-20T08:01:05","guid":{"rendered":"https:\/\/gyemantekszer.com\/termek\/royal-solira-gyemant-nyakek\/"},"modified":"2025-12-05T13:45:05","modified_gmt":"2025-12-05T12:45:05","slug":"royal-solira-gyemant-nyakek","status":"publish","type":"product","link":"https:\/\/gyemantekszer.com\/en\/termek\/royal-solira-gyemant-nyakek\/","title":{"rendered":"ROYAL &#8211; Solira gy\u00e9m\u00e1nt nyak\u00e9k"},"content":{"rendered":"","protected":false},"excerpt":{"rendered":"<p data-start=\"159\" data-end=\"612\">Fedezze fel ezt a gy\u00f6ny\u00f6r\u0171 gy\u00e9m\u00e1nt nyak\u00e9ket, amelynek k\u00f6z\u00e9ppontj\u00e1ban egy gy\u00f6ny\u00f6r\u0171, ov\u00e1lisra csiszolt top\u00e1z ragyog. A k\u0151 k\u00f6r\u00fcl apr\u00f3, csillog\u00f3 gy\u00e9m\u00e1ntok d\u00edsz\u00edtik az \u00e9kszert, melyek m\u00e9g ink\u00e1bb kiemelik a top\u00e1z eleganci\u00e1j\u00e1t \u00e9s f\u00e9ny\u00e9t. A med\u00e1l fels\u0151 r\u00e9sze antikhat\u00e1s\u00fa, feh\u00e9r aranyb\u00f3l k\u00e9sz\u00fclt, finoman csepp alak\u00fa, amely t\u00f6k\u00e9letesen harmoniz\u00e1l a cs\u00fcng\u0151 form\u00e1j\u00e1val, \u00e9s egyed\u00fcl\u00e1ll\u00f3, id\u0151tlen st\u00edlust k\u00f6lcs\u00f6n\u00f6z visel\u0151j\u00e9nek.<\/p>\n<p data-start=\"614\" data-end=\"843\">Ez a k\u00e1pr\u00e1zatos \u00e9kszer szettben is megv\u00e1s\u00e1rolhat\u00f3, a hozz\u00e1tartoz\u00f3 ugyancsak ov\u00e1lis top\u00e1zzal \u00e9s gy\u00e9m\u00e1ntokkal d\u00edsz\u00edtett feh\u00e9r arany f\u00fclbeval\u00f3val egy\u00fctt (6379). Viselje \u0151ket egy\u00fctt, hogy m\u00e9g teljesebb \u00e9s leny\u0171g\u00f6z\u0151bb megjelen\u00e9st \u00e9rjen el!<\/p>\n<p data-start=\"614\" data-end=\"843\">\n","protected":false},"featured_media":235164,"comment_status":"open","ping_status":"closed","template":"","meta":{"_acf_changed":false},"product_brand":[],"product_cat":[1923],"product_tag":[133,138,1931,1310,1305],"class_list":{"0":"post-249681","1":"product","2":"type-product","3":"status-publish","4":"has-post-thumbnail","6":"product_cat-nyakek","7":"product_tag-noi","8":"product_tag-ekszer-szett","9":"product_tag-topaz","10":"product_tag-feher-gyemant","11":"product_tag-feher-arany","12":"pa_kollekcio-exkluziv-ekszerek","13":"pa_marka-royal-diamonds-by-alexandra-ronai","14":"pa_meret-44-cm","15":"pa_otvozet-finomsaga-221","16":"pa_suly-22-gr","17":"pa_zarak-karabiner-zar","19":"first","20":"onrequest","21":"taxable","22":"shipping-taxable","23":"product-type-simple"},"acf":[],"_links":{"self":[{"href":"https:\/\/gyemantekszer.com\/en\/wp-json\/wp\/v2\/product\/249681","targetHints":{"allow":["GET"]}}],"collection":[{"href":"https:\/\/gyemantekszer.com\/en\/wp-json\/wp\/v2\/product"}],"about":[{"href":"https:\/\/gyemantekszer.com\/en\/wp-json\/wp\/v2\/types\/product"}],"replies":[{"embeddable":true,"href":"https:\/\/gyemantekszer.com\/en\/wp-json\/wp\/v2\/comments?post=249681"}],"wp:featuredmedia":[{"embeddable":true,"href":"https:\/\/gyemantekszer.com\/en\/wp-json\/wp\/v2\/media\/235164"}],"wp:attachment":[{"href":"https:\/\/gyemantekszer.com\/en\/wp-json\/wp\/v2\/media?parent=249681"}],"wp:term":[{"taxonomy":"product_brand","embeddable":true,"href":"https:\/\/gyemantekszer.com\/en\/wp-json\/wp\/v2\/product_brand?post=249681"},{"taxonomy":"product_cat","embeddable":true,"href":"https:\/\/gyemantekszer.com\/en\/wp-json\/wp\/v2\/product_cat?post=249681"},{"taxonomy":"product_tag","embeddable":true,"href":"https:\/\/gyemantekszer.com\/en\/wp-json\/wp\/v2\/product_tag?post=249681"}],"curies":[{"name":"wp","href":"https:\/\/api.w.org\/{rel}","templated":true}]}}