{"id":249680,"date":"2025-06-19T14:35:26","date_gmt":"2025-06-19T12:35:26","guid":{"rendered":"https:\/\/gyemantekszer.com\/termek\/royal-solira-gyemant-fulbevalo\/"},"modified":"2025-11-05T16:47:20","modified_gmt":"2025-11-05T15:47:20","slug":"royal-solira-gyemant-fulbevalo","status":"publish","type":"product","link":"https:\/\/gyemantekszer.com\/en\/termek\/royal-solira-gyemant-fulbevalo\/","title":{"rendered":"ROYAL &#8211; Solira gy\u00e9m\u00e1nt f\u00fclbeval\u00f3"},"content":{"rendered":"","protected":false},"excerpt":{"rendered":"<p data-start=\"159\" data-end=\"612\">Fedezze fel ezt a p\u00e1ratlan sz\u00e9ps\u00e9g\u0171 feh\u00e9r arany cs\u00fcng\u0151 f\u00fclbeval\u00f3t, amelynek k\u00f6z\u00e9ppontj\u00e1ban egy gy\u00f6ny\u00f6r\u0171, ov\u00e1lisra csiszolt top\u00e1z ragyog. A k\u0151 k\u00f6r\u00fcl apr\u00f3, csillog\u00f3 gy\u00e9m\u00e1ntok d\u00edsz\u00edtik a f\u00fclbeval\u00f3t, melyek m\u00e9g ink\u00e1bb kiemelik a top\u00e1z eleganci\u00e1j\u00e1t \u00e9s f\u00e9ny\u00e9t. A f\u00fclbeval\u00f3 fels\u0151 r\u00e9sze antikhat\u00e1s\u00fa, feh\u00e9r aranyb\u00f3l k\u00e9sz\u00fclt, finoman csepp alak\u00fa, amely t\u00f6k\u00e9letesen harmoniz\u00e1l a cs\u00fcng\u0151 form\u00e1j\u00e1val, \u00e9s egyed\u00fcl\u00e1ll\u00f3, id\u0151tlen st\u00edlust k\u00f6lcs\u00f6n\u00f6z visel\u0151j\u00e9nek.<\/p>\n<p data-start=\"614\" data-end=\"843\">Ez a k\u00e1pr\u00e1zatos \u00e9kszer szettben is megv\u00e1s\u00e1rolhat\u00f3, melyhez tartozik a hozz\u00e1ill\u0151, ugyancsak ov\u00e1lis top\u00e1zzal \u00e9s gy\u00e9m\u00e1ntokkal d\u00edsz\u00edtett feh\u00e9r arany nyak\u00e9k (6380). Viselje \u0151ket egy\u00fctt, hogy m\u00e9g teljesebb \u00e9s leny\u0171g\u00f6z\u0151bb megjelen\u00e9st \u00e9rjen el!<\/p>\n<p data-start=\"614\" data-end=\"843\">\n","protected":false},"featured_media":235157,"comment_status":"open","ping_status":"closed","template":"","meta":{"_acf_changed":false},"product_brand":[],"product_cat":[1918],"product_tag":[138,1305,1310,133],"class_list":{"0":"post-249680","1":"product","2":"type-product","3":"status-publish","4":"has-post-thumbnail","6":"product_cat-fulbevalo","7":"product_tag-ekszer-szett","8":"product_tag-feher-arany","9":"product_tag-feher-gyemant","10":"product_tag-noi","11":"pa_kollekcio-exkluziv-ekszerek","12":"pa_marka-royal-diamonds-by-alexandra-ronai","13":"pa_meret-12-cm-hosszu","14":"pa_otvozet-finomsaga-221","15":"pa_suly-18-gr","16":"pa_zarak-stekkeres-atszuros-zar","18":"first","19":"instock","20":"sale","21":"taxable","22":"shipping-taxable","23":"purchasable","24":"product-type-simple"},"acf":[],"_links":{"self":[{"href":"https:\/\/gyemantekszer.com\/en\/wp-json\/wp\/v2\/product\/249680","targetHints":{"allow":["GET"]}}],"collection":[{"href":"https:\/\/gyemantekszer.com\/en\/wp-json\/wp\/v2\/product"}],"about":[{"href":"https:\/\/gyemantekszer.com\/en\/wp-json\/wp\/v2\/types\/product"}],"replies":[{"embeddable":true,"href":"https:\/\/gyemantekszer.com\/en\/wp-json\/wp\/v2\/comments?post=249680"}],"wp:featuredmedia":[{"embeddable":true,"href":"https:\/\/gyemantekszer.com\/en\/wp-json\/wp\/v2\/media\/235157"}],"wp:attachment":[{"href":"https:\/\/gyemantekszer.com\/en\/wp-json\/wp\/v2\/media?parent=249680"}],"wp:term":[{"taxonomy":"product_brand","embeddable":true,"href":"https:\/\/gyemantekszer.com\/en\/wp-json\/wp\/v2\/product_brand?post=249680"},{"taxonomy":"product_cat","embeddable":true,"href":"https:\/\/gyemantekszer.com\/en\/wp-json\/wp\/v2\/product_cat?post=249680"},{"taxonomy":"product_tag","embeddable":true,"href":"https:\/\/gyemantekszer.com\/en\/wp-json\/wp\/v2\/product_tag?post=249680"}],"curies":[{"name":"wp","href":"https:\/\/api.w.org\/{rel}","templated":true}]}}