{"id":249678,"date":"2025-06-19T12:55:28","date_gmt":"2025-06-19T10:55:28","guid":{"rendered":"https:\/\/gyemantekszer.com\/termek\/royal-isla-gyemant-nyakek2\/"},"modified":"2025-10-13T15:35:20","modified_gmt":"2025-10-13T13:35:20","slug":"royal-isla-gyemant-nyakek2","status":"publish","type":"product","link":"https:\/\/gyemantekszer.com\/en\/product\/royal-isla-gyemant-nyakek2\/","title":{"rendered":"ROYAL &#8211; Isla yellow gy\u00e9m\u00e1nt nyak\u00e9k"},"content":{"rendered":"","protected":false},"excerpt":{"rendered":"<p data-start=\"322\" data-end=\"564\">Ez a leny\u0171g\u00f6z\u0151 gy\u00e9m\u00e1nt nyak\u00e9k a klasszikus elegancia \u00e9s a modern forma tal\u00e1lkoz\u00e1sa. A szinte sz\u00f6gletes, ov\u00e1lis alakzat k\u00fcl\u00f6nleges karaktert ad az \u00e9kszernek, mik\u00f6zben a feh\u00e9rarany finom f\u00e9nye t\u00f6k\u00e9letes h\u00e1tteret biztos\u00edt a ragyog\u00f3 gy\u00e9m\u00e1ntok sz\u00e1m\u00e1ra.<\/p>\n<p data-start=\"566\" data-end=\"857\">A med\u00e1l teljes ker\u00fclet\u00e9t apr\u00f3, csillog\u00f3 gy\u00e9m\u00e1ntok d\u00edsz\u00edtik, amelyek minden sz\u00f6gb\u0151l f\u00e9nyt \u00e9s eleganci\u00e1t sug\u00e1roznak. A diz\u00e1jn cs\u00facspontj\u00e1t a s\u00e1rga aranyba foglalt<strong data-start=\"733\" data-end=\"779\">\u00a0smaragd csiszol\u00e1s\u00fa gy\u00e9m\u00e1nt<\/strong> adja, amelyek kifinomult, t\u00fckr\u00f6z\u0151d\u0151 ragyog\u00e1sukkal igazi luxus\u00e9rzetet keltenek.<\/p>\n<p data-start=\"566\" data-end=\"857\">A nyak\u00e9k \u00f6nmag\u00e1ban is el\u00e9rhet\u0151,<strong data-start=\"692\" data-end=\"809\"> de megv\u00e1s\u00e1rolhat\u00f3 szettben is a hozz\u00e1 ill\u0151, exkluz\u00edv gy\u00e9m\u00e1nt f\u00fclbeval\u00f3val (6375) egy\u00fctt, <\/strong>ami ugyanezt a diz\u00e1jnt k\u00f6veti, \u00edgy t\u00f6k\u00e9letes harm\u00f3ni\u00e1t alkot a f\u00fclbeval\u00f3val \u2013 ide\u00e1lis v\u00e1laszt\u00e1s \u00fcnnepi alkalmakra vagy k\u00fcl\u00f6nleges aj\u00e1nd\u00e9knak.<\/p>\n<p data-start=\"566\" data-end=\"857\">\n","protected":false},"featured_media":235141,"comment_status":"open","ping_status":"closed","template":"","meta":{"_acf_changed":false},"product_brand":[],"product_cat":[1923],"product_tag":[1384,1390,1306,1376,1375],"class_list":{"0":"post-249678","1":"product","2":"type-product","3":"status-publish","4":"has-post-thumbnail","6":"product_cat-nyakek","7":"product_tag-for-ladies","8":"product_tag-jewel-setts","9":"product_tag-roze-arany","10":"product_tag-white-diamond","11":"product_tag-white-gold","12":"pa_kollekcio-exkluziv-ekszerek","13":"pa_marka-royal-diamonds-by-alexandra-ronai","14":"pa_meret-45-cm","15":"pa_otvozet-finomsaga-221","16":"pa_suly-28-gr","17":"pa_zarak-karabiner-zar","19":"first","20":"instock","21":"taxable","22":"shipping-taxable","23":"purchasable","24":"product-type-simple"},"acf":[],"_links":{"self":[{"href":"https:\/\/gyemantekszer.com\/en\/wp-json\/wp\/v2\/product\/249678","targetHints":{"allow":["GET"]}}],"collection":[{"href":"https:\/\/gyemantekszer.com\/en\/wp-json\/wp\/v2\/product"}],"about":[{"href":"https:\/\/gyemantekszer.com\/en\/wp-json\/wp\/v2\/types\/product"}],"replies":[{"embeddable":true,"href":"https:\/\/gyemantekszer.com\/en\/wp-json\/wp\/v2\/comments?post=249678"}],"wp:featuredmedia":[{"embeddable":true,"href":"https:\/\/gyemantekszer.com\/en\/wp-json\/wp\/v2\/media\/235141"}],"wp:attachment":[{"href":"https:\/\/gyemantekszer.com\/en\/wp-json\/wp\/v2\/media?parent=249678"}],"wp:term":[{"taxonomy":"product_brand","embeddable":true,"href":"https:\/\/gyemantekszer.com\/en\/wp-json\/wp\/v2\/product_brand?post=249678"},{"taxonomy":"product_cat","embeddable":true,"href":"https:\/\/gyemantekszer.com\/en\/wp-json\/wp\/v2\/product_cat?post=249678"},{"taxonomy":"product_tag","embeddable":true,"href":"https:\/\/gyemantekszer.com\/en\/wp-json\/wp\/v2\/product_tag?post=249678"}],"curies":[{"name":"wp","href":"https:\/\/api.w.org\/{rel}","templated":true}]}}