{"id":249675,"date":"2025-06-18T14:32:54","date_gmt":"2025-06-18T12:32:54","guid":{"rendered":"https:\/\/gyemantekszer.com\/termek\/royal-isla-gyemant-fulbevalo\/"},"modified":"2025-10-13T15:33:07","modified_gmt":"2025-10-13T13:33:07","slug":"royal-isla-gyemant-fulbevalo","status":"publish","type":"product","link":"https:\/\/gyemantekszer.com\/en\/termek\/royal-isla-gyemant-fulbevalo\/","title":{"rendered":"ROYAL &#8211; Isla gy\u00e9m\u00e1nt f\u00fclbeval\u00f3"},"content":{"rendered":"","protected":false},"excerpt":{"rendered":"<p data-start=\"322\" data-end=\"564\">Ez a leny\u0171g\u00f6z\u0151 f\u00fclbeval\u00f3 a klasszikus elegancia \u00e9s a modern forma tal\u00e1lkoz\u00e1sa. A szinte sz\u00f6gletes, ov\u00e1lis alakzat k\u00fcl\u00f6nleges karaktert ad az \u00e9kszernek, mik\u00f6zben a feh\u00e9rarany finom f\u00e9nye t\u00f6k\u00e9letes h\u00e1tteret biztos\u00edt a ragyog\u00f3 gy\u00e9m\u00e1ntok sz\u00e1m\u00e1ra.<\/p>\n<p data-start=\"566\" data-end=\"857\">A f\u00fclbeval\u00f3 teljes ker\u00fclet\u00e9t apr\u00f3, csillog\u00f3 gy\u00e9m\u00e1ntok d\u00edsz\u00edtik, amelyek minden sz\u00f6gb\u0151l f\u00e9nyt \u00e9s eleganci\u00e1t sug\u00e1roznak. A diz\u00e1jn cs\u00facspontj\u00e1t a k\u00e9t oldalon elhelyezett <strong data-start=\"733\" data-end=\"779\">t\u00e9glalap alak\u00fa, smaragd csiszol\u00e1s\u00fa gy\u00e9m\u00e1nt<\/strong> adja, melyek kifinomult, t\u00fckr\u00f6z\u0151d\u0151 ragyog\u00e1sukkal igazi luxus\u00e9rzetet keltenek.<\/p>\n<p data-start=\"566\" data-end=\"857\">A f\u00fclbeval\u00f3 \u00f6nmag\u00e1ban is el\u00e9rhet\u0151,<strong data-start=\"692\" data-end=\"809\"> de megv\u00e1s\u00e1rolhat\u00f3 szettben is a hozz\u00e1 ill\u0151, exkluz\u00edv gy\u00e9m\u00e1nt nyak\u00e9kkel (6776) egy\u00fctt.<\/strong> A nyak\u00e9k ugyanezt a diz\u00e1jnt k\u00f6veti, \u00edgy t\u00f6k\u00e9letes harm\u00f3ni\u00e1t alkot a f\u00fclbeval\u00f3val \u2013 ide\u00e1lis v\u00e1laszt\u00e1s \u00fcnnepi alkalmakra vagy k\u00fcl\u00f6nleges aj\u00e1nd\u00e9knak.<\/p>\n","protected":false},"featured_media":235118,"comment_status":"open","ping_status":"closed","template":"","meta":{"_acf_changed":false},"product_brand":[],"product_cat":[1918],"product_tag":[133,138,1310,1305],"class_list":{"0":"post-249675","1":"product","2":"type-product","3":"status-publish","4":"has-post-thumbnail","6":"product_cat-fulbevalo","7":"product_tag-noi","8":"product_tag-ekszer-szett","9":"product_tag-feher-gyemant","10":"product_tag-feher-arany","11":"pa_kollekcio-exkluziv-ekszerek","12":"pa_marka-royal-diamonds-by-alexandra-ronai","13":"pa_meret-12-cm-hosszu","14":"pa_otvozet-finomsaga-221","15":"pa_suly-18-gr","16":"pa_zarak-stekkeres-atszuros-zar","18":"first","19":"instock","20":"taxable","21":"shipping-taxable","22":"purchasable","23":"product-type-simple"},"acf":[],"_links":{"self":[{"href":"https:\/\/gyemantekszer.com\/en\/wp-json\/wp\/v2\/product\/249675","targetHints":{"allow":["GET"]}}],"collection":[{"href":"https:\/\/gyemantekszer.com\/en\/wp-json\/wp\/v2\/product"}],"about":[{"href":"https:\/\/gyemantekszer.com\/en\/wp-json\/wp\/v2\/types\/product"}],"replies":[{"embeddable":true,"href":"https:\/\/gyemantekszer.com\/en\/wp-json\/wp\/v2\/comments?post=249675"}],"wp:featuredmedia":[{"embeddable":true,"href":"https:\/\/gyemantekszer.com\/en\/wp-json\/wp\/v2\/media\/235118"}],"wp:attachment":[{"href":"https:\/\/gyemantekszer.com\/en\/wp-json\/wp\/v2\/media?parent=249675"}],"wp:term":[{"taxonomy":"product_brand","embeddable":true,"href":"https:\/\/gyemantekszer.com\/en\/wp-json\/wp\/v2\/product_brand?post=249675"},{"taxonomy":"product_cat","embeddable":true,"href":"https:\/\/gyemantekszer.com\/en\/wp-json\/wp\/v2\/product_cat?post=249675"},{"taxonomy":"product_tag","embeddable":true,"href":"https:\/\/gyemantekszer.com\/en\/wp-json\/wp\/v2\/product_tag?post=249675"}],"curies":[{"name":"wp","href":"https:\/\/api.w.org\/{rel}","templated":true}]}}