{"id":249673,"date":"2025-06-06T14:18:19","date_gmt":"2025-06-06T12:18:19","guid":{"rendered":"https:\/\/gyemantekszer.com\/termek\/royal-florea-gyemant-fulbevalo\/"},"modified":"2025-11-07T13:13:53","modified_gmt":"2025-11-07T12:13:53","slug":"royal-florea-gyemant-fulbevalo","status":"publish","type":"product","link":"https:\/\/gyemantekszer.com\/en\/termek\/royal-florea-gyemant-fulbevalo\/","title":{"rendered":"ROYAL &#8211; Flor\u00e9a gy\u00e9m\u00e1nt f\u00fclbeval\u00f3"},"content":{"rendered":"","protected":false},"excerpt":{"rendered":"<p data-start=\"124\" data-end=\"367\"><strong data-start=\"124\" data-end=\"225\">Ez a s\u00e1rga arany f\u00fclbeval\u00f3 a klasszikus vir\u00e1gmot\u00edvum \u00e9s a kifinomult luxus t\u00f6k\u00e9letes tal\u00e1lkoz\u00e1sa.<\/strong> A finoman megform\u00e1lt arany vir\u00e1g szirmait apr\u00f3, k\u00f6rben elhelyezett gy\u00e9m\u00e1ntok \u00f6lelik k\u00f6r\u00fcl, gy\u00f6ny\u00f6r\u0171en visszaverve a f\u00e9nyt minden mozdulatn\u00e1l.<\/p>\n<p data-start=\"369\" data-end=\"609\">A f\u00fclbeval\u00f3 k\u00f6zep\u00e9n elhelyezett, m\u00e9lyv\u00f6r\u00f6s rubin eleg\u00e1ns kontrasztot alkot a ragyog\u00f3 gy\u00e9m\u00e1ntokkal \u00e9s a meleg arany t\u00f3nussal. A francia z\u00e1r nemcsak biztons\u00e1gos, de finom \u00edv\u00e9vel m\u00e9g tov\u00e1bb er\u0151s\u00edti a f\u00fclbeval\u00f3 klasszikus \u00e9s id\u0151tlen karakter\u00e9t.<\/p>\n<p data-start=\"611\" data-end=\"764\"><strong data-start=\"611\" data-end=\"764\">K\u00fcl\u00f6nleges alkalmak \u00e9ke lehet, de ak\u00e1r a h\u00e9tk\u00f6znapok eleg\u00e1ns kieg\u00e9sz\u00edt\u0151jek\u00e9nt is viselhet\u0151 \u2013 egy \u00e9kszer, amely egyszerre n\u0151ies, nemes \u00e9s \u00f6r\u00f6k\u00e9rv\u00e9ny\u0171.<\/strong><\/p>\n<p data-start=\"611\" data-end=\"764\">\n","protected":false},"featured_media":235102,"comment_status":"open","ping_status":"closed","template":"","meta":{"_acf_changed":false},"product_brand":[],"product_cat":[1918],"product_tag":[138,1310,133,1863,1307],"class_list":{"0":"post-249673","1":"product","2":"type-product","3":"status-publish","4":"has-post-thumbnail","6":"product_cat-fulbevalo","7":"product_tag-ekszer-szett","8":"product_tag-feher-gyemant","9":"product_tag-noi","10":"product_tag-rubin","11":"product_tag-sarga-arany","12":"pa_kollekcio-divat-ekszerek-kiegeszitok","13":"pa_marka-royal-diamonds-by-alexandra-ronai","14":"pa_otvozet-finomsaga-221","15":"pa_suly-37-gr","16":"pa_zarak-francia-zar","18":"first","19":"instock","20":"sale","21":"taxable","22":"shipping-taxable","23":"purchasable","24":"product-type-simple"},"acf":[],"_links":{"self":[{"href":"https:\/\/gyemantekszer.com\/en\/wp-json\/wp\/v2\/product\/249673","targetHints":{"allow":["GET"]}}],"collection":[{"href":"https:\/\/gyemantekszer.com\/en\/wp-json\/wp\/v2\/product"}],"about":[{"href":"https:\/\/gyemantekszer.com\/en\/wp-json\/wp\/v2\/types\/product"}],"replies":[{"embeddable":true,"href":"https:\/\/gyemantekszer.com\/en\/wp-json\/wp\/v2\/comments?post=249673"}],"wp:featuredmedia":[{"embeddable":true,"href":"https:\/\/gyemantekszer.com\/en\/wp-json\/wp\/v2\/media\/235102"}],"wp:attachment":[{"href":"https:\/\/gyemantekszer.com\/en\/wp-json\/wp\/v2\/media?parent=249673"}],"wp:term":[{"taxonomy":"product_brand","embeddable":true,"href":"https:\/\/gyemantekszer.com\/en\/wp-json\/wp\/v2\/product_brand?post=249673"},{"taxonomy":"product_cat","embeddable":true,"href":"https:\/\/gyemantekszer.com\/en\/wp-json\/wp\/v2\/product_cat?post=249673"},{"taxonomy":"product_tag","embeddable":true,"href":"https:\/\/gyemantekszer.com\/en\/wp-json\/wp\/v2\/product_tag?post=249673"}],"curies":[{"name":"wp","href":"https:\/\/api.w.org\/{rel}","templated":true}]}}