{"id":249661,"date":"2025-06-04T14:25:00","date_gmt":"2025-06-04T12:25:00","guid":{"rendered":"https:\/\/gyemantekszer.com\/termek\/royal-massima-gyemant-fulevalo\/"},"modified":"2025-11-07T13:10:48","modified_gmt":"2025-11-07T12:10:48","slug":"royal-massima-gyemant-fulevalo","status":"publish","type":"product","link":"https:\/\/gyemantekszer.com\/en\/product\/royal-massima-gyemant-fulevalo\/","title":{"rendered":"ROYAL &#8211; Massima gy\u00e9m\u00e1nt f\u00fcleval\u00f3"},"content":{"rendered":"","protected":false},"excerpt":{"rendered":"<p>Fedezd fel a kifinomult st\u00edlust \u00e9s a luxust ezzel a s\u00e1rga aranyb\u00f3l k\u00e9sz\u00fclt f\u00fclbeval\u00f3val, amelyet gy\u00f6ny\u00f6r\u0171 csillog\u00f3 feh\u00e9r gy\u00e9m\u00e1ntok \u00e9s kvarc, citrin, gr\u00e1n\u00e1t d\u00edsz\u00edtenek. Ide\u00e1lis v\u00e1laszt\u00e1s k\u00fcl\u00f6nleges alkalmakra, de a mindennapi elegancia megteremt\u00e9s\u00e9re is t\u00f6k\u00e9letes kieg\u00e9sz\u00edt\u0151. Hozz\u00e1 tart\u00f3z\u00f3 med\u00e1l 6359 cikksz\u00e1mmal keresd.<\/p>\n","protected":false},"featured_media":235016,"comment_status":"open","ping_status":"closed","template":"","meta":{"_acf_changed":false},"product_brand":[],"product_cat":[1918],"product_tag":[138,133,1307],"class_list":{"0":"post-249661","1":"product","2":"type-product","3":"status-publish","4":"has-post-thumbnail","6":"product_cat-fulbevalo","7":"product_tag-ekszer-szett","8":"product_tag-noi","9":"product_tag-sarga-arany","10":"pa_kollekcio-exkluziv-ekszerek","11":"pa_marka-royal-diamonds-by-alexandra-ronai","12":"pa_meret-35-cm-hosszu","13":"pa_otvozet-finomsaga-221","14":"pa_suly-36-gr","15":"pa_zarak-francia-zar","17":"first","18":"instock","19":"sale","20":"taxable","21":"shipping-taxable","22":"purchasable","23":"product-type-simple"},"acf":[],"_links":{"self":[{"href":"https:\/\/gyemantekszer.com\/en\/wp-json\/wp\/v2\/product\/249661","targetHints":{"allow":["GET"]}}],"collection":[{"href":"https:\/\/gyemantekszer.com\/en\/wp-json\/wp\/v2\/product"}],"about":[{"href":"https:\/\/gyemantekszer.com\/en\/wp-json\/wp\/v2\/types\/product"}],"replies":[{"embeddable":true,"href":"https:\/\/gyemantekszer.com\/en\/wp-json\/wp\/v2\/comments?post=249661"}],"wp:featuredmedia":[{"embeddable":true,"href":"https:\/\/gyemantekszer.com\/en\/wp-json\/wp\/v2\/media\/235016"}],"wp:attachment":[{"href":"https:\/\/gyemantekszer.com\/en\/wp-json\/wp\/v2\/media?parent=249661"}],"wp:term":[{"taxonomy":"product_brand","embeddable":true,"href":"https:\/\/gyemantekszer.com\/en\/wp-json\/wp\/v2\/product_brand?post=249661"},{"taxonomy":"product_cat","embeddable":true,"href":"https:\/\/gyemantekszer.com\/en\/wp-json\/wp\/v2\/product_cat?post=249661"},{"taxonomy":"product_tag","embeddable":true,"href":"https:\/\/gyemantekszer.com\/en\/wp-json\/wp\/v2\/product_tag?post=249661"}],"curies":[{"name":"wp","href":"https:\/\/api.w.org\/{rel}","templated":true}]}}