{"id":249659,"date":"2025-06-04T12:23:30","date_gmt":"2025-06-04T10:23:30","guid":{"rendered":"https:\/\/gyemantekszer.com\/termek\/royal-nerida-gyemant-fulbevalo\/"},"modified":"2025-11-04T16:46:24","modified_gmt":"2025-11-04T15:46:24","slug":"royal-nerida-gyemant-fulbevalo","status":"publish","type":"product","link":"https:\/\/gyemantekszer.com\/en\/product\/royal-nerida-gyemant-fulbevalo\/","title":{"rendered":"ROYAL &#8211; Nerida gy\u00e9m\u00e1nt f\u00fclbeval\u00f3"},"content":{"rendered":"","protected":false},"excerpt":{"rendered":"<p data-start=\"282\" data-end=\"509\">A <strong data-start=\"284\" data-end=\"297\">k\u00e9k top\u00e1z<\/strong> \u00e9s a <strong data-start=\"303\" data-end=\"314\">gy\u00e9m\u00e1nt<\/strong> leny\u0171g\u00f6z\u0151 p\u00e1rosa ebben a f\u00fclbeval\u00f3ban val\u00f3ban k\u00fcl\u00f6nleges \u00f6sszhangot alkot. A k\u00f6vek egym\u00e1s alatt, eleg\u00e1ns f\u00fcgg\u0151leges elrendez\u00e9sben ker\u00fcltek befoglal\u00e1sra, amely ny\u00fajtja \u00e9s kiemeli az arc vonalait.<\/p>\n<p data-start=\"511\" data-end=\"762\">A 14 kar\u00e1tos <strong data-start=\"524\" data-end=\"548\">s\u00e1rga arany foglalat<\/strong> finoman keretezi a top\u00e1z h\u0171v\u00f6s k\u00e9kj\u00e9t, mik\u00f6zben a gy\u00e9m\u00e1ntok ragyog\u00e1sa finom luxust csemp\u00e9sz az \u00f6sszhat\u00e1sba. A <strong data-start=\"659\" data-end=\"679\">2,2 cm hossz\u00fas\u00e1g<\/strong> diszkr\u00e9ten felt\u0171n\u0151 \u2013 t\u00f6k\u00e9letes v\u00e1laszt\u00e1s nappali viselethez \u00e9s esti alkalmakra is.<\/p>\n<p>&nbsp;<\/p>\n","protected":false},"featured_media":234998,"comment_status":"open","ping_status":"closed","template":"","meta":{"_acf_changed":false},"product_brand":[],"product_cat":[1918],"product_tag":[138,1310,133,1307],"class_list":{"0":"post-249659","1":"product","2":"type-product","3":"status-publish","4":"has-post-thumbnail","6":"product_cat-fulbevalo","7":"product_tag-ekszer-szett","8":"product_tag-feher-gyemant","9":"product_tag-noi","10":"product_tag-sarga-arany","11":"pa_kollekcio-exkluziv-ekszerek","12":"pa_marka-royal-diamonds-by-alexandra-ronai","13":"pa_meret-22-cm-hosszu","14":"pa_otvozet-finomsaga-221","15":"pa_suly-18-gr","16":"pa_zarak-stekkeres-atszuros-zar","18":"first","19":"instock","20":"sale","21":"taxable","22":"shipping-taxable","23":"purchasable","24":"product-type-simple"},"acf":[],"_links":{"self":[{"href":"https:\/\/gyemantekszer.com\/en\/wp-json\/wp\/v2\/product\/249659","targetHints":{"allow":["GET"]}}],"collection":[{"href":"https:\/\/gyemantekszer.com\/en\/wp-json\/wp\/v2\/product"}],"about":[{"href":"https:\/\/gyemantekszer.com\/en\/wp-json\/wp\/v2\/types\/product"}],"replies":[{"embeddable":true,"href":"https:\/\/gyemantekszer.com\/en\/wp-json\/wp\/v2\/comments?post=249659"}],"wp:featuredmedia":[{"embeddable":true,"href":"https:\/\/gyemantekszer.com\/en\/wp-json\/wp\/v2\/media\/234998"}],"wp:attachment":[{"href":"https:\/\/gyemantekszer.com\/en\/wp-json\/wp\/v2\/media?parent=249659"}],"wp:term":[{"taxonomy":"product_brand","embeddable":true,"href":"https:\/\/gyemantekszer.com\/en\/wp-json\/wp\/v2\/product_brand?post=249659"},{"taxonomy":"product_cat","embeddable":true,"href":"https:\/\/gyemantekszer.com\/en\/wp-json\/wp\/v2\/product_cat?post=249659"},{"taxonomy":"product_tag","embeddable":true,"href":"https:\/\/gyemantekszer.com\/en\/wp-json\/wp\/v2\/product_tag?post=249659"}],"curies":[{"name":"wp","href":"https:\/\/api.w.org\/{rel}","templated":true}]}}