{"id":249651,"date":"2025-06-02T14:05:14","date_gmt":"2025-06-02T12:05:14","guid":{"rendered":"https:\/\/gyemantekszer.com\/termek\/royal-allegra-gyemant-nyakek\/"},"modified":"2026-03-17T12:45:16","modified_gmt":"2026-03-17T11:45:16","slug":"royal-allegra-gyemant-nyakek","status":"publish","type":"product","link":"https:\/\/gyemantekszer.com\/en\/termek\/royal-allegra-gyemant-nyakek\/","title":{"rendered":"ROYAL &#8211; Allegra gy\u00e9m\u00e1nt nyak\u00e9k"},"content":{"rendered":"","protected":false},"excerpt":{"rendered":"<p><span data-sheets-root=\"1\">L\u00e9pj be a luxus vil\u00e1g\u00e1ba ezzel az exkluz\u00edv gy\u00e9m\u00e1nt nyak\u00e9kkel, amelyet egy t\u00f6m\u00f6r, enyh\u00e9n dombor\u00fa, rombusz alak\u00fa med\u00e1l tesz igaz\u00e1n k\u00fcl\u00f6nlegess\u00e9. A term\u00e9szetes gy\u00e9m\u00e1ntok prec\u00edzen, feh\u00e9rarany foglalatba \u00e1gyazva ragyognak \u2013 megid\u00e9zve a klasszikus eleganci\u00e1t a modern formavil\u00e1ggal.<\/span><\/p>\n<p><span data-sheets-root=\"1\">Ez a nyak\u00e9k t\u00f6k\u00e9letes v\u00e1laszt\u00e1s k\u00fcl\u00f6nleges alkalmakra, ugyanakkor id\u0151t\u00e1ll\u00f3 \u00e9rt\u00e9ke r\u00e9v\u00e9n gener\u00e1ci\u00f3kon \u00e1t\u00edvel\u0151 \u00f6r\u00f6ks\u00e9g is lehet.<\/span><\/p>\n<p>&nbsp;<\/p>\n<p>&nbsp;<\/p>\n<p>&nbsp;<\/p>\n<p>&nbsp;<\/p>\n<p>&nbsp;<\/p>\n<p>&nbsp;<\/p>\n","protected":false},"featured_media":234325,"comment_status":"open","ping_status":"closed","template":"","meta":{"_acf_changed":false},"product_brand":[],"product_cat":[1923],"product_tag":[133,1310,1305],"class_list":{"0":"post-249651","1":"product","2":"type-product","3":"status-publish","4":"has-post-thumbnail","6":"product_cat-nyakek","7":"product_tag-noi","8":"product_tag-feher-gyemant","9":"product_tag-feher-arany","10":"pa_kollekcio-exkluziv-ekszerek","11":"pa_marka-royal-diamonds-by-alexandra-ronai","12":"pa_meret-44-cm","13":"pa_otvozet-finomsaga-221","14":"pa_suly-31gr","15":"pa_zarak-biztonsagi-nyelves-zar","17":"first","18":"outofstock","19":"taxable","20":"shipping-taxable","21":"product-type-simple"},"acf":[],"_links":{"self":[{"href":"https:\/\/gyemantekszer.com\/en\/wp-json\/wp\/v2\/product\/249651","targetHints":{"allow":["GET"]}}],"collection":[{"href":"https:\/\/gyemantekszer.com\/en\/wp-json\/wp\/v2\/product"}],"about":[{"href":"https:\/\/gyemantekszer.com\/en\/wp-json\/wp\/v2\/types\/product"}],"replies":[{"embeddable":true,"href":"https:\/\/gyemantekszer.com\/en\/wp-json\/wp\/v2\/comments?post=249651"}],"wp:featuredmedia":[{"embeddable":true,"href":"https:\/\/gyemantekszer.com\/en\/wp-json\/wp\/v2\/media\/234325"}],"wp:attachment":[{"href":"https:\/\/gyemantekszer.com\/en\/wp-json\/wp\/v2\/media?parent=249651"}],"wp:term":[{"taxonomy":"product_brand","embeddable":true,"href":"https:\/\/gyemantekszer.com\/en\/wp-json\/wp\/v2\/product_brand?post=249651"},{"taxonomy":"product_cat","embeddable":true,"href":"https:\/\/gyemantekszer.com\/en\/wp-json\/wp\/v2\/product_cat?post=249651"},{"taxonomy":"product_tag","embeddable":true,"href":"https:\/\/gyemantekszer.com\/en\/wp-json\/wp\/v2\/product_tag?post=249651"}],"curies":[{"name":"wp","href":"https:\/\/api.w.org\/{rel}","templated":true}]}}