{"id":249648,"date":"2025-06-02T13:11:23","date_gmt":"2025-06-02T11:11:23","guid":{"rendered":"https:\/\/gyemantekszer.com\/termek\/royal-fabiana-s-gyemant-fulbevalo-2\/"},"modified":"2025-09-29T13:08:09","modified_gmt":"2025-09-29T11:08:09","slug":"royal-fabiana-s-gyemant-fulbevalo-2","status":"publish","type":"product","link":"https:\/\/gyemantekszer.com\/en\/product\/royal-fabiana-s-gyemant-fulbevalo-2\/","title":{"rendered":"ROYAL &#8211; Fabiana &#8216;S&#8217; Gy\u00e9m\u00e1nt F\u00fclbeval\u00f3"},"content":{"rendered":"","protected":false},"excerpt":{"rendered":"<p><span data-sheets-value=\"{&quot;1&quot;:2,&quot;2&quot;:&quot;Feh\u00e9raranyb\u00f3l k\u00e9sz\u00fclt ,csodasz\u00e9p gy\u00e9m\u00e1nt f\u00fclbeval\u00f3,amit a gy\u00e9m\u00e1ntk\u00f6vek k\u00fcl\u00f6nleges \u00f6sszeilleszt\u00e9se tesz egyediv\u00e9. &quot;}\" data-sheets-userformat=\"{&quot;2&quot;:14851,&quot;3&quot;:{&quot;1&quot;:0},&quot;4&quot;:{&quot;1&quot;:2,&quot;2&quot;:16777215},&quot;12&quot;:0,&quot;14&quot;:{&quot;1&quot;:2,&quot;2&quot;:0},&quot;15&quot;:&quot;Calibri&quot;,&quot;16&quot;:11}\">Feh\u00e9r aranyb\u00f3l k\u00e9sz\u00fclt, csodasz\u00e9p gy\u00e9m\u00e1nt f\u00fclbeval\u00f3, amit a csillog\u00f3 feh\u00e9r gy\u00e9m\u00e1ntk\u00f6vek k\u00fcl\u00f6nleges foglal\u00e1ssal t\u00f6rt\u00e9n\u0151 \u00f6sszeilleszt\u00e9se tesz egyediv\u00e9. <\/span><\/p>\n","protected":false},"featured_media":243995,"comment_status":"open","ping_status":"open","template":"","meta":{"_acf_changed":false},"product_brand":[],"product_cat":[1918],"product_tag":[1384,1390,1376,1375],"class_list":{"0":"post-249648","1":"product","2":"type-product","3":"status-publish","4":"has-post-thumbnail","6":"product_cat-fulbevalo","7":"product_tag-for-ladies","8":"product_tag-jewel-setts","9":"product_tag-white-diamond","10":"product_tag-white-gold","11":"pa_kollekcio-exkluziv-ekszerek","12":"pa_marka-royal-diamonds-by-alexandra-ronai","13":"pa_otvozet-finomsaga-143","14":"pa_suly-36-gr","15":"pa_zarak-stekkeres-atszuros-zar","17":"first","18":"onrequest","19":"taxable","20":"shipping-taxable","21":"product-type-simple"},"acf":[],"_links":{"self":[{"href":"https:\/\/gyemantekszer.com\/en\/wp-json\/wp\/v2\/product\/249648","targetHints":{"allow":["GET"]}}],"collection":[{"href":"https:\/\/gyemantekszer.com\/en\/wp-json\/wp\/v2\/product"}],"about":[{"href":"https:\/\/gyemantekszer.com\/en\/wp-json\/wp\/v2\/types\/product"}],"replies":[{"embeddable":true,"href":"https:\/\/gyemantekszer.com\/en\/wp-json\/wp\/v2\/comments?post=249648"}],"wp:featuredmedia":[{"embeddable":true,"href":"https:\/\/gyemantekszer.com\/en\/wp-json\/wp\/v2\/media\/243995"}],"wp:attachment":[{"href":"https:\/\/gyemantekszer.com\/en\/wp-json\/wp\/v2\/media?parent=249648"}],"wp:term":[{"taxonomy":"product_brand","embeddable":true,"href":"https:\/\/gyemantekszer.com\/en\/wp-json\/wp\/v2\/product_brand?post=249648"},{"taxonomy":"product_cat","embeddable":true,"href":"https:\/\/gyemantekszer.com\/en\/wp-json\/wp\/v2\/product_cat?post=249648"},{"taxonomy":"product_tag","embeddable":true,"href":"https:\/\/gyemantekszer.com\/en\/wp-json\/wp\/v2\/product_tag?post=249648"}],"curies":[{"name":"wp","href":"https:\/\/api.w.org\/{rel}","templated":true}]}}