{"id":249647,"date":"2025-06-02T11:30:05","date_gmt":"2025-06-02T09:30:05","guid":{"rendered":"https:\/\/gyemantekszer.com\/termek\/klementina-extra-gyemant-smaragd-fulbevalo\/"},"modified":"2026-03-19T12:59:59","modified_gmt":"2026-03-19T11:59:59","slug":"klementina-extra-gyemant-smaragd-fulbevalo","status":"publish","type":"product","link":"https:\/\/gyemantekszer.com\/en\/product\/klementina-extra-gyemant-smaragd-fulbevalo\/","title":{"rendered":"Klementina &#8216;Extra&#8217; gy\u00e9m\u00e1nt smaragd f\u00fclbeval\u00f3"},"content":{"rendered":"","protected":false},"excerpt":{"rendered":"<p data-start=\"170\" data-end=\"667\">Ez a klasszikus st\u00edlus\u00fa f\u00fclbeval\u00f3 a kifinomult \u00edzl\u00e9s \u00e9s a term\u00e9szetes sz\u00e9ps\u00e9g t\u00f6k\u00e9letes tal\u00e1lkoz\u00e1sa. K\u00f6z\u00e9ppontj\u00e1ban egy-egy m\u00e9lyz\u00f6ld smaragd dr\u00e1gak\u0151 ragyog, amelyet k\u00f6rben k\u00e1pr\u00e1zatosan csillog\u00f3, apr\u00f3l\u00e9kosan foglalt feh\u00e9r gy\u00e9m\u00e1ntok \u00f6lelnek k\u00f6r\u00fcl.<\/p>\n<p data-start=\"170\" data-end=\"667\">A r\u00e9szletgazdag kidolgoz\u00e1s \u00e9s a kiv\u00e1l\u00f3 min\u0151s\u00e9g\u0171 anyaghaszn\u00e1lat minden megjelen\u00e9shez eleganci\u00e1t \u00e9s f\u00e9nyt ad. A biztons\u00e1gos, k\u00e9nyelmes patentz\u00e1r biztos\u00edtja, hogy visel\u00e9se k\u00f6nnyed \u00e9s gondtalan legyen eg\u00e9sz nap.<\/p>\n<p data-start=\"669\" data-end=\"944\">Ez az \u00e9kszer nem csup\u00e1n egy kieg\u00e9sz\u00edt\u0151, hanem egy \u00f6r\u00f6k darab, amely b\u00e1rmely alkalmat k\u00fcl\u00f6nlegess\u00e9 tesz.<\/p>\n<p>&nbsp;<\/p>\n","protected":false},"featured_media":242039,"comment_status":"open","ping_status":"closed","template":"","meta":{"_acf_changed":false},"product_brand":[],"product_cat":[1918],"product_tag":[1387,1384,1376,1375],"class_list":{"0":"post-249647","1":"product","2":"type-product","3":"status-publish","4":"has-post-thumbnail","6":"product_cat-fulbevalo","7":"product_tag-emerald","8":"product_tag-for-ladies","9":"product_tag-white-diamond","10":"product_tag-white-gold","11":"pa_kollekcio-exkluziv-ekszerek","12":"pa_marka-nardelli","13":"pa_meret-15-cm-hosszu","14":"pa_otvozet-finomsaga-143","15":"pa_suly-42-gr","16":"pa_zarak-beakasztos-hagyomanyos-patent-zar","18":"first","19":"onrequest","20":"taxable","21":"shipping-taxable","22":"product-type-simple"},"acf":[],"_links":{"self":[{"href":"https:\/\/gyemantekszer.com\/en\/wp-json\/wp\/v2\/product\/249647","targetHints":{"allow":["GET"]}}],"collection":[{"href":"https:\/\/gyemantekszer.com\/en\/wp-json\/wp\/v2\/product"}],"about":[{"href":"https:\/\/gyemantekszer.com\/en\/wp-json\/wp\/v2\/types\/product"}],"replies":[{"embeddable":true,"href":"https:\/\/gyemantekszer.com\/en\/wp-json\/wp\/v2\/comments?post=249647"}],"wp:featuredmedia":[{"embeddable":true,"href":"https:\/\/gyemantekszer.com\/en\/wp-json\/wp\/v2\/media\/242039"}],"wp:attachment":[{"href":"https:\/\/gyemantekszer.com\/en\/wp-json\/wp\/v2\/media?parent=249647"}],"wp:term":[{"taxonomy":"product_brand","embeddable":true,"href":"https:\/\/gyemantekszer.com\/en\/wp-json\/wp\/v2\/product_brand?post=249647"},{"taxonomy":"product_cat","embeddable":true,"href":"https:\/\/gyemantekszer.com\/en\/wp-json\/wp\/v2\/product_cat?post=249647"},{"taxonomy":"product_tag","embeddable":true,"href":"https:\/\/gyemantekszer.com\/en\/wp-json\/wp\/v2\/product_tag?post=249647"}],"curies":[{"name":"wp","href":"https:\/\/api.w.org\/{rel}","templated":true}]}}