{"id":249645,"date":"2025-06-02T09:51:15","date_gmt":"2025-06-02T07:51:15","guid":{"rendered":"https:\/\/gyemantekszer.com\/termek\/royal-zemira-smaragd-gyemant-gyuru\/"},"modified":"2025-10-13T13:38:36","modified_gmt":"2025-10-13T11:38:36","slug":"royal-zemira-smaragd-gyemant-gyuru","status":"publish","type":"product","link":"https:\/\/gyemantekszer.com\/en\/termek\/royal-zemira-smaragd-gyemant-gyuru\/","title":{"rendered":"Nardelli &#8211; Zemira smaragd gy\u00e9m\u00e1nt gy\u0171r\u0171"},"content":{"rendered":"","protected":false},"excerpt":{"rendered":"<p>Ez a leny\u0171g\u00f6z\u0151 gy\u0171r\u0171 feh\u00e9r aranyb\u00f3l k\u00e9sz\u00fclt, k\u00f6z\u00e9ppontj\u00e1ban egy gy\u00f6ny\u00f6r\u0171, nagy smaragd dr\u00e1gak\u0151 ragyog. A p\u00e1ntot apr\u00f3l\u00e9kosan megmunk\u00e1lt, csillog\u00f3 feh\u00e9r gy\u00e9m\u00e1ntok d\u00edsz\u00edtik, m\u00e9g ink\u00e1bb kiemelve a smaragd k\u00fcl\u00f6nleges sz\u00e9ps\u00e9g\u00e9t.<\/p>\n<p>A pr\u00e9mium min\u0151s\u00e9g\u0171 kidolgoz\u00e1s \u00e9s az id\u0151tlen diz\u00e1jn igaz\u00e1n eml\u00e9kezetess\u00e9 teszi ezt az \u00e9kszert.<br data-start=\"574\" data-end=\"577\" \/>T\u00f6k\u00e9letes v\u00e1laszt\u00e1s eljegyz\u00e9sre, vagy b\u00e1rmilyen exkluz\u00edv alkalomra, ahol a r\u00e9szletek sz\u00e1m\u00edtanak \u2013 \u00e9vfordul\u00f3ra, aj\u00e1nd\u00e9kk\u00e9nt, vagy az \u00f6nkifejez\u00e9s eleg\u00e1ns form\u00e1jak\u00e9nt.<\/p>\n<p>&nbsp;<\/p>\n<p>&nbsp;<\/p>\n<p>&nbsp;<\/p>\n<p>&nbsp;<\/p>\n<p>&nbsp;<\/p>\n","protected":false},"featured_media":234295,"comment_status":"open","ping_status":"closed","template":"","meta":{"_acf_changed":false},"product_brand":[],"product_cat":[1917],"product_tag":[1313,135,133,140,1310,1305],"class_list":{"0":"post-249645","1":"product","2":"type-product","3":"status-publish","4":"has-post-thumbnail","6":"product_cat-gyuru","7":"product_tag-smaragd","8":"product_tag-eljegyzes","9":"product_tag-noi","10":"product_tag-meretezheto","11":"product_tag-feher-gyemant","12":"product_tag-feher-arany","13":"pa_kollekcio-exkluziv-ekszerek","14":"pa_marka-nardelli","15":"pa_meret-259","16":"pa_otvozet-finomsaga-143","17":"pa_suly-41-gr","19":"first","20":"instock","21":"taxable","22":"shipping-taxable","23":"purchasable","24":"product-type-simple"},"acf":[],"_links":{"self":[{"href":"https:\/\/gyemantekszer.com\/en\/wp-json\/wp\/v2\/product\/249645","targetHints":{"allow":["GET"]}}],"collection":[{"href":"https:\/\/gyemantekszer.com\/en\/wp-json\/wp\/v2\/product"}],"about":[{"href":"https:\/\/gyemantekszer.com\/en\/wp-json\/wp\/v2\/types\/product"}],"replies":[{"embeddable":true,"href":"https:\/\/gyemantekszer.com\/en\/wp-json\/wp\/v2\/comments?post=249645"}],"wp:featuredmedia":[{"embeddable":true,"href":"https:\/\/gyemantekszer.com\/en\/wp-json\/wp\/v2\/media\/234295"}],"wp:attachment":[{"href":"https:\/\/gyemantekszer.com\/en\/wp-json\/wp\/v2\/media?parent=249645"}],"wp:term":[{"taxonomy":"product_brand","embeddable":true,"href":"https:\/\/gyemantekszer.com\/en\/wp-json\/wp\/v2\/product_brand?post=249645"},{"taxonomy":"product_cat","embeddable":true,"href":"https:\/\/gyemantekszer.com\/en\/wp-json\/wp\/v2\/product_cat?post=249645"},{"taxonomy":"product_tag","embeddable":true,"href":"https:\/\/gyemantekszer.com\/en\/wp-json\/wp\/v2\/product_tag?post=249645"}],"curies":[{"name":"wp","href":"https:\/\/api.w.org\/{rel}","templated":true}]}}