{"id":249643,"date":"2025-05-29T13:59:38","date_gmt":"2025-05-29T11:59:38","guid":{"rendered":"https:\/\/gyemantekszer.com\/termek\/royal-diora-gyemant-gyuru\/"},"modified":"2025-09-29T13:08:07","modified_gmt":"2025-09-29T11:08:07","slug":"royal-diora-gyemant-gyuru","status":"publish","type":"product","link":"https:\/\/gyemantekszer.com\/en\/termek\/royal-diora-gyemant-gyuru\/","title":{"rendered":"ROYAL &#8211; Diora gy\u00e9m\u00e1nt gy\u0171r\u0171"},"content":{"rendered":"","protected":false},"excerpt":{"rendered":"<p data-start=\"130\" data-end=\"410\"><strong data-start=\"130\" data-end=\"211\">Ez a gy\u0171r\u0171 a s\u00e1rga arany meleg f\u00e9ny\u00e9t \u00e9s a gy\u00e9m\u00e1ntok finom ragyog\u00e1s\u00e1t \u00f6tv\u00f6zi.<\/strong> A f\u00e9lig k\u00f6rbefut\u00f3 k\u00f6vek minden mozdulatn\u00e1l \u00faj f\u00e9nyj\u00e1t\u00e9kot hoznak l\u00e9tre. A s\u00e1rga arany \u00e9s a feh\u00e9r gy\u00e9m\u00e1ntok v\u00e1ltakoz\u00e1sa sz\u00e9pen kiemeli egym\u00e1s sz\u00edn\u00e9t \u00e9s f\u00e9ny\u00e9t, k\u00fcl\u00f6nleges, m\u00e9gis visszafogott hat\u00e1st keltve.<\/p>\n<p data-start=\"412\" data-end=\"615\">Ez az exkluz\u00edv darab ide\u00e1lis v\u00e1laszt\u00e1s lehet karikagy\u0171r\u0171nek, \u00e9vfordul\u00f3s aj\u00e1nd\u00e9knak, vagy b\u00e1rmilyen fontos alkalomra. Azoknak aj\u00e1nljuk, akik \u00e9rt\u00e9kelik a klasszikus st\u00edlust, de valami k\u00fcl\u00f6nlegesre v\u00e1gynak.<\/p>\n<p>&nbsp;<\/p>\n","protected":false},"featured_media":234281,"comment_status":"open","ping_status":"open","template":"","meta":{"_acf_changed":false},"product_brand":[],"product_cat":[1917],"product_tag":[135,133,1938,1310,1307],"class_list":{"0":"post-249643","1":"product","2":"type-product","3":"status-publish","4":"has-post-thumbnail","6":"product_cat-gyuru","7":"product_tag-eljegyzes","8":"product_tag-noi","9":"product_tag-karikagyuru","10":"product_tag-feher-gyemant","11":"product_tag-sarga-arany","12":"pa_kollekcio-exkluziv-ekszerek","13":"pa_marka-royal-diamonds-by-alexandra-ronai","14":"pa_meret-156","15":"pa_otvozet-finomsaga-143","16":"pa_suly-38-gr","18":"first","19":"instock","20":"taxable","21":"shipping-taxable","22":"purchasable","23":"product-type-simple"},"acf":[],"_links":{"self":[{"href":"https:\/\/gyemantekszer.com\/en\/wp-json\/wp\/v2\/product\/249643","targetHints":{"allow":["GET"]}}],"collection":[{"href":"https:\/\/gyemantekszer.com\/en\/wp-json\/wp\/v2\/product"}],"about":[{"href":"https:\/\/gyemantekszer.com\/en\/wp-json\/wp\/v2\/types\/product"}],"replies":[{"embeddable":true,"href":"https:\/\/gyemantekszer.com\/en\/wp-json\/wp\/v2\/comments?post=249643"}],"wp:featuredmedia":[{"embeddable":true,"href":"https:\/\/gyemantekszer.com\/en\/wp-json\/wp\/v2\/media\/234281"}],"wp:attachment":[{"href":"https:\/\/gyemantekszer.com\/en\/wp-json\/wp\/v2\/media?parent=249643"}],"wp:term":[{"taxonomy":"product_brand","embeddable":true,"href":"https:\/\/gyemantekszer.com\/en\/wp-json\/wp\/v2\/product_brand?post=249643"},{"taxonomy":"product_cat","embeddable":true,"href":"https:\/\/gyemantekszer.com\/en\/wp-json\/wp\/v2\/product_cat?post=249643"},{"taxonomy":"product_tag","embeddable":true,"href":"https:\/\/gyemantekszer.com\/en\/wp-json\/wp\/v2\/product_tag?post=249643"}],"curies":[{"name":"wp","href":"https:\/\/api.w.org\/{rel}","templated":true}]}}