{"id":249640,"date":"2025-05-29T11:56:09","date_gmt":"2025-05-29T09:56:09","guid":{"rendered":"https:\/\/gyemantekszer.com\/termek\/royal-imperial-max-gyemant-gyuru\/"},"modified":"2025-10-08T12:17:32","modified_gmt":"2025-10-08T10:17:32","slug":"royal-imperial-max-gyemant-gyuru","status":"publish","type":"product","link":"https:\/\/gyemantekszer.com\/en\/termek\/royal-imperial-max-gyemant-gyuru\/","title":{"rendered":"ROYAL &#8211; Imperial max gy\u00e9m\u00e1nt gy\u0171r\u0171"},"content":{"rendered":"","protected":false},"excerpt":{"rendered":"<p><span data-sheets-root=\"1\">Ez a p\u00e1ratlan sz\u00e9ps\u00e9g\u0171 gy\u00e9m\u00e1ntgy\u0171r\u0171 a klasszikus elegancia \u00e9s a modern formajegyek t\u00f6k\u00e9letes \u00f6tv\u00f6zete. A k\u00f6z\u00e9ppontban egy leny\u0171g\u00f6z\u0151, nagym\u00e9ret\u0171 smaragd csiszol\u00e1s\u00fa gy\u00e9m\u00e1nt \u00e1ll, amelyet szimmetrikusan elrendezett, kisebb gy\u00e9m\u00e1ntok vesznek k\u00f6r\u00fcl \u2013 kiemelve a k\u00f6zponti k\u0151 tisztas\u00e1g\u00e1t \u00e9s ragyog\u00e1s\u00e1t.<\/span><\/p>\n<p>Ez az exkluz\u00edv \u00e9s kifinomult \u00e9kszer ide\u00e1lis v\u00e1laszt\u00e1s k\u00fcl\u00f6nleges alkalmakra, \u00e9s m\u00e9lt\u00f3 szimb\u00f3luma lehet egy \u00e9letre sz\u00f3l\u00f3 eljegyz\u00e9snek is.<\/p>\n<p>&nbsp;<\/p>\n<p>&nbsp;<\/p>\n<p>&nbsp;<\/p>\n<p>&nbsp;<\/p>\n","protected":false},"featured_media":234264,"comment_status":"open","ping_status":"closed","template":"","meta":{"_acf_changed":false},"product_brand":[],"product_cat":[1917],"product_tag":[135,133,140,1310,1305],"class_list":{"0":"post-249640","1":"product","2":"type-product","3":"status-publish","4":"has-post-thumbnail","6":"product_cat-gyuru","7":"product_tag-eljegyzes","8":"product_tag-noi","9":"product_tag-meretezheto","10":"product_tag-feher-gyemant","11":"product_tag-feher-arany","12":"pa_kollekcio-exkluziv-ekszerek","13":"pa_marka-royal-diamonds-by-alexandra-ronai","14":"pa_meret-181","15":"pa_otvozet-finomsaga-221","16":"pa_suly-47-gr","18":"first","19":"instock","20":"taxable","21":"shipping-taxable","22":"purchasable","23":"product-type-simple"},"acf":[],"_links":{"self":[{"href":"https:\/\/gyemantekszer.com\/en\/wp-json\/wp\/v2\/product\/249640","targetHints":{"allow":["GET"]}}],"collection":[{"href":"https:\/\/gyemantekszer.com\/en\/wp-json\/wp\/v2\/product"}],"about":[{"href":"https:\/\/gyemantekszer.com\/en\/wp-json\/wp\/v2\/types\/product"}],"replies":[{"embeddable":true,"href":"https:\/\/gyemantekszer.com\/en\/wp-json\/wp\/v2\/comments?post=249640"}],"wp:featuredmedia":[{"embeddable":true,"href":"https:\/\/gyemantekszer.com\/en\/wp-json\/wp\/v2\/media\/234264"}],"wp:attachment":[{"href":"https:\/\/gyemantekszer.com\/en\/wp-json\/wp\/v2\/media?parent=249640"}],"wp:term":[{"taxonomy":"product_brand","embeddable":true,"href":"https:\/\/gyemantekszer.com\/en\/wp-json\/wp\/v2\/product_brand?post=249640"},{"taxonomy":"product_cat","embeddable":true,"href":"https:\/\/gyemantekszer.com\/en\/wp-json\/wp\/v2\/product_cat?post=249640"},{"taxonomy":"product_tag","embeddable":true,"href":"https:\/\/gyemantekszer.com\/en\/wp-json\/wp\/v2\/product_tag?post=249640"}],"curies":[{"name":"wp","href":"https:\/\/api.w.org\/{rel}","templated":true}]}}