{"id":249637,"date":"2025-05-27T09:29:48","date_gmt":"2025-05-27T07:29:48","guid":{"rendered":"https:\/\/gyemantekszer.com\/termek\/royal-kalyra-gyemant-gyuru\/"},"modified":"2025-09-29T13:08:00","modified_gmt":"2025-09-29T11:08:00","slug":"royal-kalyra-gyemant-gyuru","status":"publish","type":"product","link":"https:\/\/gyemantekszer.com\/en\/termek\/royal-kalyra-gyemant-gyuru\/","title":{"rendered":"ROYAL &#8211; Kalyra Gy\u00e9m\u00e1nt gy\u0171r\u0171"},"content":{"rendered":"","protected":false},"excerpt":{"rendered":"<p><span data-sheets-root=\"1\">Ez a leny\u0171g\u00f6z\u0151, klasszikus eleganci\u00e1t \u00e9s modern luxust \u00f6tv\u00f6z\u0151 gy\u00e9m\u00e1ntgy\u0171r\u0171 val\u00f3di mesterm\u0171. K\u00f6z\u00e9ppontj\u00e1ban egy nagyobb, brili\u00e1ns csiszol\u00e1s\u00fa gy\u00e9m\u00e1nt ragyog, amelyet k\u00e9t koncentrikus, kisebb gy\u00e9m\u00e1ntokkal kirakott k\u00f6r \u00f6lel k\u00f6r\u00fcl. Ez a kett\u0151s kialak\u00edt\u00e1s nemcsak fokozza a k\u00f6zponti k\u0151 f\u00e9ny\u00e9t, hanem k\u00e1pr\u00e1zatos m\u00e9lys\u00e9get \u00e9s k\u00fcl\u00f6nleges ragyog\u00e1st is k\u00f6lcs\u00f6n\u00f6z az \u00e9kszernek.<\/span><\/p>\n<p><span data-sheets-root=\"1\">A gy\u0171r\u0171 form\u00e1ja egyed\u00fcl\u00e1ll\u00f3 \u2013 szinte sz\u00f6gletesen k\u00f6r alak\u00fa, amely k\u00fcl\u00f6nleges, geometrikus karaktert ad a klasszikus st\u00edlusnak. Az apr\u00f3l\u00e9kosan megmunk\u00e1lt, t\u00f6k\u00e9letesen elhelyezett gy\u00e9m\u00e1ntok minden sz\u00f6gb\u0151l leny\u0171g\u00f6z\u0151 f\u00e9nyj\u00e1t\u00e9kot biztos\u00edtanak.<\/span><\/p>\n<p>Ez a gy\u0171r\u0171 ide\u00e1lis v\u00e1laszt\u00e1s lehet eljegyz\u00e9sre, k\u00fcl\u00f6nleges alkalmakra, vagy azok sz\u00e1m\u00e1ra, akik \u00f6r\u00f6kk\u00e9 tart\u00f3 sz\u00e9ps\u00e9get \u00e9s ragyog\u00e1st keresnek egy kiv\u00e9teles \u00e9kszer form\u00e1j\u00e1ban.<\/p>\n<p>&nbsp;<\/p>\n","protected":false},"featured_media":234243,"comment_status":"open","ping_status":"open","template":"","meta":{"_acf_changed":false},"product_brand":[],"product_cat":[1917],"product_tag":[135,133,140,1310,1305],"class_list":{"0":"post-249637","1":"product","2":"type-product","3":"status-publish","4":"has-post-thumbnail","6":"product_cat-gyuru","7":"product_tag-eljegyzes","8":"product_tag-noi","9":"product_tag-meretezheto","10":"product_tag-feher-gyemant","11":"product_tag-feher-arany","12":"pa_kollekcio-exkluziv-ekszerek","13":"pa_marka-royal-diamonds-by-alexandra-ronai","14":"pa_meret-183","15":"pa_otvozet-finomsaga-143","16":"pa_suly-43-gr","18":"first","19":"instock","20":"taxable","21":"shipping-taxable","22":"purchasable","23":"product-type-simple"},"acf":[],"_links":{"self":[{"href":"https:\/\/gyemantekszer.com\/en\/wp-json\/wp\/v2\/product\/249637","targetHints":{"allow":["GET"]}}],"collection":[{"href":"https:\/\/gyemantekszer.com\/en\/wp-json\/wp\/v2\/product"}],"about":[{"href":"https:\/\/gyemantekszer.com\/en\/wp-json\/wp\/v2\/types\/product"}],"replies":[{"embeddable":true,"href":"https:\/\/gyemantekszer.com\/en\/wp-json\/wp\/v2\/comments?post=249637"}],"wp:featuredmedia":[{"embeddable":true,"href":"https:\/\/gyemantekszer.com\/en\/wp-json\/wp\/v2\/media\/234243"}],"wp:attachment":[{"href":"https:\/\/gyemantekszer.com\/en\/wp-json\/wp\/v2\/media?parent=249637"}],"wp:term":[{"taxonomy":"product_brand","embeddable":true,"href":"https:\/\/gyemantekszer.com\/en\/wp-json\/wp\/v2\/product_brand?post=249637"},{"taxonomy":"product_cat","embeddable":true,"href":"https:\/\/gyemantekszer.com\/en\/wp-json\/wp\/v2\/product_cat?post=249637"},{"taxonomy":"product_tag","embeddable":true,"href":"https:\/\/gyemantekszer.com\/en\/wp-json\/wp\/v2\/product_tag?post=249637"}],"curies":[{"name":"wp","href":"https:\/\/api.w.org\/{rel}","templated":true}]}}