{"id":249635,"date":"2025-05-22T14:11:38","date_gmt":"2025-05-22T12:11:38","guid":{"rendered":"https:\/\/gyemantekszer.com\/termek\/orotech-nova-gyuru-karkoto\/"},"modified":"2025-10-13T14:26:58","modified_gmt":"2025-10-13T12:26:58","slug":"orotech-nova-gyuru-karkoto","status":"publish","type":"product","link":"https:\/\/gyemantekszer.com\/en\/termek\/orotech-nova-gyuru-karkoto\/","title":{"rendered":"Orotech &#8211; Nova ker\u00e1mia gy\u0171r\u0171 gy\u00e9m\u00e1nttal"},"content":{"rendered":"","protected":false},"excerpt":{"rendered":"<p data-start=\"142\" data-end=\"211\">Eleg\u00e1ns, fekete matt porcel\u00e1nb\u00f3l k\u00e9sz\u00fclt gy\u0171r\u0171, amelyet egy sz\u00f6gletes form\u00e1j\u00fa, f\u00e9nyes r\u00f3zsasz\u00edn arany d\u00edsz\u00edt\u0151elem tesz k\u00fcl\u00f6nlegess\u00e9, benne egy csillog\u00f3 gy\u00e9m\u00e1nttal.<\/p>\n<p data-start=\"142\" data-end=\"211\">A modern st\u00edlus\u00fa \u00e9s extravag\u00e1ns megjelen\u00e9s\u0171 gy\u0171r\u0171 f\u00e9rfiaknak \u00e9s n\u0151knek egyar\u00e1nt ide\u00e1lis v\u00e1laszt\u00e1s \u2013 karakteres, m\u00e9gis letisztult darab, amely t\u00f6k\u00e9letesen \u00f6tv\u00f6zi a kort\u00e1rs diz\u00e1jnt az exkluz\u00edv eleganci\u00e1val.<\/p>\n<p data-start=\"142\" data-end=\"211\">\n","protected":false},"featured_media":234229,"comment_status":"open","ping_status":"closed","template":"","meta":{"_acf_changed":false},"product_brand":[],"product_cat":[1359],"product_tag":[1384,1378,1385,1376],"class_list":{"0":"post-249635","1":"product","2":"type-product","3":"status-publish","4":"has-post-thumbnail","6":"product_cat-exclusive-rings","7":"product_tag-for-ladies","8":"product_tag-men","9":"product_tag-rose-gold","10":"product_tag-white-diamond","11":"pa_kollekcio-exkluziv-ekszerek","12":"pa_marka-orotech","13":"pa_meret-156","14":"pa_otvozet-finomsaga-143","15":"pa_suly-09-gr","17":"first","18":"instock","19":"taxable","20":"shipping-taxable","21":"purchasable","22":"product-type-simple"},"acf":[],"_links":{"self":[{"href":"https:\/\/gyemantekszer.com\/en\/wp-json\/wp\/v2\/product\/249635","targetHints":{"allow":["GET"]}}],"collection":[{"href":"https:\/\/gyemantekszer.com\/en\/wp-json\/wp\/v2\/product"}],"about":[{"href":"https:\/\/gyemantekszer.com\/en\/wp-json\/wp\/v2\/types\/product"}],"replies":[{"embeddable":true,"href":"https:\/\/gyemantekszer.com\/en\/wp-json\/wp\/v2\/comments?post=249635"}],"wp:featuredmedia":[{"embeddable":true,"href":"https:\/\/gyemantekszer.com\/en\/wp-json\/wp\/v2\/media\/234229"}],"wp:attachment":[{"href":"https:\/\/gyemantekszer.com\/en\/wp-json\/wp\/v2\/media?parent=249635"}],"wp:term":[{"taxonomy":"product_brand","embeddable":true,"href":"https:\/\/gyemantekszer.com\/en\/wp-json\/wp\/v2\/product_brand?post=249635"},{"taxonomy":"product_cat","embeddable":true,"href":"https:\/\/gyemantekszer.com\/en\/wp-json\/wp\/v2\/product_cat?post=249635"},{"taxonomy":"product_tag","embeddable":true,"href":"https:\/\/gyemantekszer.com\/en\/wp-json\/wp\/v2\/product_tag?post=249635"}],"curies":[{"name":"wp","href":"https:\/\/api.w.org\/{rel}","templated":true}]}}