{"id":249633,"date":"2025-05-22T10:09:07","date_gmt":"2025-05-22T08:09:07","guid":{"rendered":"https:\/\/gyemantekszer.com\/termek\/orotech-obsyra-keramia-karkoto-gyemantokkal\/"},"modified":"2025-09-29T13:07:58","modified_gmt":"2025-09-29T11:07:58","slug":"orotech-obsyra-keramia-karkoto-gyemantokkal","status":"publish","type":"product","link":"https:\/\/gyemantekszer.com\/en\/termek\/orotech-obsyra-keramia-karkoto-gyemantokkal\/","title":{"rendered":"Orotech &#8211; Obsyra ker\u00e1mia kark\u00f6t\u0151 gy\u00e9m\u00e1ntokkal"},"content":{"rendered":"","protected":false},"excerpt":{"rendered":"<p><span data-sheets-root=\"1\">Az Obsyra a mozg\u00e1sban l\u00e9v\u0151 luxus \u00faj form\u00e1ja. Ez a fekete ker\u00e1mia kark\u00f6t\u0151 l\u00e1ncszemekb\u0151l k\u00e9sz\u00fclt, amely a l\u00e1gyan k\u00f6veti a csukl\u00f3 vonal\u00e1t, mik\u00f6zben meg\u0151rzi a modern diz\u00e1jn letisztults\u00e1g\u00e1t \u00e9s dinamizmus\u00e1t.<\/span><\/p>\n<p>A kark\u00f6t\u0151t egy feh\u00e9rarany l\u00e1ncszem d\u00edsz\u00edti, amely eleganci\u00e1t \u00e9s kifinomults\u00e1got ad a darabnak. A 0,02 kar\u00e1tos feh\u00e9r gy\u00e9m\u00e1nt finom csillog\u00e1sa m\u00e9gjobban kiemeli a fekete ker\u00e1mi\u00e1t \u00e9s a feh\u00e9rarany l\u00e1ncszemet, eleg\u00e1ns f\u00e9nyj\u00e1t\u00e9kkal gazdag\u00edtva az \u00e9kszert.<\/p>\n<p><span data-sheets-root=\"1\"> A karabiner z\u00e1r biztos tart\u00e1st ny\u00fajt, mik\u00f6zben st\u00edlusos, \u00edgy ide\u00e1liss\u00e1 t\u00e9ve a kark\u00f6t\u0151t a mindennapi viseletre.<\/span><\/p>\n<p>Az Obsyra egy sokoldal\u00fa darab, amely f\u00e9rfiak \u00e9s n\u0151k sz\u00e1m\u00e1ra egyar\u00e1nt t\u00f6k\u00e9letes v\u00e1laszt\u00e1s. Azoknak k\u00e9sz\u00fclt, akik a klasszikus st\u00edluson t\u00falmutat\u00f3, eleg\u00e1ns \u00e9s k\u00fcl\u00f6nleges \u00e9kszereket keresnek. A finom r\u00e9szletek \u00e9s a letisztult forma azok sz\u00e1m\u00e1ra sz\u00f3lnak, akik egyedi m\u00f3don szeretn\u00e9k kifejezni szem\u00e9lyis\u00e9g\u00fcket.<\/p>\n<p>&nbsp;<\/p>\n","protected":false},"featured_media":234215,"comment_status":"open","ping_status":"open","template":"","meta":{"_acf_changed":false},"product_brand":[],"product_cat":[1921],"product_tag":[1943,133,1950,134,1310,1305],"class_list":{"0":"post-249633","1":"product","2":"type-product","3":"status-publish","4":"has-post-thumbnail","6":"product_cat-karkoto","7":"product_tag-18-arany","8":"product_tag-noi","9":"product_tag-keramia","10":"product_tag-ferfi","11":"product_tag-feher-gyemant","12":"product_tag-feher-arany","13":"pa_kollekcio-exkluziv-ekszerek","14":"pa_marka-orotech","15":"pa_suly-09-gr","16":"pa_zarak-karabiner-zar","18":"first","19":"instock","20":"taxable","21":"shipping-taxable","22":"purchasable","23":"product-type-simple"},"acf":[],"_links":{"self":[{"href":"https:\/\/gyemantekszer.com\/en\/wp-json\/wp\/v2\/product\/249633","targetHints":{"allow":["GET"]}}],"collection":[{"href":"https:\/\/gyemantekszer.com\/en\/wp-json\/wp\/v2\/product"}],"about":[{"href":"https:\/\/gyemantekszer.com\/en\/wp-json\/wp\/v2\/types\/product"}],"replies":[{"embeddable":true,"href":"https:\/\/gyemantekszer.com\/en\/wp-json\/wp\/v2\/comments?post=249633"}],"wp:featuredmedia":[{"embeddable":true,"href":"https:\/\/gyemantekszer.com\/en\/wp-json\/wp\/v2\/media\/234215"}],"wp:attachment":[{"href":"https:\/\/gyemantekszer.com\/en\/wp-json\/wp\/v2\/media?parent=249633"}],"wp:term":[{"taxonomy":"product_brand","embeddable":true,"href":"https:\/\/gyemantekszer.com\/en\/wp-json\/wp\/v2\/product_brand?post=249633"},{"taxonomy":"product_cat","embeddable":true,"href":"https:\/\/gyemantekszer.com\/en\/wp-json\/wp\/v2\/product_cat?post=249633"},{"taxonomy":"product_tag","embeddable":true,"href":"https:\/\/gyemantekszer.com\/en\/wp-json\/wp\/v2\/product_tag?post=249633"}],"curies":[{"name":"wp","href":"https:\/\/api.w.org\/{rel}","templated":true}]}}