{"id":249624,"date":"2025-05-08T14:25:34","date_gmt":"2025-05-08T12:25:34","guid":{"rendered":"https:\/\/gyemantekszer.com\/termek\/orotech-auera-keramia-karkoto-gyemanttal\/"},"modified":"2025-09-29T13:07:55","modified_gmt":"2025-09-29T11:07:55","slug":"orotech-auera-keramia-karkoto-gyemanttal","status":"publish","type":"product","link":"https:\/\/gyemantekszer.com\/en\/termek\/orotech-auera-keramia-karkoto-gyemanttal\/","title":{"rendered":"Orotech &#8211; Auera ker\u00e1mia kark\u00f6t\u0151 gy\u00e9m\u00e1nttal"},"content":{"rendered":"","protected":false},"excerpt":{"rendered":"<p class=\"\" data-start=\"309\" data-end=\"468\">Letisztult, modern st\u00edlus\u00fa kark\u00f6t\u0151 fekete matt porcel\u00e1nb\u00f3l, amelyet egy finoman megmunk\u00e1lt feh\u00e9rarany foglalatban elhelyezett gy\u00e9m\u00e1nt tesz m\u00e9g ragyog\u00f3bb\u00e1.<\/p>\n<p class=\"\" data-start=\"309\" data-end=\"468\">Az Orotech Firenze \u00e9vek \u00f3ta tervez \u00e9kszereket innovat\u00edv anyagok felhaszn\u00e1l\u00e1s\u00e1val, mint p\u00e9ld\u00e1ul a fekete ker\u00e1mia vagy edzett porcel\u00e1n.<\/p>\n<p data-start=\"309\" data-end=\"468\">\n<p data-start=\"309\" data-end=\"468\">\n","protected":false},"featured_media":244364,"comment_status":"open","ping_status":"open","template":"","meta":{"_acf_changed":false},"product_brand":[],"product_cat":[1921],"product_tag":[1943,133,1950,1310,1305],"class_list":{"0":"post-249624","1":"product","2":"type-product","3":"status-publish","4":"has-post-thumbnail","6":"product_cat-karkoto","7":"product_tag-18-arany","8":"product_tag-noi","9":"product_tag-keramia","10":"product_tag-feher-gyemant","11":"product_tag-feher-arany","12":"pa_kollekcio-exkluziv-ekszerek","13":"pa_marka-orotech","14":"pa_zarak-zar-nelkuli-rugalmas","16":"first","17":"instock","18":"taxable","19":"shipping-taxable","20":"purchasable","21":"product-type-simple"},"acf":[],"_links":{"self":[{"href":"https:\/\/gyemantekszer.com\/en\/wp-json\/wp\/v2\/product\/249624","targetHints":{"allow":["GET"]}}],"collection":[{"href":"https:\/\/gyemantekszer.com\/en\/wp-json\/wp\/v2\/product"}],"about":[{"href":"https:\/\/gyemantekszer.com\/en\/wp-json\/wp\/v2\/types\/product"}],"replies":[{"embeddable":true,"href":"https:\/\/gyemantekszer.com\/en\/wp-json\/wp\/v2\/comments?post=249624"}],"wp:featuredmedia":[{"embeddable":true,"href":"https:\/\/gyemantekszer.com\/en\/wp-json\/wp\/v2\/media\/244364"}],"wp:attachment":[{"href":"https:\/\/gyemantekszer.com\/en\/wp-json\/wp\/v2\/media?parent=249624"}],"wp:term":[{"taxonomy":"product_brand","embeddable":true,"href":"https:\/\/gyemantekszer.com\/en\/wp-json\/wp\/v2\/product_brand?post=249624"},{"taxonomy":"product_cat","embeddable":true,"href":"https:\/\/gyemantekszer.com\/en\/wp-json\/wp\/v2\/product_cat?post=249624"},{"taxonomy":"product_tag","embeddable":true,"href":"https:\/\/gyemantekszer.com\/en\/wp-json\/wp\/v2\/product_tag?post=249624"}],"curies":[{"name":"wp","href":"https:\/\/api.w.org\/{rel}","templated":true}]}}