{"id":249616,"date":"2025-05-06T10:51:55","date_gmt":"2025-05-06T08:51:55","guid":{"rendered":"https:\/\/gyemantekszer.com\/termek\/orotech-midnight-keramia-karkoto-gyemantokkal\/"},"modified":"2025-09-29T13:07:46","modified_gmt":"2025-09-29T11:07:46","slug":"orotech-midnight-keramia-karkoto-gyemantokkal","status":"publish","type":"product","link":"https:\/\/gyemantekszer.com\/en\/product\/orotech-midnight-keramia-karkoto-gyemantokkal\/","title":{"rendered":"Orotech &#8211; Midnight ker\u00e1mia kark\u00f6t\u0151"},"content":{"rendered":"","protected":false},"excerpt":{"rendered":"<p>Extravag\u00e1ns, karakteres kark\u00f6t\u0151 f\u00e9nyes fekete porcel\u00e1nb\u00f3l, hat\u00e1rozott sz\u00f6gletes form\u00e1kkal. A modern designt diszkr\u00e9t feh\u00e9rarany bet\u00e9t emeli ki, amelyet egy ragyog\u00f3 brili\u00e1nsk\u0151 tesz igaz\u00e1n k\u00fcl\u00f6nlegess\u00e9.<\/p>\n<p>&nbsp;<\/p>\n<p>&nbsp;<\/p>\n<p>&nbsp;<\/p>\n<p>&nbsp;<\/p>\n<p>&nbsp;<\/p>\n<p>&nbsp;<\/p>\n<p>&nbsp;<\/p>\n","protected":false},"featured_media":244332,"comment_status":"open","ping_status":"open","template":"","meta":{"_acf_changed":false},"product_brand":[],"product_cat":[1921],"product_tag":[1943,1384,1950,1378,1376,1375],"class_list":{"0":"post-249616","1":"product","2":"type-product","3":"status-publish","4":"has-post-thumbnail","6":"product_cat-karkoto","7":"product_tag-18-arany","8":"product_tag-for-ladies","9":"product_tag-keramia","10":"product_tag-men","11":"product_tag-white-diamond","12":"product_tag-white-gold","13":"pa_kollekcio-exkluziv-ekszerek","14":"pa_marka-orotech","15":"pa_zarak-csuszo-zar","17":"first","18":"instock","19":"taxable","20":"shipping-taxable","21":"purchasable","22":"product-type-simple"},"acf":[],"_links":{"self":[{"href":"https:\/\/gyemantekszer.com\/en\/wp-json\/wp\/v2\/product\/249616","targetHints":{"allow":["GET"]}}],"collection":[{"href":"https:\/\/gyemantekszer.com\/en\/wp-json\/wp\/v2\/product"}],"about":[{"href":"https:\/\/gyemantekszer.com\/en\/wp-json\/wp\/v2\/types\/product"}],"replies":[{"embeddable":true,"href":"https:\/\/gyemantekszer.com\/en\/wp-json\/wp\/v2\/comments?post=249616"}],"wp:featuredmedia":[{"embeddable":true,"href":"https:\/\/gyemantekszer.com\/en\/wp-json\/wp\/v2\/media\/244332"}],"wp:attachment":[{"href":"https:\/\/gyemantekszer.com\/en\/wp-json\/wp\/v2\/media?parent=249616"}],"wp:term":[{"taxonomy":"product_brand","embeddable":true,"href":"https:\/\/gyemantekszer.com\/en\/wp-json\/wp\/v2\/product_brand?post=249616"},{"taxonomy":"product_cat","embeddable":true,"href":"https:\/\/gyemantekszer.com\/en\/wp-json\/wp\/v2\/product_cat?post=249616"},{"taxonomy":"product_tag","embeddable":true,"href":"https:\/\/gyemantekszer.com\/en\/wp-json\/wp\/v2\/product_tag?post=249616"}],"curies":[{"name":"wp","href":"https:\/\/api.w.org\/{rel}","templated":true}]}}