{"id":249605,"date":"2025-03-28T11:49:34","date_gmt":"2025-03-28T10:49:34","guid":{"rendered":"https:\/\/gyemantekszer.com\/termek\/royal-zafira-gyemant-gyuru\/"},"modified":"2025-09-29T13:07:42","modified_gmt":"2025-09-29T11:07:42","slug":"royal-zafira-gyemant-gyuru","status":"publish","type":"product","link":"https:\/\/gyemantekszer.com\/en\/product\/royal-zafira-gyemant-gyuru\/","title":{"rendered":"ROYAL &#8211; Zafira gy\u00e9m\u00e1nt Gy\u0171r\u0171"},"content":{"rendered":"","protected":false},"excerpt":{"rendered":"<p>Ezt az exkl\u00faz\u00edv gy\u00e9m\u00e1nt gy\u0171r\u0171t egy gy\u00f6ny\u00f6r\u0171 csepp alak\u00fara csiszolt k\u00e9k zaf\u00edr dr\u00e1gak\u0151 d\u00edsz\u00edti, amely feh\u00e9raranyba foglalva k\u00e1pr\u00e1zatos \u00f6sszhat\u00e1st ny\u00fajt.<\/p>\n<p>A gy\u00e9m\u00e1ntok \u00e9s a k\u00e9k zaf\u00edr var\u00e1zslatos j\u00e1t\u00e9ka minden pillanatban elb\u0171v\u00f6li a szeml\u00e9l\u0151t, m\u00edg a feh\u00e9rarany csillog\u00e1sa t\u00f6k\u00e9letesen kiemeli a dr\u00e1gak\u00f6vek sz\u00e9ps\u00e9g\u00e9t.<\/p>\n<p>T\u00f6k\u00e9letes v\u00e1laszt\u00e1s mindazoknak, akik a legjobb min\u0151s\u00e9get keresik, \u00e9s szeretn\u00e9k maguknak vagy szeretteiknek egy igaz\u00e1n k\u00fcl\u00f6nleges aj\u00e1nd\u00e9kkal kedveskedni.<\/p>\n","protected":false},"featured_media":244285,"comment_status":"open","ping_status":"open","template":"","meta":{"_acf_changed":false},"product_brand":[],"product_cat":[1917],"product_tag":[1384,1390,1376,1928],"class_list":{"0":"post-249605","1":"product","2":"type-product","3":"status-publish","4":"has-post-thumbnail","6":"product_cat-gyuru","7":"product_tag-for-ladies","8":"product_tag-jewel-setts","9":"product_tag-white-diamond","10":"product_tag-zafir","11":"pa_kollekcio-exkluziv-ekszerek","12":"pa_meret-187","13":"pa_otvozet-finomsaga-143","14":"pa_suly-17-gr","16":"first","17":"instock","18":"taxable","19":"shipping-taxable","20":"purchasable","21":"product-type-simple"},"acf":[],"_links":{"self":[{"href":"https:\/\/gyemantekszer.com\/en\/wp-json\/wp\/v2\/product\/249605","targetHints":{"allow":["GET"]}}],"collection":[{"href":"https:\/\/gyemantekszer.com\/en\/wp-json\/wp\/v2\/product"}],"about":[{"href":"https:\/\/gyemantekszer.com\/en\/wp-json\/wp\/v2\/types\/product"}],"replies":[{"embeddable":true,"href":"https:\/\/gyemantekszer.com\/en\/wp-json\/wp\/v2\/comments?post=249605"}],"wp:featuredmedia":[{"embeddable":true,"href":"https:\/\/gyemantekszer.com\/en\/wp-json\/wp\/v2\/media\/244285"}],"wp:attachment":[{"href":"https:\/\/gyemantekszer.com\/en\/wp-json\/wp\/v2\/media?parent=249605"}],"wp:term":[{"taxonomy":"product_brand","embeddable":true,"href":"https:\/\/gyemantekszer.com\/en\/wp-json\/wp\/v2\/product_brand?post=249605"},{"taxonomy":"product_cat","embeddable":true,"href":"https:\/\/gyemantekszer.com\/en\/wp-json\/wp\/v2\/product_cat?post=249605"},{"taxonomy":"product_tag","embeddable":true,"href":"https:\/\/gyemantekszer.com\/en\/wp-json\/wp\/v2\/product_tag?post=249605"}],"curies":[{"name":"wp","href":"https:\/\/api.w.org\/{rel}","templated":true}]}}