{"id":249601,"date":"2025-02-25T11:51:15","date_gmt":"2025-02-25T10:51:15","guid":{"rendered":"https:\/\/gyemantekszer.com\/termek\/lelune-glamour-white-crystal-nyakek\/"},"modified":"2026-01-21T16:08:59","modified_gmt":"2026-01-21T15:08:59","slug":"lelune-glamour-white-crystal-nyakek","status":"publish","type":"product","link":"https:\/\/gyemantekszer.com\/en\/product\/lelune-glamour-white-crystal-nyakek\/","title":{"rendered":"Lelune Glamour &#8211; White Crystal nyak\u00e9k"},"content":{"rendered":"","protected":false},"excerpt":{"rendered":"<p>Ez az eleg\u00e1ns nyak\u00e9k \u00e9desv\u00edzi teny\u00e9sztett gy\u00f6ngy\u00f6kb\u0151l \u00e9s gy\u00f6ny\u00f6r\u0171 \u00e1tl\u00e1tsz\u00f3 Hegyikrist\u00e1lyb\u00f3l k\u00e9sz\u00fclt, amelyet\u00a0 roz\u00e9 aranyoz\u00e1ssal d\u00edsz\u00edtettek \u00e9s fekete ach\u00e1t k\u00f6vekkel eg\u00e9sz\u00edtettek ki.<\/p>\n<p>Olaszorsz\u00e1gb\u00f3l \u00e9rkeztek ezek a nemes anyagokb\u00f3l gondosan megtervezett gy\u00f6ngy\u00f6s, dr\u00e1gak\u00f6vekkel kieg\u00e9sz\u00edtett<em>\u00a0<\/em><strong><em>LELUNE Glamour<\/em><\/strong><strong>\u00a0<\/strong>\u00e9kszerek. Divatos sz\u00ednvil\u00e1g\u00e1val \u00e9s nemes anyagv\u00e1laszt\u00e1s\u00e1val feldobja sz\u00fcrke h\u00e9tk\u00f6znapjainkat. Aj\u00e1nljuk figyelm\u00e9be a\u00a0<em><strong>LELUNE Glamour<\/strong><\/em><strong>\u00a0<\/strong>k\u00fcl\u00f6nb\u00f6z\u0151 hossz\u00fas\u00e1g\u00fa gy\u00f6ngysorait, nyak\u00e9keit, melyeket vari\u00e1lhat egy\u00e9ni \u00edzl\u00e9s\u00e9nek megfelel\u0151en.<\/p>\n<p>&nbsp;<\/p>\n","protected":false},"featured_media":224545,"comment_status":"open","ping_status":"closed","template":"","meta":{"_acf_changed":false},"product_brand":[],"product_cat":[1923],"product_tag":[1956,1969,1384,1972],"class_list":{"0":"post-249601","1":"product","2":"type-product","3":"status-publish","4":"has-post-thumbnail","6":"product_cat-nyakek","7":"product_tag-achat","8":"product_tag-edesvizi-gyongy","9":"product_tag-for-ladies","10":"product_tag-hegyikristaly","11":"pa_kollekcio-divat-ekszerek-kiegeszitok","12":"pa_marka-le-lune-glamour","13":"pa_zarak-karabiner-zar","15":"first","16":"instock","17":"taxable","18":"shipping-taxable","19":"purchasable","20":"product-type-simple"},"acf":[],"_links":{"self":[{"href":"https:\/\/gyemantekszer.com\/en\/wp-json\/wp\/v2\/product\/249601","targetHints":{"allow":["GET"]}}],"collection":[{"href":"https:\/\/gyemantekszer.com\/en\/wp-json\/wp\/v2\/product"}],"about":[{"href":"https:\/\/gyemantekszer.com\/en\/wp-json\/wp\/v2\/types\/product"}],"replies":[{"embeddable":true,"href":"https:\/\/gyemantekszer.com\/en\/wp-json\/wp\/v2\/comments?post=249601"}],"wp:featuredmedia":[{"embeddable":true,"href":"https:\/\/gyemantekszer.com\/en\/wp-json\/wp\/v2\/media\/224545"}],"wp:attachment":[{"href":"https:\/\/gyemantekszer.com\/en\/wp-json\/wp\/v2\/media?parent=249601"}],"wp:term":[{"taxonomy":"product_brand","embeddable":true,"href":"https:\/\/gyemantekszer.com\/en\/wp-json\/wp\/v2\/product_brand?post=249601"},{"taxonomy":"product_cat","embeddable":true,"href":"https:\/\/gyemantekszer.com\/en\/wp-json\/wp\/v2\/product_cat?post=249601"},{"taxonomy":"product_tag","embeddable":true,"href":"https:\/\/gyemantekszer.com\/en\/wp-json\/wp\/v2\/product_tag?post=249601"}],"curies":[{"name":"wp","href":"https:\/\/api.w.org\/{rel}","templated":true}]}}