{"id":249573,"date":"2024-12-04T13:01:03","date_gmt":"2024-12-04T12:01:03","guid":{"rendered":"https:\/\/gyemantekszer.com\/termek\/royal-odett-gyemant-gyuru\/"},"modified":"2025-09-29T13:07:20","modified_gmt":"2025-09-29T11:07:20","slug":"royal-odett-gyemant-gyuru","status":"publish","type":"product","link":"https:\/\/gyemantekszer.com\/en\/termek\/royal-odett-gyemant-gyuru\/","title":{"rendered":"ROYAL &#8211; Bellissimo  gy\u00e9m\u00e1nt gy\u0171r\u0171"},"content":{"rendered":"","protected":false},"excerpt":{"rendered":"<p>Egy k\u00fcl\u00f6nleges eleg\u00e1ns feh\u00e9r aranyb\u00f3l k\u00e9sz\u00fclt karika gy\u0171r\u0171, melyet finoman elhelyezett feh\u00e9r gy\u00e9m\u00e1ntok sora d\u00edsz\u00edt.<\/p>\n<p>Az id\u0151t\u00e1ll\u00f3 diz\u00e1jn \u00e9s a csillog\u00f3 gy\u00e9m\u00e1ntok kombin\u00e1ci\u00f3ja kifejezi a tiszta \u00e9s az \u00f6r\u00f6k szerelmet, mely \u00a0t\u00f6k\u00e9letes v\u00e1laszt\u00e1s lehet, ak\u00e1r \u00a0esk\u00fcv\u0151i vagy eljegyz\u00e9si alkalomra.<\/p>\n","protected":false},"featured_media":244210,"comment_status":"open","ping_status":"open","template":"","meta":{"_acf_changed":false},"product_brand":[],"product_cat":[1917],"product_tag":[133,1938,1310,1305],"class_list":{"0":"post-249573","1":"product","2":"type-product","3":"status-publish","4":"has-post-thumbnail","6":"product_cat-gyuru","7":"product_tag-noi","8":"product_tag-karikagyuru","9":"product_tag-feher-gyemant","10":"product_tag-feher-arany","11":"pa_kollekcio-exkluziv-ekszerek","12":"pa_marka-royal-diamonds-by-alexandra-ronai","13":"pa_meret-49-52","14":"pa_otvozet-finomsaga-221","15":"pa_suly-34-gr","17":"first","18":"onrequest","19":"taxable","20":"shipping-taxable","21":"product-type-simple"},"acf":[],"_links":{"self":[{"href":"https:\/\/gyemantekszer.com\/en\/wp-json\/wp\/v2\/product\/249573","targetHints":{"allow":["GET"]}}],"collection":[{"href":"https:\/\/gyemantekszer.com\/en\/wp-json\/wp\/v2\/product"}],"about":[{"href":"https:\/\/gyemantekszer.com\/en\/wp-json\/wp\/v2\/types\/product"}],"replies":[{"embeddable":true,"href":"https:\/\/gyemantekszer.com\/en\/wp-json\/wp\/v2\/comments?post=249573"}],"wp:featuredmedia":[{"embeddable":true,"href":"https:\/\/gyemantekszer.com\/en\/wp-json\/wp\/v2\/media\/244210"}],"wp:attachment":[{"href":"https:\/\/gyemantekszer.com\/en\/wp-json\/wp\/v2\/media?parent=249573"}],"wp:term":[{"taxonomy":"product_brand","embeddable":true,"href":"https:\/\/gyemantekszer.com\/en\/wp-json\/wp\/v2\/product_brand?post=249573"},{"taxonomy":"product_cat","embeddable":true,"href":"https:\/\/gyemantekszer.com\/en\/wp-json\/wp\/v2\/product_cat?post=249573"},{"taxonomy":"product_tag","embeddable":true,"href":"https:\/\/gyemantekszer.com\/en\/wp-json\/wp\/v2\/product_tag?post=249573"}],"curies":[{"name":"wp","href":"https:\/\/api.w.org\/{rel}","templated":true}]}}