{"id":249572,"date":"2024-12-04T12:28:37","date_gmt":"2024-12-04T11:28:37","guid":{"rendered":"https:\/\/gyemantekszer.com\/termek\/royal-lume-gyemant-nyakek\/"},"modified":"2025-11-10T15:01:07","modified_gmt":"2025-11-10T14:01:07","slug":"royal-lume-gyemant-nyakek","status":"publish","type":"product","link":"https:\/\/gyemantekszer.com\/en\/termek\/royal-lume-gyemant-nyakek\/","title":{"rendered":"ROYAL &#8211; Lume gy\u00e9m\u00e1nt nyak\u00e9k"},"content":{"rendered":"","protected":false},"excerpt":{"rendered":"<p>Ez az eleg\u00e1ns feh\u00e9r aranyb\u00f3l k\u00e9sz\u00fclt nyak\u00e9k egy igaz\u00e1n exkl\u00faz\u00edv egyedi viselet. Modern brili\u00e1ns csiszol\u00e1s\u00fa gy\u00e9m\u00e1ntokkal d\u00edsz\u00edtett\u00e9k, alkalmi viseletnek kiv\u00e1l\u00f3an alkalmas, b\u00e1rmely f\u00e9ny\u0171z\u0151 est\u00e9lyre igazi \u00fcnnepi viselet.<\/p>\n<p>Aj\u00e1nljuk hozz\u00e1 szettnek, a hozz\u00e1tartoz\u00f3 <span data-sheets-root=\"1\">ROYAL &#8211; Lume gy\u00e9m\u00e1nt f\u00fclbeval\u00f3t (6272).<\/span><\/p>\n<p>&nbsp;<\/p>\n","protected":false},"featured_media":244206,"comment_status":"open","ping_status":"closed","template":"","meta":{"_acf_changed":false},"product_brand":[],"product_cat":[1923],"product_tag":[138,1305,1310,133],"class_list":{"0":"post-249572","1":"product","2":"type-product","3":"status-publish","4":"has-post-thumbnail","6":"product_cat-nyakek","7":"product_tag-ekszer-szett","8":"product_tag-feher-arany","9":"product_tag-feher-gyemant","10":"product_tag-noi","11":"pa_kollekcio-exkluziv-ekszerek","12":"pa_marka-royal-diamonds-by-alexandra-ronai","13":"pa_otvozet-finomsaga-221","14":"pa_suly-16-gr","15":"pa_zarak-karabiner-zar","17":"first","18":"instock","19":"sale","20":"taxable","21":"shipping-taxable","22":"purchasable","23":"product-type-simple"},"acf":[],"_links":{"self":[{"href":"https:\/\/gyemantekszer.com\/en\/wp-json\/wp\/v2\/product\/249572","targetHints":{"allow":["GET"]}}],"collection":[{"href":"https:\/\/gyemantekszer.com\/en\/wp-json\/wp\/v2\/product"}],"about":[{"href":"https:\/\/gyemantekszer.com\/en\/wp-json\/wp\/v2\/types\/product"}],"replies":[{"embeddable":true,"href":"https:\/\/gyemantekszer.com\/en\/wp-json\/wp\/v2\/comments?post=249572"}],"wp:featuredmedia":[{"embeddable":true,"href":"https:\/\/gyemantekszer.com\/en\/wp-json\/wp\/v2\/media\/244206"}],"wp:attachment":[{"href":"https:\/\/gyemantekszer.com\/en\/wp-json\/wp\/v2\/media?parent=249572"}],"wp:term":[{"taxonomy":"product_brand","embeddable":true,"href":"https:\/\/gyemantekszer.com\/en\/wp-json\/wp\/v2\/product_brand?post=249572"},{"taxonomy":"product_cat","embeddable":true,"href":"https:\/\/gyemantekszer.com\/en\/wp-json\/wp\/v2\/product_cat?post=249572"},{"taxonomy":"product_tag","embeddable":true,"href":"https:\/\/gyemantekszer.com\/en\/wp-json\/wp\/v2\/product_tag?post=249572"}],"curies":[{"name":"wp","href":"https:\/\/api.w.org\/{rel}","templated":true}]}}