{"id":249567,"date":"2024-12-04T11:31:47","date_gmt":"2024-12-04T10:31:47","guid":{"rendered":"https:\/\/gyemantekszer.com\/termek\/royal-rone-gyemant-gyuru\/"},"modified":"2025-12-22T13:41:00","modified_gmt":"2025-12-22T12:41:00","slug":"royal-rone-gyemant-gyuru","status":"publish","type":"product","link":"https:\/\/gyemantekszer.com\/en\/termek\/royal-rone-gyemant-gyuru\/","title":{"rendered":"ROYAL &#8211; Rone gy\u00e9m\u00e1nt gy\u0171r\u0171"},"content":{"rendered":"","protected":false},"excerpt":{"rendered":"<p>Roz\u00e9 arany karika gy\u0171r\u0171, 13 gy\u00e9m\u00e1nttal d\u00edsz\u00edtve \u00e9s k\u00f6rbe rakva, t\u00f6bb soros \u00e9kszer k\u00fcl\u00f6nlegess\u00e9g. \u00a0Finom megmunk\u00e1l\u00e1ssal \u00e9s apr\u00f3 r\u00e9szletekkel gazdag\u00edtva.<\/p>\n","protected":false},"featured_media":244183,"comment_status":"open","ping_status":"closed","template":"","meta":{"_acf_changed":false},"product_brand":[],"product_cat":[1917,1919],"product_tag":[133,1852,1306,140,1310],"class_list":{"0":"post-249567","1":"product","2":"type-product","3":"status-publish","4":"has-post-thumbnail","6":"product_cat-gyuru","7":"product_cat-karikagyuru","8":"product_tag-noi","9":"product_tag-karikagyuru","10":"product_tag-roze-arany","11":"product_tag-meretezheto","12":"product_tag-feher-gyemant","13":"pa_kollekcio-exkluziv-ekszerek","14":"pa_marka-royal-diamonds-by-alexandra-ronai","15":"pa_meret-179","16":"pa_otvozet-finomsaga-221","17":"pa_suly-46-gr","19":"first","20":"outofstock","21":"taxable","22":"shipping-taxable","23":"product-type-simple"},"acf":[],"_links":{"self":[{"href":"https:\/\/gyemantekszer.com\/en\/wp-json\/wp\/v2\/product\/249567","targetHints":{"allow":["GET"]}}],"collection":[{"href":"https:\/\/gyemantekszer.com\/en\/wp-json\/wp\/v2\/product"}],"about":[{"href":"https:\/\/gyemantekszer.com\/en\/wp-json\/wp\/v2\/types\/product"}],"replies":[{"embeddable":true,"href":"https:\/\/gyemantekszer.com\/en\/wp-json\/wp\/v2\/comments?post=249567"}],"wp:featuredmedia":[{"embeddable":true,"href":"https:\/\/gyemantekszer.com\/en\/wp-json\/wp\/v2\/media\/244183"}],"wp:attachment":[{"href":"https:\/\/gyemantekszer.com\/en\/wp-json\/wp\/v2\/media?parent=249567"}],"wp:term":[{"taxonomy":"product_brand","embeddable":true,"href":"https:\/\/gyemantekszer.com\/en\/wp-json\/wp\/v2\/product_brand?post=249567"},{"taxonomy":"product_cat","embeddable":true,"href":"https:\/\/gyemantekszer.com\/en\/wp-json\/wp\/v2\/product_cat?post=249567"},{"taxonomy":"product_tag","embeddable":true,"href":"https:\/\/gyemantekszer.com\/en\/wp-json\/wp\/v2\/product_tag?post=249567"}],"curies":[{"name":"wp","href":"https:\/\/api.w.org\/{rel}","templated":true}]}}