{"id":249562,"date":"2024-12-04T10:18:35","date_gmt":"2024-12-04T09:18:35","guid":{"rendered":"https:\/\/gyemantekszer.com\/termek\/royal-nida-gyemant-gyuru\/"},"modified":"2025-11-04T12:50:13","modified_gmt":"2025-11-04T11:50:13","slug":"royal-nida-gyemant-gyuru","status":"publish","type":"product","link":"https:\/\/gyemantekszer.com\/en\/termek\/royal-nida-gyemant-gyuru\/","title":{"rendered":"ROYAL &#8211; Nida gy\u00e9m\u00e1nt gy\u0171r\u0171"},"content":{"rendered":"","protected":false},"excerpt":{"rendered":"<p>S\u00e1rga aranyb\u00f3l k\u00e9sz\u00fclt dupla soros k\u00fcl\u00f6nleges gy\u0171r\u0171, amit apr\u00f3 csillog\u00f3 feh\u00e9r gy\u00e9m\u00e1ntokkal d\u00edsz\u00edtettek, igazi k\u00fcl\u00f6nleges alkalmi \u00e9kszer. A sok kis gy\u00e9m\u00e1nt l\u00e1tv\u00e1nyos csillog\u00e1st k\u00f6lcs\u00f6n\u00f6z \u00e9s igaz\u00e1n egyedi megjelen\u00e9st eredm\u00e9nyez. Kiv\u00e1l\u00f3an p\u00e1ros\u00edthat\u00f3 eljegyz\u00e9si gy\u0171r\u0171 mell\u00e9, mint karika gy\u0171r\u0171.<\/p>\n","protected":false},"featured_media":244164,"comment_status":"open","ping_status":"closed","template":"","meta":{"_acf_changed":false},"product_brand":[],"product_cat":[1917,1919],"product_tag":[1310,1852,140,1307],"class_list":{"0":"post-249562","1":"product","2":"type-product","3":"status-publish","4":"has-post-thumbnail","6":"product_cat-gyuru","7":"product_cat-karikagyuru","8":"product_tag-feher-gyemant","9":"product_tag-karikagyuru","10":"product_tag-meretezheto","11":"product_tag-sarga-arany","12":"pa_kollekcio-exkluziv-ekszerek","13":"pa_marka-royal-diamonds-by-alexandra-ronai","14":"pa_meret-181","15":"pa_otvozet-finomsaga-221","16":"pa_suly-31-gr","18":"first","19":"instock","20":"sale","21":"taxable","22":"shipping-taxable","23":"purchasable","24":"product-type-simple"},"acf":[],"_links":{"self":[{"href":"https:\/\/gyemantekszer.com\/en\/wp-json\/wp\/v2\/product\/249562","targetHints":{"allow":["GET"]}}],"collection":[{"href":"https:\/\/gyemantekszer.com\/en\/wp-json\/wp\/v2\/product"}],"about":[{"href":"https:\/\/gyemantekszer.com\/en\/wp-json\/wp\/v2\/types\/product"}],"replies":[{"embeddable":true,"href":"https:\/\/gyemantekszer.com\/en\/wp-json\/wp\/v2\/comments?post=249562"}],"wp:featuredmedia":[{"embeddable":true,"href":"https:\/\/gyemantekszer.com\/en\/wp-json\/wp\/v2\/media\/244164"}],"wp:attachment":[{"href":"https:\/\/gyemantekszer.com\/en\/wp-json\/wp\/v2\/media?parent=249562"}],"wp:term":[{"taxonomy":"product_brand","embeddable":true,"href":"https:\/\/gyemantekszer.com\/en\/wp-json\/wp\/v2\/product_brand?post=249562"},{"taxonomy":"product_cat","embeddable":true,"href":"https:\/\/gyemantekszer.com\/en\/wp-json\/wp\/v2\/product_cat?post=249562"},{"taxonomy":"product_tag","embeddable":true,"href":"https:\/\/gyemantekszer.com\/en\/wp-json\/wp\/v2\/product_tag?post=249562"}],"curies":[{"name":"wp","href":"https:\/\/api.w.org\/{rel}","templated":true}]}}