{"id":249530,"date":"2024-11-28T19:34:43","date_gmt":"2024-11-28T18:34:43","guid":{"rendered":"https:\/\/gyemantekszer.com\/termek\/h2on-gioielli-sailor-ferfi-karkoto\/"},"modified":"2025-09-29T13:06:52","modified_gmt":"2025-09-29T11:06:52","slug":"h2on-gioielli-sailor-ferfi-karkoto","status":"publish","type":"product","link":"https:\/\/gyemantekszer.com\/en\/termek\/h2on-gioielli-sailor-ferfi-karkoto\/","title":{"rendered":"H2on-Gioielli Sailor F\u00e9rfi Kark\u00f6t\u0151"},"content":{"rendered":"","protected":false},"excerpt":{"rendered":"<p>\u00daj, Olaszorsz\u00e1gb\u00f3l \u00e9rkezett m\u00e1rk\u00e1nk a H2on-GIOIELLI, amely nikkelmentes, nemesac\u00e9lb\u00f3l k\u00e9sz\u00fclt f\u00e9rfi \u00e9kszereket k\u00e9sz\u00edt. Egyedi tervez\u00e9s\u0171 darabjai a modern, sportos st\u00edlusjegyeket \u00f6tv\u00f6zik a klasszikus eleganci\u00e1val.<\/p>\n<p>Ezt a s\u00f6t\u00e9tbarna sz\u00edn\u0171, marhab\u0151rb\u0151l k\u00e9sz\u00fclt kark\u00f6t\u0151t roz\u00e9 aranyozott d\u00edsz\u00edt\u00e9ssel l\u00e1tt\u00e1k el. Igaz\u00e1n st\u00edlusos \u00e9s eleg\u00e1ns viselet a mindennapokra. H\u00e1tul \u00e1ll\u00edthat\u00f3 r\u00e9sszel kieg\u00e9sz\u00edtve, s \u00edgy komfortosan m\u00e9retre \u00e1ll\u00edthat\u00f3.<\/p>\n<p>&nbsp;<\/p>\n","protected":false},"featured_media":244028,"comment_status":"open","ping_status":"open","template":"","meta":{"_acf_changed":false},"product_brand":[],"product_cat":[1921],"product_tag":[134,1995,1994,140],"class_list":{"0":"post-249530","1":"product","2":"type-product","3":"status-publish","4":"has-post-thumbnail","6":"product_cat-karkoto","7":"product_tag-ferfi","8":"product_tag-nemesacel","9":"product_tag-nikkelmentes","10":"product_tag-meretezheto","11":"pa_kollekcio-divat-ekszerek-kiegeszitok","12":"pa_marka-h2on","14":"first","15":"onrequest","16":"taxable","17":"shipping-taxable","18":"product-type-simple"},"acf":[],"_links":{"self":[{"href":"https:\/\/gyemantekszer.com\/en\/wp-json\/wp\/v2\/product\/249530","targetHints":{"allow":["GET"]}}],"collection":[{"href":"https:\/\/gyemantekszer.com\/en\/wp-json\/wp\/v2\/product"}],"about":[{"href":"https:\/\/gyemantekszer.com\/en\/wp-json\/wp\/v2\/types\/product"}],"replies":[{"embeddable":true,"href":"https:\/\/gyemantekszer.com\/en\/wp-json\/wp\/v2\/comments?post=249530"}],"wp:featuredmedia":[{"embeddable":true,"href":"https:\/\/gyemantekszer.com\/en\/wp-json\/wp\/v2\/media\/244028"}],"wp:attachment":[{"href":"https:\/\/gyemantekszer.com\/en\/wp-json\/wp\/v2\/media?parent=249530"}],"wp:term":[{"taxonomy":"product_brand","embeddable":true,"href":"https:\/\/gyemantekszer.com\/en\/wp-json\/wp\/v2\/product_brand?post=249530"},{"taxonomy":"product_cat","embeddable":true,"href":"https:\/\/gyemantekszer.com\/en\/wp-json\/wp\/v2\/product_cat?post=249530"},{"taxonomy":"product_tag","embeddable":true,"href":"https:\/\/gyemantekszer.com\/en\/wp-json\/wp\/v2\/product_tag?post=249530"}],"curies":[{"name":"wp","href":"https:\/\/api.w.org\/{rel}","templated":true}]}}