{"id":249525,"date":"2024-11-15T11:51:07","date_gmt":"2024-11-15T10:51:07","guid":{"rendered":"https:\/\/gyemantekszer.com\/termek\/royal-epolin-gyemantgyuru\/"},"modified":"2025-09-29T13:06:50","modified_gmt":"2025-09-29T11:06:50","slug":"royal-epolin-gyemantgyuru","status":"publish","type":"product","link":"https:\/\/gyemantekszer.com\/en\/termek\/royal-epolin-gyemantgyuru\/","title":{"rendered":"ROYAL &#8211; Epolin gy\u00e9m\u00e1ntgy\u0171r\u0171"},"content":{"rendered":"","protected":false},"excerpt":{"rendered":"<p>Ez az egyedi tervez\u00e9s\u0171 s\u00e1rga arany gy\u0171r\u0171, egy k\u00fcl\u00f6nleges alkalmi modell, amely feh\u00e9r \u00e9s konyak sz\u00edn\u0171 gy\u00e9m\u00e1ntokkal van d\u00edsz\u00edtve.<\/p>\n","protected":false},"featured_media":244005,"comment_status":"open","ping_status":"open","template":"","meta":{"_acf_changed":false},"product_brand":[],"product_cat":[1917],"product_tag":[133,1927,140,1310,1307],"class_list":{"0":"post-249525","1":"product","2":"type-product","3":"status-publish","4":"has-post-thumbnail","6":"product_cat-gyuru","7":"product_tag-noi","8":"product_tag-konyak-gyemant","9":"product_tag-meretezheto","10":"product_tag-feher-gyemant","11":"product_tag-sarga-arany","12":"pa_kollekcio-exkluziv-ekszerek","13":"pa_marka-royal-diamonds-by-alexandra-ronai","14":"pa_meret-181","15":"pa_otvozet-finomsaga-221","16":"pa_suly-45-gr","18":"first","19":"instock","20":"taxable","21":"shipping-taxable","22":"purchasable","23":"product-type-simple"},"acf":[],"_links":{"self":[{"href":"https:\/\/gyemantekszer.com\/en\/wp-json\/wp\/v2\/product\/249525","targetHints":{"allow":["GET"]}}],"collection":[{"href":"https:\/\/gyemantekszer.com\/en\/wp-json\/wp\/v2\/product"}],"about":[{"href":"https:\/\/gyemantekszer.com\/en\/wp-json\/wp\/v2\/types\/product"}],"replies":[{"embeddable":true,"href":"https:\/\/gyemantekszer.com\/en\/wp-json\/wp\/v2\/comments?post=249525"}],"wp:featuredmedia":[{"embeddable":true,"href":"https:\/\/gyemantekszer.com\/en\/wp-json\/wp\/v2\/media\/244005"}],"wp:attachment":[{"href":"https:\/\/gyemantekszer.com\/en\/wp-json\/wp\/v2\/media?parent=249525"}],"wp:term":[{"taxonomy":"product_brand","embeddable":true,"href":"https:\/\/gyemantekszer.com\/en\/wp-json\/wp\/v2\/product_brand?post=249525"},{"taxonomy":"product_cat","embeddable":true,"href":"https:\/\/gyemantekszer.com\/en\/wp-json\/wp\/v2\/product_cat?post=249525"},{"taxonomy":"product_tag","embeddable":true,"href":"https:\/\/gyemantekszer.com\/en\/wp-json\/wp\/v2\/product_tag?post=249525"}],"curies":[{"name":"wp","href":"https:\/\/api.w.org\/{rel}","templated":true}]}}