{"id":249520,"date":"2024-10-18T13:02:03","date_gmt":"2024-10-18T11:02:03","guid":{"rendered":"https:\/\/gyemantekszer.com\/termek\/lelune-diamonds-heart-gyemant-gyuru\/"},"modified":"2025-11-07T13:20:23","modified_gmt":"2025-11-07T12:20:23","slug":"lelune-diamonds-heart-gyemant-gyuru","status":"publish","type":"product","link":"https:\/\/gyemantekszer.com\/en\/termek\/lelune-diamonds-heart-gyemant-gyuru\/","title":{"rendered":"Lelune Diamonds -Heart gy\u00e9m\u00e1nt gy\u0171r\u0171"},"content":{"rendered":"","protected":false},"excerpt":{"rendered":"<p><span data-sheets-value=\"{&quot;1&quot;:2,&quot;2&quot;:&quot;Csodasz\u00e9p r\u00f3zsasz\u00edn aranyb\u00f3l k\u00e9sz\u00fclt gy\u00e9m\u00e1ntgy\u0171r\u0171,sz\u00edv form\u00e1ba csillog\u00f3 brilli\u00e1ns k\u00f6veket &quot;}\" data-sheets-userformat=\"{&quot;2&quot;:513,&quot;3&quot;:{&quot;1&quot;:0},&quot;12&quot;:0}\">Ez a csodasz\u00e9p r\u00f3zsasz\u00edn\u0171 aranyb\u00f3l k\u00e9sz\u00fclt gy\u0171r\u0171, amin gy\u00e9m\u00e1ntokkal kirakott sz\u00edv tal\u00e1lhat\u00f3. Az \u00e9kszer szettben is megv\u00e1s\u00e1rolhat\u00f3.<\/span><\/p>\n<p>&nbsp;<\/p>\n<p><span data-sheets-value=\"{&quot;1&quot;:2,&quot;2&quot;:&quot;Csodasz\u00e9p r\u00f3zsasz\u00edn aranyb\u00f3l k\u00e9sz\u00fclt gy\u00e9m\u00e1ntgy\u0171r\u0171,sz\u00edv form\u00e1ba csillog\u00f3 brilli\u00e1ns k\u00f6veket &quot;}\" data-sheets-userformat=\"{&quot;2&quot;:513,&quot;3&quot;:{&quot;1&quot;:0},&quot;12&quot;:0}\">\u00a0<\/span><\/p>\n","protected":false},"featured_media":243984,"comment_status":"open","ping_status":"closed","template":"","meta":{"_acf_changed":false},"product_brand":[],"product_cat":[1359],"product_tag":[1390,1373,1376,1384,1385],"class_list":{"0":"post-249520","1":"product","2":"type-product","3":"status-publish","4":"has-post-thumbnail","6":"product_cat-exclusive-rings","7":"product_tag-jewel-setts","8":"product_tag-engagement","9":"product_tag-white-diamond","10":"product_tag-for-ladies","11":"product_tag-rose-gold","12":"pa_kollekcio-exkluziv-ekszerek","13":"pa_marka-le-lune-diamonds","14":"pa_meret-259","15":"pa_otvozet-finomsaga-143","16":"pa_suly-15-gr","18":"first","19":"instock","20":"sale","21":"taxable","22":"shipping-taxable","23":"purchasable","24":"product-type-simple"},"acf":[],"_links":{"self":[{"href":"https:\/\/gyemantekszer.com\/en\/wp-json\/wp\/v2\/product\/249520","targetHints":{"allow":["GET"]}}],"collection":[{"href":"https:\/\/gyemantekszer.com\/en\/wp-json\/wp\/v2\/product"}],"about":[{"href":"https:\/\/gyemantekszer.com\/en\/wp-json\/wp\/v2\/types\/product"}],"replies":[{"embeddable":true,"href":"https:\/\/gyemantekszer.com\/en\/wp-json\/wp\/v2\/comments?post=249520"}],"wp:featuredmedia":[{"embeddable":true,"href":"https:\/\/gyemantekszer.com\/en\/wp-json\/wp\/v2\/media\/243984"}],"wp:attachment":[{"href":"https:\/\/gyemantekszer.com\/en\/wp-json\/wp\/v2\/media?parent=249520"}],"wp:term":[{"taxonomy":"product_brand","embeddable":true,"href":"https:\/\/gyemantekszer.com\/en\/wp-json\/wp\/v2\/product_brand?post=249520"},{"taxonomy":"product_cat","embeddable":true,"href":"https:\/\/gyemantekszer.com\/en\/wp-json\/wp\/v2\/product_cat?post=249520"},{"taxonomy":"product_tag","embeddable":true,"href":"https:\/\/gyemantekszer.com\/en\/wp-json\/wp\/v2\/product_tag?post=249520"}],"curies":[{"name":"wp","href":"https:\/\/api.w.org\/{rel}","templated":true}]}}