{"id":249518,"date":"2024-10-17T15:13:07","date_gmt":"2024-10-17T13:13:07","guid":{"rendered":"https:\/\/gyemantekszer.com\/termek\/le-lune-diamonds-fausta-1-gyemant-gyuru\/"},"modified":"2025-11-04T15:03:04","modified_gmt":"2025-11-04T14:03:04","slug":"le-lune-diamonds-fausta-1-gyemant-gyuru","status":"publish","type":"product","link":"https:\/\/gyemantekszer.com\/en\/termek\/le-lune-diamonds-fausta-1-gyemant-gyuru\/","title":{"rendered":"LE LUNE DIAMONDS &#8211; Fausta 1 Gy\u00e9m\u00e1nt Gy\u0171r\u0171"},"content":{"rendered":"","protected":false},"excerpt":{"rendered":"<p><span data-sheets-root=\"1\">Feh\u00e9r aranyb\u00f3l k\u00e9sz\u00fclt gy\u0171r\u0171, amit apr\u00f3 csillog\u00f3 feh\u00e9r gy\u00e9m\u00e1nttal d\u00edsz\u00edtettek. Aj\u00e1nljuk eljegyz\u00e9sre is .<\/span><\/p>\n","protected":false},"featured_media":243977,"comment_status":"open","ping_status":"closed","template":"","meta":{"_acf_changed":false},"product_brand":[],"product_cat":[1917],"product_tag":[135,133,140,1310,1305],"class_list":{"0":"post-249518","1":"product","2":"type-product","3":"status-publish","4":"has-post-thumbnail","6":"product_cat-gyuru","7":"product_tag-eljegyzes","8":"product_tag-noi","9":"product_tag-meretezheto","10":"product_tag-feher-gyemant","11":"product_tag-feher-arany","12":"pa_kollekcio-exkluziv-ekszerek","13":"pa_marka-le-lune-diamonds","14":"pa_meret-183","15":"pa_otvozet-finomsaga-143","16":"pa_suly-28-gr","18":"first","19":"instock","20":"sale","21":"taxable","22":"shipping-taxable","23":"purchasable","24":"product-type-simple"},"acf":[],"_links":{"self":[{"href":"https:\/\/gyemantekszer.com\/en\/wp-json\/wp\/v2\/product\/249518","targetHints":{"allow":["GET"]}}],"collection":[{"href":"https:\/\/gyemantekszer.com\/en\/wp-json\/wp\/v2\/product"}],"about":[{"href":"https:\/\/gyemantekszer.com\/en\/wp-json\/wp\/v2\/types\/product"}],"replies":[{"embeddable":true,"href":"https:\/\/gyemantekszer.com\/en\/wp-json\/wp\/v2\/comments?post=249518"}],"wp:featuredmedia":[{"embeddable":true,"href":"https:\/\/gyemantekszer.com\/en\/wp-json\/wp\/v2\/media\/243977"}],"wp:attachment":[{"href":"https:\/\/gyemantekszer.com\/en\/wp-json\/wp\/v2\/media?parent=249518"}],"wp:term":[{"taxonomy":"product_brand","embeddable":true,"href":"https:\/\/gyemantekszer.com\/en\/wp-json\/wp\/v2\/product_brand?post=249518"},{"taxonomy":"product_cat","embeddable":true,"href":"https:\/\/gyemantekszer.com\/en\/wp-json\/wp\/v2\/product_cat?post=249518"},{"taxonomy":"product_tag","embeddable":true,"href":"https:\/\/gyemantekszer.com\/en\/wp-json\/wp\/v2\/product_tag?post=249518"}],"curies":[{"name":"wp","href":"https:\/\/api.w.org\/{rel}","templated":true}]}}