{"id":249509,"date":"2024-05-24T10:03:03","date_gmt":"2024-05-24T08:03:03","guid":{"rendered":"https:\/\/gyemantekszer.com\/termek\/lenti-villasco-radiosa-gyemant-fulbevalo\/"},"modified":"2025-09-29T13:06:40","modified_gmt":"2025-09-29T11:06:40","slug":"lenti-villasco-radiosa-gyemant-fulbevalo","status":"publish","type":"product","link":"https:\/\/gyemantekszer.com\/en\/product\/lenti-villasco-radiosa-gyemant-fulbevalo\/","title":{"rendered":"LENTI &#038; VILLASCO &#8211; Radiosa Gy\u00e9m\u00e1nt f\u00fclbeval\u00f3"},"content":{"rendered":"","protected":false},"excerpt":{"rendered":"<p>Ez az exkl\u00faz\u00edv gy\u00e9m\u00e1nt f\u00fclbeval\u00f3 ugyancsak egy k\u00fcl\u00f6nleges egyedi tervez\u00e9s a LENTI &amp; VILLASCO-t\u00f3l. A s\u00e1rga aranyb\u00f3l k\u00e9sz\u00fclt f\u00fclbeval\u00f3n egy gy\u00f6ny\u00f6r\u0171 szitak\u00f6t\u0151 mot\u00edvum van, amelyet s\u00e1rga \u00e9s feh\u00e9r gy\u00e9m\u00e1ntok d\u00edsztenek. B\u00e1rmilyen k\u00fcl\u00f6nleges esem\u00e9nyre aj\u00e1nljuk.<\/p>\n<p>Az olasz Piero Lenti \u00e9s Osvaldo Villasco \u00e1ltal alap\u00edtott LENTI &amp; VILLASCO t\u00f6bb mint f\u00e9l \u00e9vsz\u00e1zada k\u00e9sz\u00edt \u00e9s gy\u00e1rt kiv\u00e1l\u00f3 min\u0151s\u00e9g\u0171 \u00e9kszereket. Az a t\u00f6rekv\u00e9s, hogy minden apr\u00f3 r\u00e9szlet\u00e9ben kifog\u00e1stalan kivitelez\u00e9s\u0171 \u00e9kszereket tervezzen, a c\u00e9g f\u0151 k\u00fcldet\u00e9s\u00e9v\u00e9 v\u00e1lt.<\/p>\n","protected":false},"featured_media":243957,"comment_status":"open","ping_status":"open","template":"","meta":{"_acf_changed":false},"product_brand":[],"product_cat":[1918],"product_tag":[133,1929,1310,1307],"class_list":{"0":"post-249509","1":"product","2":"type-product","3":"status-publish","4":"has-post-thumbnail","6":"product_cat-fulbevalo","7":"product_tag-noi","8":"product_tag-sarga-gyemant","9":"product_tag-feher-gyemant","10":"product_tag-sarga-arany","11":"pa_kollekcio-exkluziv-ekszerek","12":"pa_marka-lenti-villasco","13":"pa_otvozet-finomsaga-143","14":"pa_suly-34-gr","15":"pa_zarak-beakasztos-hagyomanyos-patent-zar","17":"first","18":"instock","19":"taxable","20":"shipping-taxable","21":"purchasable","22":"product-type-simple"},"acf":[],"_links":{"self":[{"href":"https:\/\/gyemantekszer.com\/en\/wp-json\/wp\/v2\/product\/249509","targetHints":{"allow":["GET"]}}],"collection":[{"href":"https:\/\/gyemantekszer.com\/en\/wp-json\/wp\/v2\/product"}],"about":[{"href":"https:\/\/gyemantekszer.com\/en\/wp-json\/wp\/v2\/types\/product"}],"replies":[{"embeddable":true,"href":"https:\/\/gyemantekszer.com\/en\/wp-json\/wp\/v2\/comments?post=249509"}],"wp:featuredmedia":[{"embeddable":true,"href":"https:\/\/gyemantekszer.com\/en\/wp-json\/wp\/v2\/media\/243957"}],"wp:attachment":[{"href":"https:\/\/gyemantekszer.com\/en\/wp-json\/wp\/v2\/media?parent=249509"}],"wp:term":[{"taxonomy":"product_brand","embeddable":true,"href":"https:\/\/gyemantekszer.com\/en\/wp-json\/wp\/v2\/product_brand?post=249509"},{"taxonomy":"product_cat","embeddable":true,"href":"https:\/\/gyemantekszer.com\/en\/wp-json\/wp\/v2\/product_cat?post=249509"},{"taxonomy":"product_tag","embeddable":true,"href":"https:\/\/gyemantekszer.com\/en\/wp-json\/wp\/v2\/product_tag?post=249509"}],"curies":[{"name":"wp","href":"https:\/\/api.w.org\/{rel}","templated":true}]}}